{"id":2810,"date":"2022-05-21T14:23:56","date_gmt":"2022-05-21T14:23:56","guid":{"rendered":"https:\/\/nousespais.es\/assessorament-rehabilitacio\/"},"modified":"2022-05-30T10:05:54","modified_gmt":"2022-05-30T10:05:54","slug":"assessorament-rehabilitacio","status":"publish","type":"page","link":"https:\/\/nousespais.es\/va\/assessorament-rehabilitacio\/","title":{"rendered":"Assessorament rehabilitaci\u00f3"},"content":{"rendered":"\t\t<div data-elementor-type=\"wp-page\" data-elementor-id=\"2810\" class=\"elementor elementor-2810\" data-elementor-post-type=\"page\">\n\t\t\t\t\t\t<section class=\"elementor-section elementor-top-section elementor-element elementor-element-379b0f66 elementor-section-boxed elementor-section-height-default elementor-section-height-default\" data-id=\"379b0f66\" data-element_type=\"section\">\n\t\t\t\t\t\t<div class=\"elementor-container elementor-column-gap-default\">\n\t\t\t\t\t<div class=\"elementor-column elementor-col-100 elementor-top-column elementor-element elementor-element-186aac47\" data-id=\"186aac47\" data-element_type=\"column\">\n\t\t\t<div class=\"elementor-widget-wrap elementor-element-populated\">\n\t\t\t\t\t\t<div class=\"elementor-element elementor-element-7fe01e96 elementor-widget elementor-widget-heading\" data-id=\"7fe01e96\" data-element_type=\"widget\" data-widget_type=\"heading.default\">\n\t\t\t\t<div class=\"elementor-widget-container\">\n\t\t\t\t\t<h2 class=\"elementor-heading-title elementor-size-default\">Assessorament t\u00e8cnic al ciutad\u00e0 per a la ejecuci\u00f3 d'obres de rehabilitaci\u00f3 i reforma<\/h2>\t\t\t\t<\/div>\n\t\t\t\t<\/div>\n\t\t\t\t<div class=\"elementor-element elementor-element-64fb377b elementor-widget elementor-widget-text-editor\" data-id=\"64fb377b\" data-element_type=\"widget\" data-widget_type=\"text-editor.default\">\n\t\t\t\t<div class=\"elementor-widget-container\">\n\t\t\t\t\t\t\t\t\t<p>Este servici pret\u00e9n <strong>fomentar les actuacions<\/strong> encaminades a la rehabilitaci\u00f3 i reforma de vivendes i xicotets locals, a fi d&#8217;adequar-los a la reglamentaci\u00f3 vigent en mat\u00e8ria d&#8217;accessibilitat i efici\u00e8ncia energ\u00e8tica. En este sentit es posa a disposici\u00f3 del ciutad\u00e0 un servici <strong>d&#8217;assessorament<\/strong><strong> t\u00e8cnic<\/strong> per a valorar les possibles vies d&#8217;intervenci\u00f3, el seu abast, l&#8217;estimaci\u00f3 de costos econ\u00f2mics, aix\u00ed com possibles subvencions que puguen obtindre&#8217;s per a sufragar les obres i la resta de gastos.<\/p><p>En esta l\u00ednia de treball, esta societat ha firmat un <strong>conveni<\/strong> amb la Conselleria d&#8217;Infraestructures, Territori i Medi Ambient, per a promoure activitats que fomenten la rehabilitaci\u00f3 del parc de vivendes de la localitat. <\/p><p>Este conveni s&#8217;articula entre <strong>l&#8217;Institut<\/strong><strong> Valenci\u00e0 de l&#8217;Edificaci\u00f3 (IVE)<\/strong>, per part del Consell, i <strong>Nous Espais Torrent, S.A.<\/strong>, empresa municipal de l&#8217;Ajuntament de Torrent; i establix el marc de col\u00b7laboraci\u00f3 entre les entitats, per a promoure i fomentar la rehabilitaci\u00f3 de vivendes. <\/p>\t\t\t\t\t\t\t\t<\/div>\n\t\t\t\t<\/div>\n\t\t\t\t\t<\/div>\n\t\t<\/div>\n\t\t\t\t\t<\/div>\n\t\t<\/section>\n\t\t\t\t<\/div>\n\t\t","protected":false},"excerpt":{"rendered":"<p>Assessorament t\u00e8cnic al ciutad\u00e0 per a la ejecuci\u00f3 d&#8217;obres de rehabilitaci\u00f3 i reforma Este servici pret\u00e9n fomentar les actuacions encaminades a la rehabilitaci\u00f3 i reforma de vivendes i xicotets locals, a fi d&#8217;adequar-los a la reglamentaci\u00f3 vigent en mat\u00e8ria d&#8217;accessibilitat i efici\u00e8ncia energ\u00e8tica. En este sentit es posa a disposici\u00f3 del ciutad\u00e0 un servici d&#8217;assessorament [&hellip;]<\/p>\n","protected":false},"author":1,"featured_media":0,"parent":0,"menu_order":0,"comment_status":"closed","ping_status":"closed","template":"elementor_header_footer","meta":{"_acf_changed":false,"footnotes":""},"class_list":["post-2810","page","type-page","status-publish","hentry"],"acf":[],"_links":{"self":[{"href":"https:\/\/nousespais.es\/va\/wp-json\/wp\/v2\/pages\/2810","targetHints":{"allow":["GET"]}}],"collection":[{"href":"https:\/\/nousespais.es\/va\/wp-json\/wp\/v2\/pages"}],"about":[{"href":"https:\/\/nousespais.es\/va\/wp-json\/wp\/v2\/types\/page"}],"author":[{"embeddable":true,"href":"https:\/\/nousespais.es\/va\/wp-json\/wp\/v2\/users\/1"}],"replies":[{"embeddable":true,"href":"https:\/\/nousespais.es\/va\/wp-json\/wp\/v2\/comments?post=2810"}],"version-history":[{"count":4,"href":"https:\/\/nousespais.es\/va\/wp-json\/wp\/v2\/pages\/2810\/revisions"}],"predecessor-version":[{"id":3708,"href":"https:\/\/nousespais.es\/va\/wp-json\/wp\/v2\/pages\/2810\/revisions\/3708"}],"wp:attachment":[{"href":"https:\/\/nousespais.es\/va\/wp-json\/wp\/v2\/media?parent=2810"}],"curies":[{"name":"wp","href":"https:\/\/api.w.org\/{rel}","templated":true}]}}