{"id":2812,"date":"2022-05-21T14:54:01","date_gmt":"2022-05-21T14:54:01","guid":{"rendered":"https:\/\/nousespais.es\/assessorament-ajudes-rehabilitacio\/"},"modified":"2022-11-15T11:49:52","modified_gmt":"2022-11-15T11:49:52","slug":"assessorament-ajudes-rehabilitacio","status":"publish","type":"page","link":"https:\/\/nousespais.es\/va\/assessorament-ajudes-rehabilitacio\/","title":{"rendered":"Assessorament Ajudes Rehabilitaci\u00f3"},"content":{"rendered":"\t\t<div data-elementor-type=\"wp-page\" data-elementor-id=\"2812\" class=\"elementor elementor-2812\" data-elementor-post-type=\"page\">\n\t\t\t\t\t\t<section class=\"elementor-section elementor-top-section elementor-element elementor-element-51021ac4 elementor-section-boxed elementor-section-height-default elementor-section-height-default\" data-id=\"51021ac4\" data-element_type=\"section\">\n\t\t\t\t\t\t<div class=\"elementor-container elementor-column-gap-default\">\n\t\t\t\t\t<div class=\"elementor-column elementor-col-100 elementor-top-column elementor-element elementor-element-32e3ddcb\" data-id=\"32e3ddcb\" data-element_type=\"column\">\n\t\t\t<div class=\"elementor-widget-wrap elementor-element-populated\">\n\t\t\t\t\t\t<div class=\"elementor-element elementor-element-1b5a9ca3 elementor-widget elementor-widget-heading\" data-id=\"1b5a9ca3\" data-element_type=\"widget\" data-widget_type=\"heading.default\">\n\t\t\t\t<div class=\"elementor-widget-container\">\n\t\t\t\t\t<h2 class=\"elementor-heading-title elementor-size-default\">Assessorament Ajudes Rehabilitaci\u00f3<\/h2>\t\t\t\t<\/div>\n\t\t\t\t<\/div>\n\t\t\t\t<section class=\"elementor-section elementor-inner-section elementor-element elementor-element-78783c32 elementor-section-content-middle elementor-section-boxed elementor-section-height-default elementor-section-height-default\" data-id=\"78783c32\" data-element_type=\"section\">\n\t\t\t\t\t\t<div class=\"elementor-container elementor-column-gap-default\">\n\t\t\t\t\t<div class=\"elementor-column elementor-col-50 elementor-inner-column elementor-element elementor-element-3ab69579\" data-id=\"3ab69579\" data-element_type=\"column\">\n\t\t\t<div class=\"elementor-widget-wrap elementor-element-populated\">\n\t\t\t\t\t\t<div class=\"elementor-element elementor-element-58403c23 elementor-widget elementor-widget-image\" data-id=\"58403c23\" data-element_type=\"widget\" data-widget_type=\"image.default\">\n\t\t\t\t<div class=\"elementor-widget-container\">\n\t\t\t\t\t\t\t\t\t\t\t\t\t\t\t<img fetchpriority=\"high\" decoding=\"async\" width=\"300\" height=\"200\" src=\"https:\/\/nousespais.es\/wp-content\/uploads\/2022\/10\/\u00bfEstas-buscando-ropa-deportiva1.png\" class=\"attachment-large size-large wp-image-8723\" alt=\"\" \/>\t\t\t\t\t\t\t\t\t\t\t\t\t\t\t<\/div>\n\t\t\t\t<\/div>\n\t\t\t\t\t<\/div>\n\t\t<\/div>\n\t\t\t\t<div class=\"elementor-column elementor-col-50 elementor-inner-column elementor-element elementor-element-21f8ef53\" data-id=\"21f8ef53\" data-element_type=\"column\">\n\t\t\t<div class=\"elementor-widget-wrap elementor-element-populated\">\n\t\t\t\t\t\t<div class=\"elementor-element elementor-element-1e452a6d elementor-widget elementor-widget-text-editor\" data-id=\"1e452a6d\" data-element_type=\"widget\" data-widget_type=\"text-editor.default\">\n\t\t\t\t<div class=\"elementor-widget-container\">\n\t\t\t\t\t\t\t\t\t<p>Des de Nous Espais Torrent, s&#8217;oferix a la ciutadania assessorament sobre les convocat\u00f2ries d&#8217;ajudes en vigor en mat\u00e8ria de rehabilitaci\u00f3: Quines obres s\u00f3n subvencionables, els requisits a complir, import de les ajudes, terminis a tindre en compte, aix\u00ed com li&#8217;ls oferix ajuda pr\u00e0ctica en la tramitaci\u00f3 administrativa dels expedients.<\/p>\n<p>Per a obtindre informaci\u00f3 m\u00e9s completa sobre el Pla d&#8217;Ajudas actual, puntxe en el seg\u00fcent enlla\u00e7. <strong><a href=\"https:\/\/xarxaloc.es\/ayudas-economicas\/\" target=\"_blank\" rel=\"noopener\">+info<\/a><\/strong>.<\/p><p>Per a obtindre informaci\u00f3 sobre les convocat\u00f2ries vigents de l&#8217;Ajuntament de Torrent en materia de Rehabilitaci\u00f3, puntxe en el seg\u00fcent enlla\u00e7.&nbsp;<a href=\"https:\/\/www.subvenciones.gob.es\/bdnstrans\/L462444\/es\/convocatorias\" target=\"_blank\" style=\"background-color: rgb(255, 255, 255);\"><b>+info<\/b><\/a><\/p>\t\t\t\t\t\t\t\t<\/div>\n\t\t\t\t<\/div>\n\t\t\t\t\t<\/div>\n\t\t<\/div>\n\t\t\t\t\t<\/div>\n\t\t<\/section>\n\t\t\t\t\t<\/div>\n\t\t<\/div>\n\t\t\t\t\t<\/div>\n\t\t<\/section>\n\t\t\t\t<\/div>\n\t\t","protected":false},"excerpt":{"rendered":"<p>Assessorament Ajudes Rehabilitaci\u00f3 Des de Nous Espais Torrent, s&#8217;oferix a la ciutadania assessorament sobre les convocat\u00f2ries d&#8217;ajudes en vigor en mat\u00e8ria de rehabilitaci\u00f3: Quines obres s\u00f3n subvencionables, els requisits a complir, import de les ajudes, terminis a tindre en compte, aix\u00ed com li&#8217;ls oferix ajuda pr\u00e0ctica en la tramitaci\u00f3 administrativa dels expedients. Per a obtindre [&hellip;]<\/p>\n","protected":false},"author":1,"featured_media":0,"parent":0,"menu_order":0,"comment_status":"closed","ping_status":"closed","template":"elementor_header_footer","meta":{"_acf_changed":false,"footnotes":""},"class_list":["post-2812","page","type-page","status-publish","hentry"],"acf":[],"_links":{"self":[{"href":"https:\/\/nousespais.es\/va\/wp-json\/wp\/v2\/pages\/2812","targetHints":{"allow":["GET"]}}],"collection":[{"href":"https:\/\/nousespais.es\/va\/wp-json\/wp\/v2\/pages"}],"about":[{"href":"https:\/\/nousespais.es\/va\/wp-json\/wp\/v2\/types\/page"}],"author":[{"embeddable":true,"href":"https:\/\/nousespais.es\/va\/wp-json\/wp\/v2\/users\/1"}],"replies":[{"embeddable":true,"href":"https:\/\/nousespais.es\/va\/wp-json\/wp\/v2\/comments?post=2812"}],"version-history":[{"count":8,"href":"https:\/\/nousespais.es\/va\/wp-json\/wp\/v2\/pages\/2812\/revisions"}],"predecessor-version":[{"id":8881,"href":"https:\/\/nousespais.es\/va\/wp-json\/wp\/v2\/pages\/2812\/revisions\/8881"}],"wp:attachment":[{"href":"https:\/\/nousespais.es\/va\/wp-json\/wp\/v2\/media?parent=2812"}],"curies":[{"name":"wp","href":"https:\/\/api.w.org\/{rel}","templated":true}]}}