{"id":2814,"date":"2022-05-21T14:33:58","date_gmt":"2022-05-21T14:33:58","guid":{"rendered":"https:\/\/nousespais.es\/assessorament-emprenedors\/"},"modified":"2022-06-01T09:01:56","modified_gmt":"2022-06-01T09:01:56","slug":"assessorament-emprenedors","status":"publish","type":"page","link":"https:\/\/nousespais.es\/va\/assessorament-emprenedors\/","title":{"rendered":"Assessorament emprenedors"},"content":{"rendered":"\t\t<div data-elementor-type=\"wp-page\" data-elementor-id=\"2814\" class=\"elementor elementor-2814\" data-elementor-post-type=\"page\">\n\t\t\t\t\t\t<section class=\"elementor-section elementor-top-section elementor-element elementor-element-30367731 elementor-section-boxed elementor-section-height-default elementor-section-height-default\" data-id=\"30367731\" data-element_type=\"section\">\n\t\t\t\t\t\t<div class=\"elementor-container elementor-column-gap-default\">\n\t\t\t\t\t<div class=\"elementor-column elementor-col-100 elementor-top-column elementor-element elementor-element-7b998b87\" data-id=\"7b998b87\" data-element_type=\"column\">\n\t\t\t<div class=\"elementor-widget-wrap elementor-element-populated\">\n\t\t\t\t\t\t<div class=\"elementor-element elementor-element-399eb9f1 elementor-widget elementor-widget-heading\" data-id=\"399eb9f1\" data-element_type=\"widget\" data-widget_type=\"heading.default\">\n\t\t\t\t<div class=\"elementor-widget-container\">\n\t\t\t\t\t<h2 class=\"elementor-heading-title elementor-size-default\">Assessorament emprenedors<\/h2>\t\t\t\t<\/div>\n\t\t\t\t<\/div>\n\t\t\t\t<div class=\"elementor-element elementor-element-72ab909d elementor-widget elementor-widget-text-editor\" data-id=\"72ab909d\" data-element_type=\"widget\" data-widget_type=\"text-editor.default\">\n\t\t\t\t<div class=\"elementor-widget-container\">\n\t\t\t\t\t\t\t\t\t<p>En coordinaci\u00f3 amb l&#8217;empresa municipal <em><strong>IDEAT<\/strong><\/em>, este servici pret\u00e9n assessorar i facilitar als emprenedors de Torrent sobre les gestions i tramitacions necess\u00e0ries per a iniciar una activitat.<\/p>\n<p>Des de Nous Espais s&#8217;oferix un assessorament <strong> t\u00e8cnic relacionat<\/strong>, principalment, amb les condicions <strong> b\u00e0siques<\/strong> i indispensables que ha de reunir un local en funci\u00f3 de l&#8217;activitat que es pretenga implantar, i complement\u00e0riament, s&#8217;informa sobre la<span style=\"text-decoration: underline;\"> <\/span>tramitaci\u00f3 administrativa oportuna per a autoritzar l&#8217;activitat i les obres necess\u00e0ries d&#8217;adequaci\u00f3 del local, si \u00e9s el cas, segons la reglamentaci\u00f3 vigent.<\/p>\t\t\t\t\t\t\t\t<\/div>\n\t\t\t\t<\/div>\n\t\t\t\t\t<\/div>\n\t\t<\/div>\n\t\t\t\t\t<\/div>\n\t\t<\/section>\n\t\t\t\t<\/div>\n\t\t","protected":false},"excerpt":{"rendered":"<p>Assessorament emprenedors En coordinaci\u00f3 amb l&#8217;empresa municipal IDEAT, este servici pret\u00e9n assessorar i facilitar als emprenedors de Torrent sobre les gestions i tramitacions necess\u00e0ries per a iniciar una activitat. Des de Nous Espais s&#8217;oferix un assessorament t\u00e8cnic relacionat, principalment, amb les condicions b\u00e0siques i indispensables que ha de reunir un local en funci\u00f3 de l&#8217;activitat [&hellip;]<\/p>\n","protected":false},"author":1,"featured_media":0,"parent":0,"menu_order":0,"comment_status":"closed","ping_status":"closed","template":"elementor_header_footer","meta":{"_acf_changed":false,"footnotes":""},"class_list":["post-2814","page","type-page","status-publish","hentry"],"acf":[],"_links":{"self":[{"href":"https:\/\/nousespais.es\/va\/wp-json\/wp\/v2\/pages\/2814","targetHints":{"allow":["GET"]}}],"collection":[{"href":"https:\/\/nousespais.es\/va\/wp-json\/wp\/v2\/pages"}],"about":[{"href":"https:\/\/nousespais.es\/va\/wp-json\/wp\/v2\/types\/page"}],"author":[{"embeddable":true,"href":"https:\/\/nousespais.es\/va\/wp-json\/wp\/v2\/users\/1"}],"replies":[{"embeddable":true,"href":"https:\/\/nousespais.es\/va\/wp-json\/wp\/v2\/comments?post=2814"}],"version-history":[{"count":10,"href":"https:\/\/nousespais.es\/va\/wp-json\/wp\/v2\/pages\/2814\/revisions"}],"predecessor-version":[{"id":4946,"href":"https:\/\/nousespais.es\/va\/wp-json\/wp\/v2\/pages\/2814\/revisions\/4946"}],"wp:attachment":[{"href":"https:\/\/nousespais.es\/va\/wp-json\/wp\/v2\/media?parent=2814"}],"curies":[{"name":"wp","href":"https:\/\/api.w.org\/{rel}","templated":true}]}}