{"id":2817,"date":"2022-05-20T13:29:03","date_gmt":"2022-05-20T13:29:03","guid":{"rendered":"https:\/\/nousespais.es\/nous-espais-torrent\/"},"modified":"2022-07-11T15:52:28","modified_gmt":"2022-07-11T15:52:28","slug":"nous-espais-torrent","status":"publish","type":"page","link":"https:\/\/nousespais.es\/va\/nous-espais-torrent\/","title":{"rendered":"Nous Espais Torrent"},"content":{"rendered":"\t\t<div data-elementor-type=\"wp-page\" data-elementor-id=\"2817\" class=\"elementor elementor-2817\" data-elementor-post-type=\"page\">\n\t\t\t\t\t\t<section class=\"elementor-section elementor-top-section elementor-element elementor-element-aad6a49 elementor-section-boxed elementor-section-height-default elementor-section-height-default\" data-id=\"aad6a49\" data-element_type=\"section\">\n\t\t\t\t\t\t<div class=\"elementor-container elementor-column-gap-default\">\n\t\t\t\t\t<div class=\"elementor-column elementor-col-100 elementor-top-column elementor-element elementor-element-63c666f\" data-id=\"63c666f\" data-element_type=\"column\">\n\t\t\t<div class=\"elementor-widget-wrap elementor-element-populated\">\n\t\t\t\t\t\t<div class=\"elementor-element elementor-element-7722a75 elementor-widget elementor-widget-heading\" data-id=\"7722a75\" data-element_type=\"widget\" data-widget_type=\"heading.default\">\n\t\t\t\t<div class=\"elementor-widget-container\">\n\t\t\t\t\t<h2 class=\"elementor-heading-title elementor-size-default\">Nous Espais Torrent<\/h2>\t\t\t\t<\/div>\n\t\t\t\t<\/div>\n\t\t\t\t\t<\/div>\n\t\t<\/div>\n\t\t\t\t\t<\/div>\n\t\t<\/section>\n\t\t\t\t<section class=\"elementor-section elementor-top-section elementor-element elementor-element-3571abc5 elementor-section-boxed elementor-section-height-default elementor-section-height-default\" data-id=\"3571abc5\" data-element_type=\"section\">\n\t\t\t\t\t\t<div class=\"elementor-container elementor-column-gap-default\">\n\t\t\t\t\t<div class=\"elementor-column elementor-col-20 elementor-top-column elementor-element elementor-element-3600a1e8\" data-id=\"3600a1e8\" data-element_type=\"column\">\n\t\t\t<div class=\"elementor-widget-wrap elementor-element-populated\">\n\t\t\t\t\t\t<div class=\"elementor-element elementor-element-1f1f344c elementor-widget elementor-widget-image\" data-id=\"1f1f344c\" data-element_type=\"widget\" data-widget_type=\"image.default\">\n\t\t\t\t<div class=\"elementor-widget-container\">\n\t\t\t\t\t\t\t\t\t\t\t\t\t\t\t\t<a href=\"https:\/\/nousespais.es\/va\/nous-espais-torrent\/\">\n\t\t\t\t\t\t\t<img fetchpriority=\"high\" decoding=\"async\" width=\"254\" height=\"254\" src=\"https:\/\/nousespais.es\/wp-content\/uploads\/2022\/07\/Grupo-838@2x.png.webp\" class=\"attachment-large size-large wp-image-7761\" alt=\"\" srcset=\"https:\/\/nousespais.es\/wp-content\/uploads\/2022\/07\/Grupo-838@2x.png.webp 254w, https:\/\/nousespais.es\/wp-content\/uploads\/2022\/07\/Grupo-838@2x.png-150x150.webp 150w\" sizes=\"(max-width: 254px) 100vw, 254px\" \/>\t\t\t\t\t\t\t\t<\/a>\n\t\t\t\t\t\t\t\t\t\t\t\t\t\t\t<\/div>\n\t\t\t\t<\/div>\n\t\t\t\t<div class=\"elementor-element elementor-element-2b1250e elementor-widget elementor-widget-heading\" data-id=\"2b1250e\" data-element_type=\"widget\" data-widget_type=\"heading.default\">\n\t\t\t\t<div class=\"elementor-widget-container\">\n\t\t\t\t\t<h3 class=\"elementor-heading-title elementor-size-default\"><a href=\"https:\/\/nousespais.es\/va\/nous-espais-torrent\/\">Nous Espais Torrent<\/a><\/h3>\t\t\t\t<\/div>\n\t\t\t\t<\/div>\n\t\t\t\t\t<\/div>\n\t\t<\/div>\n\t\t\t\t<div class=\"elementor-column elementor-col-20 elementor-top-column elementor-element elementor-element-6fa97582\" data-id=\"6fa97582\" data-element_type=\"column\">\n\t\t\t<div class=\"elementor-widget-wrap elementor-element-populated\">\n\t\t\t\t\t\t<div class=\"elementor-element elementor-element-5e40b1fe elementor-widget elementor-widget-image\" data-id=\"5e40b1fe\" data-element_type=\"widget\" data-widget_type=\"image.default\">\n\t\t\t\t<div class=\"elementor-widget-container\">\n\t\t\t\t\t\t\t\t\t\t\t\t\t\t\t\t<a href=\"https:\/\/nousespais.es\/va\/objecte-social\/\">\n\t\t\t\t\t\t\t<img decoding=\"async\" width=\"127\" height=\"127\" src=\"https:\/\/nousespais.es\/wp-content\/uploads\/2022\/07\/Grupo-699-10.svg\" class=\"attachment-full size-full wp-image-7763\" alt=\"\" \/>\t\t\t\t\t\t\t\t<\/a>\n\t\t\t\t\t\t\t\t\t\t\t\t\t\t\t<\/div>\n\t\t\t\t<\/div>\n\t\t\t\t<div class=\"elementor-element elementor-element-ce3a940 elementor-widget elementor-widget-heading\" data-id=\"ce3a940\" data-element_type=\"widget\" data-widget_type=\"heading.default\">\n\t\t\t\t<div class=\"elementor-widget-container\">\n\t\t\t\t\t<h3 class=\"elementor-heading-title elementor-size-default\"><a href=\"https:\/\/nousespais.es\/va\/objecte-social\/\">Objecte social<\/a><\/h3>\t\t\t\t<\/div>\n\t\t\t\t<\/div>\n\t\t\t\t\t<\/div>\n\t\t<\/div>\n\t\t\t\t<div class=\"elementor-column elementor-col-20 elementor-top-column elementor-element elementor-element-1c7bb75c\" data-id=\"1c7bb75c\" data-element_type=\"column\">\n\t\t\t<div class=\"elementor-widget-wrap elementor-element-populated\">\n\t\t\t\t\t\t<div class=\"elementor-element elementor-element-1f3c9ed9 elementor-widget elementor-widget-image\" data-id=\"1f3c9ed9\" data-element_type=\"widget\" data-widget_type=\"image.default\">\n\t\t\t\t<div class=\"elementor-widget-container\">\n\t\t\t\t\t\t\t\t\t\t\t\t\t\t\t\t<a href=\"https:\/\/nousespais.es\/va\/junta-general\/\">\n\t\t\t\t\t\t\t<img decoding=\"async\" width=\"127\" height=\"127\" src=\"https:\/\/nousespais.es\/wp-content\/uploads\/2022\/07\/Grupo-844.svg\" class=\"attachment-large size-large wp-image-7769\" alt=\"\" \/>\t\t\t\t\t\t\t\t<\/a>\n\t\t\t\t\t\t\t\t\t\t\t\t\t\t\t<\/div>\n\t\t\t\t<\/div>\n\t\t\t\t<div class=\"elementor-element elementor-element-7f7cbe3c elementor-widget elementor-widget-heading\" data-id=\"7f7cbe3c\" data-element_type=\"widget\" data-widget_type=\"heading.default\">\n\t\t\t\t<div class=\"elementor-widget-container\">\n\t\t\t\t\t<h3 class=\"elementor-heading-title elementor-size-default\"><a href=\"https:\/\/nousespais.es\/va\/junta-general\/\">Junta General<\/a><\/h3>\t\t\t\t<\/div>\n\t\t\t\t<\/div>\n\t\t\t\t\t<\/div>\n\t\t<\/div>\n\t\t\t\t<div class=\"elementor-column elementor-col-20 elementor-top-column elementor-element elementor-element-5995d91b\" data-id=\"5995d91b\" data-element_type=\"column\">\n\t\t\t<div class=\"elementor-widget-wrap elementor-element-populated\">\n\t\t\t\t\t\t<div class=\"elementor-element elementor-element-17b0fe7c elementor-widget elementor-widget-image\" data-id=\"17b0fe7c\" data-element_type=\"widget\" data-widget_type=\"image.default\">\n\t\t\t\t<div class=\"elementor-widget-container\">\n\t\t\t\t\t\t\t\t\t\t\t\t\t\t\t\t<a href=\"https:\/\/nousespais.es\/va\/consell-dadministracio\/\">\n\t\t\t\t\t\t\t<img loading=\"lazy\" decoding=\"async\" width=\"127\" height=\"127\" src=\"https:\/\/nousespais.es\/wp-content\/uploads\/2022\/07\/Grupo-842.svg\" class=\"attachment-large size-large wp-image-7767\" alt=\"\" \/>\t\t\t\t\t\t\t\t<\/a>\n\t\t\t\t\t\t\t\t\t\t\t\t\t\t\t<\/div>\n\t\t\t\t<\/div>\n\t\t\t\t<div class=\"elementor-element elementor-element-6e841fc4 elementor-widget elementor-widget-heading\" data-id=\"6e841fc4\" data-element_type=\"widget\" data-widget_type=\"heading.default\">\n\t\t\t\t<div class=\"elementor-widget-container\">\n\t\t\t\t\t<h3 class=\"elementor-heading-title elementor-size-default\"><a href=\"https:\/\/nousespais.es\/va\/consell-dadministracio\/\">Consell d'administraci\u00f3<\/a><\/h3>\t\t\t\t<\/div>\n\t\t\t\t<\/div>\n\t\t\t\t\t<\/div>\n\t\t<\/div>\n\t\t\t\t<div class=\"elementor-column elementor-col-20 elementor-top-column elementor-element elementor-element-59fb5f35\" data-id=\"59fb5f35\" data-element_type=\"column\">\n\t\t\t<div class=\"elementor-widget-wrap elementor-element-populated\">\n\t\t\t\t\t\t<div class=\"elementor-element elementor-element-1d8084f0 elementor-widget elementor-widget-image\" data-id=\"1d8084f0\" data-element_type=\"widget\" data-widget_type=\"image.default\">\n\t\t\t\t<div class=\"elementor-widget-container\">\n\t\t\t\t\t\t\t\t\t\t\t\t\t\t\t\t<a href=\"https:\/\/nousespais.es\/va\/seu-social\/\">\n\t\t\t\t\t\t\t<img decoding=\"async\" src=\"https:\/\/nousespais.es\/wp-content\/uploads\/2022\/07\/Grupo-841.svg\" title=\"Grupo-841\" alt=\"Grupo-841\" loading=\"lazy\" \/>\t\t\t\t\t\t\t\t<\/a>\n\t\t\t\t\t\t\t\t\t\t\t\t\t\t\t<\/div>\n\t\t\t\t<\/div>\n\t\t\t\t<div class=\"elementor-element elementor-element-15759ec3 elementor-widget elementor-widget-heading\" data-id=\"15759ec3\" data-element_type=\"widget\" data-widget_type=\"heading.default\">\n\t\t\t\t<div class=\"elementor-widget-container\">\n\t\t\t\t\t<h3 class=\"elementor-heading-title elementor-size-default\"><a href=\"https:\/\/nousespais.es\/va\/seu-social\/\">Seu social<\/a><\/h3>\t\t\t\t<\/div>\n\t\t\t\t<\/div>\n\t\t\t\t\t<\/div>\n\t\t<\/div>\n\t\t\t\t\t<\/div>\n\t\t<\/section>\n\t\t\t\t<section class=\"elementor-section elementor-top-section elementor-element elementor-element-3a85dff elementor-section-boxed elementor-section-height-default elementor-section-height-default\" data-id=\"3a85dff\" data-element_type=\"section\">\n\t\t\t\t\t\t<div class=\"elementor-container elementor-column-gap-default\">\n\t\t\t\t\t<div class=\"elementor-column elementor-col-33 elementor-top-column elementor-element elementor-element-3a0513c\" data-id=\"3a0513c\" data-element_type=\"column\">\n\t\t\t<div class=\"elementor-widget-wrap elementor-element-populated\">\n\t\t\t\t\t\t<div class=\"elementor-element elementor-element-5ab336b elementor-widget elementor-widget-image\" data-id=\"5ab336b\" data-element_type=\"widget\" data-widget_type=\"image.default\">\n\t\t\t\t<div class=\"elementor-widget-container\">\n\t\t\t\t\t\t\t\t\t\t\t\t\t\t\t\t<a href=\"https:\/\/nousespais.es\/va\/historia\/\">\n\t\t\t\t\t\t\t<img loading=\"lazy\" decoding=\"async\" width=\"150\" height=\"150\" src=\"https:\/\/nousespais.es\/wp-content\/uploads\/2022\/05\/Diseno_sin_titulo-removebg-preview.png\" class=\"attachment-large size-large wp-image-2008\" alt=\"\" \/>\t\t\t\t\t\t\t\t<\/a>\n\t\t\t\t\t\t\t\t\t\t\t\t\t\t\t<\/div>\n\t\t\t\t<\/div>\n\t\t\t\t<div class=\"elementor-element elementor-element-bc614bb elementor-widget elementor-widget-heading\" data-id=\"bc614bb\" data-element_type=\"widget\" data-widget_type=\"heading.default\">\n\t\t\t\t<div class=\"elementor-widget-container\">\n\t\t\t\t\t<h3 class=\"elementor-heading-title elementor-size-default\"><a href=\"https:\/\/nousespais.es\/va\/historia\/\">Hist\u00f2ria<\/a><\/h3>\t\t\t\t<\/div>\n\t\t\t\t<\/div>\n\t\t\t\t\t<\/div>\n\t\t<\/div>\n\t\t\t\t<div class=\"elementor-column elementor-col-33 elementor-top-column elementor-element elementor-element-24ea118\" data-id=\"24ea118\" data-element_type=\"column\">\n\t\t\t<div class=\"elementor-widget-wrap elementor-element-populated\">\n\t\t\t\t\t\t<div class=\"elementor-element elementor-element-3186c95 elementor-widget elementor-widget-image\" data-id=\"3186c95\" data-element_type=\"widget\" data-widget_type=\"image.default\">\n\t\t\t\t<div class=\"elementor-widget-container\">\n\t\t\t\t\t\t\t\t\t\t\t\t\t\t\t\t<a href=\"https:\/\/nousespais.es\/va\/portal-transparencia\/\">\n\t\t\t\t\t\t\t<img loading=\"lazy\" decoding=\"async\" width=\"150\" height=\"150\" src=\"https:\/\/nousespais.es\/wp-content\/uploads\/2022\/05\/1-removebg-preview.png\" class=\"attachment-large size-large wp-image-2007\" alt=\"\" \/>\t\t\t\t\t\t\t\t<\/a>\n\t\t\t\t\t\t\t\t\t\t\t\t\t\t\t<\/div>\n\t\t\t\t<\/div>\n\t\t\t\t<div class=\"elementor-element elementor-element-4c7510b elementor-widget elementor-widget-heading\" data-id=\"4c7510b\" data-element_type=\"widget\" data-widget_type=\"heading.default\">\n\t\t\t\t<div class=\"elementor-widget-container\">\n\t\t\t\t\t<h3 class=\"elementor-heading-title elementor-size-default\"><a href=\"https:\/\/nousespais.es\/va\/portal-transparencia\/\">Transpar\u00e8ncia<\/a><\/h3>\t\t\t\t<\/div>\n\t\t\t\t<\/div>\n\t\t\t\t\t<\/div>\n\t\t<\/div>\n\t\t\t\t<div class=\"elementor-column elementor-col-33 elementor-top-column elementor-element elementor-element-55feda5\" data-id=\"55feda5\" data-element_type=\"column\">\n\t\t\t<div class=\"elementor-widget-wrap elementor-element-populated\">\n\t\t\t\t\t\t<div class=\"elementor-element elementor-element-313cee5 elementor-widget elementor-widget-image\" data-id=\"313cee5\" data-element_type=\"widget\" data-widget_type=\"image.default\">\n\t\t\t\t<div class=\"elementor-widget-container\">\n\t\t\t\t\t\t\t\t\t\t\t\t\t\t\t\t<a href=\"https:\/\/nousespais.es\/va\/principis\/\">\n\t\t\t\t\t\t\t<img loading=\"lazy\" decoding=\"async\" width=\"150\" height=\"150\" src=\"https:\/\/nousespais.es\/wp-content\/uploads\/2022\/05\/4-removebg-preview.png\" class=\"attachment-large size-large wp-image-2006\" alt=\"\" \/>\t\t\t\t\t\t\t\t<\/a>\n\t\t\t\t\t\t\t\t\t\t\t\t\t\t\t<\/div>\n\t\t\t\t<\/div>\n\t\t\t\t<div class=\"elementor-element elementor-element-ac4fd59 elementor-widget elementor-widget-heading\" data-id=\"ac4fd59\" data-element_type=\"widget\" data-widget_type=\"heading.default\">\n\t\t\t\t<div class=\"elementor-widget-container\">\n\t\t\t\t\t<h3 class=\"elementor-heading-title elementor-size-default\"><a href=\"https:\/\/nousespais.es\/va\/principis\/\">Principis<\/a><\/h3>\t\t\t\t<\/div>\n\t\t\t\t<\/div>\n\t\t\t\t\t<\/div>\n\t\t<\/div>\n\t\t\t\t\t<\/div>\n\t\t<\/section>\n\t\t\t\t<section class=\"elementor-section elementor-top-section elementor-element elementor-element-5dd507c elementor-section-boxed elementor-section-height-default elementor-section-height-default\" data-id=\"5dd507c\" data-element_type=\"section\">\n\t\t\t\t\t\t<div class=\"elementor-container elementor-column-gap-default\">\n\t\t\t\t\t<div class=\"elementor-column elementor-col-100 elementor-top-column elementor-element elementor-element-47fe06a\" data-id=\"47fe06a\" data-element_type=\"column\">\n\t\t\t<div class=\"elementor-widget-wrap elementor-element-populated\">\n\t\t\t\t\t\t<section class=\"elementor-section elementor-inner-section elementor-element elementor-element-a624a6e elementor-section-content-middle elementor-section-boxed elementor-section-height-default elementor-section-height-default\" data-id=\"a624a6e\" data-element_type=\"section\">\n\t\t\t\t\t\t<div class=\"elementor-container elementor-column-gap-default\">\n\t\t\t\t\t<div class=\"elementor-column elementor-col-100 elementor-inner-column elementor-element elementor-element-0d17a67\" data-id=\"0d17a67\" data-element_type=\"column\">\n\t\t\t<div class=\"elementor-widget-wrap elementor-element-populated\">\n\t\t\t\t\t\t<div class=\"elementor-element elementor-element-90852cf elementor-widget elementor-widget-text-editor\" data-id=\"90852cf\" data-element_type=\"widget\" data-widget_type=\"text-editor.default\">\n\t\t\t\t<div class=\"elementor-widget-container\">\n\t\t\t\t\t\t\t\t\t<p>Nous Espais Torrent, SA \u00e9s una empresa p\u00fablica municipal, de car\u00e0cter unipersonal i mitj\u00e0 propi del seu soci \u00fanic l&#8217;Ajuntament de Torrent. <\/p><p>constitu\u00efda el novembre de 1999, amb capital \u00edntegrament municipal, ha desenvolupat des de tal data diferents projectes i gestions, sent una eina \u00e0gil i molt \u00fatil per al consistori torrent\u00ed per l&#8217;envergadura dels seus projectes, per l&#8217;inter\u00e8s social dels serveis que presta a la ciutadania i per l&#8217;efic\u00e0cia en la gesti\u00f3.<\/p><p>Nous Espais Torrent, S.A. desenvolupa la seva activitat p\u00fablica empresarial de forma coordinada amb els serveis municipals de l&#8217;Ajuntament de Torrent per tal de prioritzar situar la ciutat a l&#8217;al\u00e7ada de les grans ciutats de la nostra geografia dotant els seus ciutadans la major qualitat de vida desitjable i possible.<\/p><p>Com a empresa instrumental de l&#8217;Ajuntament de Torrent, gestiona i executa qualsevol projecte que aquell li encomani, dins del seu objecte social, en la l\u00ednia de fer de Torrent, com a ciutat harmoniosa en la conviv\u00e8ncia ciutadana i respectuosa amb el medi ambient que \u00e9s, un poble en continu creixement i desenvolupament amb l&#8217;ineludible i necessari acoblament a l&#8217;entorn i la realitat vital dels seus propis ve\u00efns. <\/p><p>Ubicades les seves depend\u00e8ncies al centre hist\u00f2ric de la ciutat, davant de l&#8217;emblem\u00e0tica Torre, les seves oficines estan obertes als ciutadans per a la consulta i gesti\u00f3 de diferents tr\u00e0mits, principalment pel que fa a habitatge, jardineria i urbanisme, estenent la seva activitat a un variat cat\u00e0leg de serveis dinter\u00e8s col\u00b7lectiu ciutad\u00e0.<\/p>\t\t\t\t\t\t\t\t<\/div>\n\t\t\t\t<\/div>\n\t\t\t\t\t<\/div>\n\t\t<\/div>\n\t\t\t\t\t<\/div>\n\t\t<\/section>\n\t\t\t\t\t<\/div>\n\t\t<\/div>\n\t\t\t\t\t<\/div>\n\t\t<\/section>\n\t\t\t\t<\/div>\n\t\t","protected":false},"excerpt":{"rendered":"<p>Nous Espais Torrent Nous Espais Torrent Objecte social Junta General Consell d&#8217;administraci\u00f3 Seu social Hist\u00f2ria Transpar\u00e8ncia Principis Nous Espais Torrent, SA \u00e9s una empresa p\u00fablica municipal, de car\u00e0cter unipersonal i mitj\u00e0 propi del seu soci \u00fanic l&#8217;Ajuntament de Torrent. constitu\u00efda el novembre de 1999, amb capital \u00edntegrament municipal, ha desenvolupat des de tal data diferents [&hellip;]<\/p>\n","protected":false},"author":1,"featured_media":0,"parent":0,"menu_order":0,"comment_status":"closed","ping_status":"closed","template":"elementor_header_footer","meta":{"_acf_changed":false,"footnotes":""},"class_list":["post-2817","page","type-page","status-publish","hentry"],"acf":[],"_links":{"self":[{"href":"https:\/\/nousespais.es\/va\/wp-json\/wp\/v2\/pages\/2817","targetHints":{"allow":["GET"]}}],"collection":[{"href":"https:\/\/nousespais.es\/va\/wp-json\/wp\/v2\/pages"}],"about":[{"href":"https:\/\/nousespais.es\/va\/wp-json\/wp\/v2\/types\/page"}],"author":[{"embeddable":true,"href":"https:\/\/nousespais.es\/va\/wp-json\/wp\/v2\/users\/1"}],"replies":[{"embeddable":true,"href":"https:\/\/nousespais.es\/va\/wp-json\/wp\/v2\/comments?post=2817"}],"version-history":[{"count":12,"href":"https:\/\/nousespais.es\/va\/wp-json\/wp\/v2\/pages\/2817\/revisions"}],"predecessor-version":[{"id":7783,"href":"https:\/\/nousespais.es\/va\/wp-json\/wp\/v2\/pages\/2817\/revisions\/7783"}],"wp:attachment":[{"href":"https:\/\/nousespais.es\/va\/wp-json\/wp\/v2\/media?parent=2817"}],"curies":[{"name":"wp","href":"https:\/\/api.w.org\/{rel}","templated":true}]}}