{"id":2820,"date":"2022-05-21T18:27:33","date_gmt":"2022-05-21T18:27:33","guid":{"rendered":"https:\/\/nousespais.es\/portal-transparencia\/"},"modified":"2022-09-15T12:02:38","modified_gmt":"2022-09-15T12:02:38","slug":"portal-transparencia","status":"publish","type":"page","link":"https:\/\/nousespais.es\/va\/portal-transparencia\/","title":{"rendered":"Portal Transpar\u00e8ncia"},"content":{"rendered":"\t\t<div data-elementor-type=\"wp-page\" data-elementor-id=\"2820\" class=\"elementor elementor-2820\" data-elementor-post-type=\"page\">\n\t\t\t\t\t\t<section class=\"elementor-section elementor-top-section elementor-element elementor-element-1d84eaa9 elementor-section-boxed elementor-section-height-default elementor-section-height-default\" data-id=\"1d84eaa9\" data-element_type=\"section\">\n\t\t\t\t\t\t<div class=\"elementor-container elementor-column-gap-default\">\n\t\t\t\t\t<div class=\"elementor-column elementor-col-100 elementor-top-column elementor-element elementor-element-78b33a65\" data-id=\"78b33a65\" data-element_type=\"column\">\n\t\t\t<div class=\"elementor-widget-wrap elementor-element-populated\">\n\t\t\t\t\t\t<div class=\"elementor-element elementor-element-93d003f elementor-widget elementor-widget-heading\" data-id=\"93d003f\" data-element_type=\"widget\" data-widget_type=\"heading.default\">\n\t\t\t\t<div class=\"elementor-widget-container\">\n\t\t\t\t\t<h2 class=\"elementor-heading-title elementor-size-default\">PORTAL DE TRANSPAR\u00c8NCIA DE NOUS ESPAIS TORRENT S.A.<\/h2>\t\t\t\t<\/div>\n\t\t\t\t<\/div>\n\t\t\t\t<div class=\"elementor-element elementor-element-24222a86 elementor-widget elementor-widget-text-editor\" data-id=\"24222a86\" data-element_type=\"widget\" data-widget_type=\"text-editor.default\">\n\t\t\t\t<div class=\"elementor-widget-container\">\n\t\t\t\t\t\t\t\t\t<p>La Llei 19\/2013, de 9 de desembre, de Transpar\u00e8ncia, Acc\u00e9s a la Informaci\u00f3 P\u00fablica i Bon Govern, publicada en el BOE, el 10 de desembre de 2013, t\u00e9 per objecte ampliar i refor\u00e7ar la transpar\u00e8ncia de l&#8217;activitat p\u00fablica, regular i garantir el dret d&#8217;acc\u00e9s a la informaci\u00f3 relativa a aquella activitat i establir les obligacions de bon govern que han de complir els responsables p\u00fablics, aix\u00ed com les conseq\u00fc\u00e8ncies derivades del seu incompliment.<\/p><p>En Diari Oficial de la Comunitat Valenciana del 8 d&#8217;abril, es va publicar la Llei 2\/2015, de 2 d&#8217;abril, de la Generalitat, de Transpar\u00e8ncia, Bon Govern i Participaci\u00f3 Ciutadana de la Comunitat Valenciana.<\/p><p>Aix\u00ed mateix, l&#8217;Ajuntament de Torrent va aprovar la seua pr\u00f2pia Ordenan\u00e7a de Transpar\u00e8ncia, Acc\u00e9s a la Informaci\u00f3 i Reutilitzaci\u00f3 (B.O.P. 6 mar\u00e7 2015). NOUS ESPAIS TORRENT, S.A., Societat An\u00f2nima creada en 1999 per l&#8217;Excm. Ajuntament de Torrent, en compliment dels dictats de les assenyalades lleis i a fi de garantir la transpar\u00e8ncia de la seua activitat, ha dissenyat un portal de transpar\u00e8ncia, per a l&#8217;acc\u00e9s a la informaci\u00f3 de car\u00e0cter institucional, organitzativa i de planificaci\u00f3, i tamb\u00e9 la de rellev\u00e0ncia jur\u00eddica, econ\u00f2mica, pressupost\u00e0ria i estad\u00edstica per part dels ciutadans i ve\u00efns interessats a con\u00e8ixer la gesti\u00f3 de l&#8217;empresa.<\/p>\t\t\t\t\t\t\t\t<\/div>\n\t\t\t\t<\/div>\n\t\t\t\t<section class=\"elementor-section elementor-inner-section elementor-element elementor-element-23235dce elementor-section-boxed elementor-section-height-default elementor-section-height-default\" data-id=\"23235dce\" data-element_type=\"section\">\n\t\t\t\t\t\t<div class=\"elementor-container elementor-column-gap-default\">\n\t\t\t\t\t<div class=\"elementor-column elementor-col-33 elementor-inner-column elementor-element elementor-element-f65bbee\" data-id=\"f65bbee\" data-element_type=\"column\">\n\t\t\t<div class=\"elementor-widget-wrap elementor-element-populated\">\n\t\t\t\t\t\t<div class=\"elementor-element elementor-element-7c998da elementor-widget elementor-widget-heading\" data-id=\"7c998da\" data-element_type=\"widget\" data-widget_type=\"heading.default\">\n\t\t\t\t<div class=\"elementor-widget-container\">\n\t\t\t\t\t<h2 class=\"elementor-heading-title elementor-size-default\">A. INFORMACI\u00d3 INSTITUCIONAL, ORGANITZATIVA, PLANIFICACI\u00d3 I PERSONAL<\/h2>\t\t\t\t<\/div>\n\t\t\t\t<\/div>\n\t\t\t\t<div class=\"elementor-element elementor-element-105f53e6 elementor-align-center elementor-absolute elementor-widget elementor-widget-button\" data-id=\"105f53e6\" data-element_type=\"widget\" data-settings=\"{&quot;_position&quot;:&quot;absolute&quot;}\" data-widget_type=\"button.default\">\n\t\t\t\t<div class=\"elementor-widget-container\">\n\t\t\t\t\t\t\t\t\t<div class=\"elementor-button-wrapper\">\n\t\t\t\t\t<a class=\"elementor-button elementor-button-link elementor-size-sm\" href=\"https:\/\/nousespais.es\/va\/info-institucional\/\">\n\t\t\t\t\t\t<span class=\"elementor-button-content-wrapper\">\n\t\t\t\t\t\t\t\t\t<span class=\"elementor-button-text\">Veure m\u00e9s<\/span>\n\t\t\t\t\t<\/span>\n\t\t\t\t\t<\/a>\n\t\t\t\t<\/div>\n\t\t\t\t\t\t\t\t<\/div>\n\t\t\t\t<\/div>\n\t\t\t\t\t<\/div>\n\t\t<\/div>\n\t\t\t\t<div class=\"elementor-column elementor-col-33 elementor-inner-column elementor-element elementor-element-10f1d77d\" data-id=\"10f1d77d\" data-element_type=\"column\">\n\t\t\t<div class=\"elementor-widget-wrap elementor-element-populated\">\n\t\t\t\t\t\t<div class=\"elementor-element elementor-element-29e75532 elementor-widget elementor-widget-heading\" data-id=\"29e75532\" data-element_type=\"widget\" data-widget_type=\"heading.default\">\n\t\t\t\t<div class=\"elementor-widget-container\">\n\t\t\t\t\t<h2 class=\"elementor-heading-title elementor-size-default\">B. INFORMACI\u00d3 ECON\u00d2MICA, PRESSUPOST\u00c0RIA I ESTAD\u00cdSTICA<\/h2>\t\t\t\t<\/div>\n\t\t\t\t<\/div>\n\t\t\t\t<div class=\"elementor-element elementor-element-21795baa elementor-align-center elementor-absolute elementor-widget elementor-widget-button\" data-id=\"21795baa\" data-element_type=\"widget\" data-settings=\"{&quot;_position&quot;:&quot;absolute&quot;}\" data-widget_type=\"button.default\">\n\t\t\t\t<div class=\"elementor-widget-container\">\n\t\t\t\t\t\t\t\t\t<div class=\"elementor-button-wrapper\">\n\t\t\t\t\t<a class=\"elementor-button elementor-button-link elementor-size-sm\" href=\"https:\/\/nousespais.es\/va\/inf-economica\/\">\n\t\t\t\t\t\t<span class=\"elementor-button-content-wrapper\">\n\t\t\t\t\t\t\t\t\t<span class=\"elementor-button-text\">Veure m\u00e9s<\/span>\n\t\t\t\t\t<\/span>\n\t\t\t\t\t<\/a>\n\t\t\t\t<\/div>\n\t\t\t\t\t\t\t\t<\/div>\n\t\t\t\t<\/div>\n\t\t\t\t\t<\/div>\n\t\t<\/div>\n\t\t\t\t<div class=\"elementor-column elementor-col-33 elementor-inner-column elementor-element elementor-element-64a18522\" data-id=\"64a18522\" data-element_type=\"column\">\n\t\t\t<div class=\"elementor-widget-wrap elementor-element-populated\">\n\t\t\t\t\t\t<div class=\"elementor-element elementor-element-708edffa elementor-widget elementor-widget-heading\" data-id=\"708edffa\" data-element_type=\"widget\" data-widget_type=\"heading.default\">\n\t\t\t\t<div class=\"elementor-widget-container\">\n\t\t\t\t\t<h2 class=\"elementor-heading-title elementor-size-default\">C. INFORMACI\u00d3 JUR\u00cdDICA<\/h2>\t\t\t\t<\/div>\n\t\t\t\t<\/div>\n\t\t\t\t<div class=\"elementor-element elementor-element-4631e765 elementor-align-center elementor-absolute elementor-widget elementor-widget-button\" data-id=\"4631e765\" data-element_type=\"widget\" data-settings=\"{&quot;_position&quot;:&quot;absolute&quot;}\" data-widget_type=\"button.default\">\n\t\t\t\t<div class=\"elementor-widget-container\">\n\t\t\t\t\t\t\t\t\t<div class=\"elementor-button-wrapper\">\n\t\t\t\t\t<a class=\"elementor-button elementor-button-link elementor-size-sm\" href=\"https:\/\/nousespais.es\/va\/info-juridica\/\">\n\t\t\t\t\t\t<span class=\"elementor-button-content-wrapper\">\n\t\t\t\t\t\t\t\t\t<span class=\"elementor-button-text\">Veure m\u00e9s<\/span>\n\t\t\t\t\t<\/span>\n\t\t\t\t\t<\/a>\n\t\t\t\t<\/div>\n\t\t\t\t\t\t\t\t<\/div>\n\t\t\t\t<\/div>\n\t\t\t\t\t<\/div>\n\t\t<\/div>\n\t\t\t\t\t<\/div>\n\t\t<\/section>\n\t\t\t\t\t<\/div>\n\t\t<\/div>\n\t\t\t\t\t<\/div>\n\t\t<\/section>\n\t\t\t\t<\/div>\n\t\t","protected":false},"excerpt":{"rendered":"<p>PORTAL DE TRANSPAR\u00c8NCIA DE NOUS ESPAIS TORRENT S.A. La Llei 19\/2013, de 9 de desembre, de Transpar\u00e8ncia, Acc\u00e9s a la Informaci\u00f3 P\u00fablica i Bon Govern, publicada en el BOE, el 10 de desembre de 2013, t\u00e9 per objecte ampliar i refor\u00e7ar la transpar\u00e8ncia de l&#8217;activitat p\u00fablica, regular i garantir el dret d&#8217;acc\u00e9s a la informaci\u00f3 [&hellip;]<\/p>\n","protected":false},"author":1,"featured_media":0,"parent":0,"menu_order":0,"comment_status":"closed","ping_status":"closed","template":"elementor_header_footer","meta":{"_acf_changed":false,"footnotes":""},"class_list":["post-2820","page","type-page","status-publish","hentry"],"acf":[],"_links":{"self":[{"href":"https:\/\/nousespais.es\/va\/wp-json\/wp\/v2\/pages\/2820","targetHints":{"allow":["GET"]}}],"collection":[{"href":"https:\/\/nousespais.es\/va\/wp-json\/wp\/v2\/pages"}],"about":[{"href":"https:\/\/nousespais.es\/va\/wp-json\/wp\/v2\/types\/page"}],"author":[{"embeddable":true,"href":"https:\/\/nousespais.es\/va\/wp-json\/wp\/v2\/users\/1"}],"replies":[{"embeddable":true,"href":"https:\/\/nousespais.es\/va\/wp-json\/wp\/v2\/comments?post=2820"}],"version-history":[{"count":15,"href":"https:\/\/nousespais.es\/va\/wp-json\/wp\/v2\/pages\/2820\/revisions"}],"predecessor-version":[{"id":7966,"href":"https:\/\/nousespais.es\/va\/wp-json\/wp\/v2\/pages\/2820\/revisions\/7966"}],"wp:attachment":[{"href":"https:\/\/nousespais.es\/va\/wp-json\/wp\/v2\/media?parent=2820"}],"curies":[{"name":"wp","href":"https:\/\/api.w.org\/{rel}","templated":true}]}}