{"id":2829,"date":"2022-05-20T22:34:35","date_gmt":"2022-05-20T22:34:35","guid":{"rendered":"https:\/\/nousespais.es\/oficina-antidesnonaments\/"},"modified":"2023-10-03T11:50:52","modified_gmt":"2023-10-03T11:50:52","slug":"oficina-antidesnonaments","status":"publish","type":"page","link":"https:\/\/nousespais.es\/va\/oficina-antidesnonaments\/","title":{"rendered":"Oficina Antidesnonaments"},"content":{"rendered":"\t\t<div data-elementor-type=\"wp-page\" data-elementor-id=\"2829\" class=\"elementor elementor-2829\" data-elementor-post-type=\"page\">\n\t\t\t\t\t\t<section class=\"elementor-section elementor-top-section elementor-element elementor-element-24220d21 elementor-section-boxed elementor-section-height-default elementor-section-height-default\" data-id=\"24220d21\" data-element_type=\"section\">\n\t\t\t\t\t\t<div class=\"elementor-container elementor-column-gap-default\">\n\t\t\t\t\t<div class=\"elementor-column elementor-col-100 elementor-top-column elementor-element elementor-element-2dc6320e\" data-id=\"2dc6320e\" data-element_type=\"column\">\n\t\t\t<div class=\"elementor-widget-wrap elementor-element-populated\">\n\t\t\t\t\t\t<div class=\"elementor-element elementor-element-2e3072eb elementor-widget elementor-widget-heading\" data-id=\"2e3072eb\" data-element_type=\"widget\" data-widget_type=\"heading.default\">\n\t\t\t\t<div class=\"elementor-widget-container\">\n\t\t\t\t\t<h2 class=\"elementor-heading-title elementor-size-default\">Oficina Antidesnonaments<\/h2>\t\t\t\t<\/div>\n\t\t\t\t<\/div>\n\t\t\t\t<div class=\"elementor-element elementor-element-656b17b4 elementor-widget elementor-widget-text-editor\" data-id=\"656b17b4\" data-element_type=\"widget\" data-widget_type=\"text-editor.default\">\n\t\t\t\t<div class=\"elementor-widget-container\">\n\t\t\t\t\t\t\t\t\t<p><strong><em>MEDIACI\u00d3 HIPOTEC\u00c0RIA<\/em><\/strong><\/p>\n<p>El <strong>Serv<\/strong><strong>ici<\/strong><strong> de Mediaci\u00f3 Hipotec\u00e0ria per a la Vivenda Habitual <\/strong>naix per conveni formalitzat entre l&#8217;Ajuntament de Torrent i Nous Espais Torrent S.A. amb l&#8217;<strong><em>Ilustre Col\u00b7legi d&#8217;Advocats de Val\u00e8ncia<\/em><\/strong>(ICAV), i comen\u00e7a a prestar-se en la Seu de Nous Espais Torrent S.A. en el mes de Mar\u00e7 de 2012.<\/p>\n<p>Posteriorment, en Gener de 2013, el conveni es fa extensiu tamb\u00e9 a la <strong>Diputaci\u00f3 de Val\u00e8ncia<\/strong>, per a la prestaci\u00f3 d&#8217;Assessorament Jur\u00eddic, Mediaci\u00f3, Intermediaci\u00f3 i Negociaci\u00f3 sobre pr\u00e9stecs i arrendaments relatius a la vivenda habitual.<\/p>\n<p>Basant-se en l&#8217;esmentat conveni, Nous Espais Torrent S.A. atendr\u00e0 tamb\u00e9, a m\u00e9s dels casos que afecten ve\u00efns de Torrent, els procedents dels municipis adscrits al seu partit judicial i adherits a l&#8217;esmentat Conveni: <span style=\"text-decoration: underline;\">Paiporta, Alaqu\u00e1s i Aldaia.<\/span><\/p>\n<p>Per a sol\u00b7licitar el servici \u00e9s necessari agafar <strong>cita pr\u00e8via<\/strong> acudint a les nostres oficines (<em><strong>Pla\u00e7a<\/strong><\/em><em><strong> Major, 31<\/strong>, tel\u00e8fon del Servici <strong>96-156 54 56 opci\u00f3 1 Oficina de Vivenda<\/strong><\/em>), per a aix\u00ed poder ser atesos pels lletrats, advocats especialitzats en mediaci\u00f3, en l&#8217;horari assignat \u2013tots els divendres de l&#8217;any excepte festius, al mat\u00ed- i que s\u00f3n designats per l&#8217;Il\u00b7lustre Col\u00b7legi d&#8217;Advocats de Val\u00e8ncia, des del CMICAV (Centre de Mediaci\u00f3 de l&#8217;ICAV).<\/p>\t\t\t\t\t\t\t\t<\/div>\n\t\t\t\t<\/div>\n\t\t\t\t\t<\/div>\n\t\t<\/div>\n\t\t\t\t\t<\/div>\n\t\t<\/section>\n\t\t\t\t<\/div>\n\t\t","protected":false},"excerpt":{"rendered":"<p>Oficina Antidesnonaments MEDIACI\u00d3 HIPOTEC\u00c0RIA El Servici de Mediaci\u00f3 Hipotec\u00e0ria per a la Vivenda Habitual naix per conveni formalitzat entre l&#8217;Ajuntament de Torrent i Nous Espais Torrent S.A. amb l&#8217;Ilustre Col\u00b7legi d&#8217;Advocats de Val\u00e8ncia(ICAV), i comen\u00e7a a prestar-se en la Seu de Nous Espais Torrent S.A. en el mes de Mar\u00e7 de 2012. Posteriorment, en Gener [&hellip;]<\/p>\n","protected":false},"author":1,"featured_media":0,"parent":0,"menu_order":0,"comment_status":"closed","ping_status":"closed","template":"elementor_header_footer","meta":{"_acf_changed":false,"footnotes":""},"class_list":["post-2829","page","type-page","status-publish","hentry"],"acf":[],"_links":{"self":[{"href":"https:\/\/nousespais.es\/va\/wp-json\/wp\/v2\/pages\/2829","targetHints":{"allow":["GET"]}}],"collection":[{"href":"https:\/\/nousespais.es\/va\/wp-json\/wp\/v2\/pages"}],"about":[{"href":"https:\/\/nousespais.es\/va\/wp-json\/wp\/v2\/types\/page"}],"author":[{"embeddable":true,"href":"https:\/\/nousespais.es\/va\/wp-json\/wp\/v2\/users\/1"}],"replies":[{"embeddable":true,"href":"https:\/\/nousespais.es\/va\/wp-json\/wp\/v2\/comments?post=2829"}],"version-history":[{"count":8,"href":"https:\/\/nousespais.es\/va\/wp-json\/wp\/v2\/pages\/2829\/revisions"}],"predecessor-version":[{"id":11800,"href":"https:\/\/nousespais.es\/va\/wp-json\/wp\/v2\/pages\/2829\/revisions\/11800"}],"wp:attachment":[{"href":"https:\/\/nousespais.es\/va\/wp-json\/wp\/v2\/media?parent=2829"}],"curies":[{"name":"wp","href":"https:\/\/api.w.org\/{rel}","templated":true}]}}