{"id":2831,"date":"2022-05-21T15:19:38","date_gmt":"2022-05-21T15:19:38","guid":{"rendered":"https:\/\/nousespais.es\/perfil-del-contractant\/"},"modified":"2024-09-04T10:30:59","modified_gmt":"2024-09-04T10:30:59","slug":"perfil-del-contractant","status":"publish","type":"page","link":"https:\/\/nousespais.es\/va\/perfil-del-contractant\/","title":{"rendered":"Perfil del contractant"},"content":{"rendered":"\t\t<div data-elementor-type=\"wp-page\" data-elementor-id=\"2831\" class=\"elementor elementor-2831\" data-elementor-post-type=\"page\">\n\t\t\t\t\t\t<section class=\"elementor-section elementor-top-section elementor-element elementor-element-7d8c6aea elementor-section-boxed elementor-section-height-default elementor-section-height-default\" data-id=\"7d8c6aea\" data-element_type=\"section\">\n\t\t\t\t\t\t<div class=\"elementor-container elementor-column-gap-default\">\n\t\t\t\t\t<div class=\"elementor-column elementor-col-100 elementor-top-column elementor-element elementor-element-7116d635\" data-id=\"7116d635\" data-element_type=\"column\">\n\t\t\t<div class=\"elementor-widget-wrap elementor-element-populated\">\n\t\t\t\t\t\t<div class=\"elementor-element elementor-element-1aa597fb elementor-widget elementor-widget-heading\" data-id=\"1aa597fb\" data-element_type=\"widget\" data-widget_type=\"heading.default\">\n\t\t\t\t<div class=\"elementor-widget-container\">\n\t\t\t\t\t<h2 class=\"elementor-heading-title elementor-size-default\">Perfil del contractant<\/h2>\t\t\t\t<\/div>\n\t\t\t\t<\/div>\n\t\t\t\t<div class=\"elementor-element elementor-element-8379b76 elementor-widget elementor-widget-text-editor\" data-id=\"8379b76\" data-element_type=\"widget\" data-widget_type=\"text-editor.default\">\n\t\t\t\t<div class=\"elementor-widget-container\">\n\t\t\t\t\t\t\t\t\t<p>Posema la seua disposici\u00f3 tota la informaci\u00f3 sobre els expedients de selecci\u00f3 del contractista per a la contractaci\u00f3 de l&#8217;execuci\u00f3 d&#8217;obres, prestaci\u00f3 de servicis i subministraments, alienaci\u00f3 de parcel\u00b7les i locals comercials, aix\u00ed com la selecci\u00f3 de personal.<\/p><div><p>En esta secci\u00f3 vost\u00e9 podr\u00e0 accedir als documents facilitats per Nous Espais Torrent, S.A.U per a poder prendre part en els procediments de selecci\u00f3 del contractista i accedir al perfil del contractant.<\/p><p>Per accedir al <strong>Perfil del Contractant<\/strong> de l&#8217;empresa en la &#8220;<em><strong>Plataforma de Contrataci\u00f3n del Estado<\/strong><\/em>&#8221; polse <a href=\"https:\/\/contrataciondelestado.es\/wps\/poc?uri=deeplink%3AperfilContratante&amp;idBp=UfGKgw%2B8K1wQK2TEfXGy%2BA%3D%3D\" target=\"_blank\" rel=\"noopener\">a\u00e7\u00ed.<\/a><\/p><\/div><p>Per a m\u00e9s <em><strong>Informaci\u00f3 econ\u00f2mica, pressupost\u00e0ria i estad\u00edstica<\/strong><\/em>,polse <strong><a href=\"https:\/\/nousespais.es\/va\/inf-economica\/\" target=\"_blank\" rel=\"noopener\">a\u00e7\u00ed.<\/a><\/strong><\/p><p>Per a consultar les dades relatives a <strong><em>Enc\u00e0rrecs i comandes de gesti\u00f3 de l&#8217;Ajuntament &#8211; Enc\u00e0rrecs a Medi Propi, <\/em><\/strong>localitzats en l&#8217;<strong>apartat B.2.1<\/strong> del Portal de Transpar\u00e8ncia d&#8217;aquesta entitat p\u00fablica municipal, polse <strong><a href=\"https:\/\/nousespais.es\/va\/inf-economica\/\" target=\"_blank\" rel=\"noopener\">a\u00e7\u00ed.<\/a><\/strong><\/p><p>Per a consultar les dades relatives als <strong><em>Contractes <\/em><\/strong>de la societat, localitzats en l&#8217;<strong>apartat B.1<\/strong> del Portal de Transpar\u00e8ncia d&#8217;aquesta entitat p\u00fablica municipal, polse <strong><a href=\"https:\/\/nousespais.es\/va\/inf-economica\/\" target=\"_blank\" rel=\"noopener\">a\u00e7\u00ed.<\/a><\/strong><\/p>\t\t\t\t\t\t\t\t<\/div>\n\t\t\t\t<\/div>\n\t\t\t\t<div class=\"elementor-element elementor-element-540390f elementor-icon-list--layout-traditional elementor-list-item-link-full_width elementor-widget elementor-widget-icon-list\" data-id=\"540390f\" data-element_type=\"widget\" data-widget_type=\"icon-list.default\">\n\t\t\t\t<div class=\"elementor-widget-container\">\n\t\t\t\t\t\t\t<ul class=\"elementor-icon-list-items\">\n\t\t\t\t\t\t\t<li class=\"elementor-icon-list-item\">\n\t\t\t\t\t\t\t\t\t\t\t<a href=\"https:\/\/nousespais.es\/wp-content\/uploads\/2022\/05\/perfil-del-contractant-valencia.pdf\" target=\"_blank\">\n\n\t\t\t\t\t\t\t\t\t\t\t\t<span class=\"elementor-icon-list-icon\">\n\t\t\t\t\t\t\t<svg xmlns=\"http:\/\/www.w3.org\/2000\/svg\" width=\"18.774\" height=\"24.316\" viewBox=\"0 0 18.774 24.316\"><g id=\"noun-pdf-3071298\" transform=\"translate(-145.349 -9.828)\"><path id=\"Trazado_219\" data-name=\"Trazado 219\" d=\"M213.376,136.465a2.248,2.248,0,0,0,1.548-.449,1.744,1.744,0,0,0,.5-1.4,1.856,1.856,0,0,0-.5-1.423,2.274,2.274,0,0,0-1.573-.474h-1.673v5.193h1.049v-1.448Zm-.649-2.746h.6a1.3,1.3,0,0,1,.774.2.749.749,0,0,1,.25.649,1.033,1.033,0,0,1-.2.674.929.929,0,0,1-.724.225h-.7Z\" transform=\"translate(-63.133 -117.175)\" fill=\"#231f20\"><\/path><path id=\"Trazado_220\" data-name=\"Trazado 220\" d=\"M309.963,136.653a2.643,2.643,0,0,0,.649-1.922,2.591,2.591,0,0,0-.674-1.9,2.637,2.637,0,0,0-1.947-.674h-1.673v5.193h1.623a2.563,2.563,0,0,0,2.022-.7Zm-.8-.7a1.416,1.416,0,0,1-1.1.4h-.674v-3.171h.6a1.628,1.628,0,0,1,1.2.424,1.707,1.707,0,0,1,.4,1.173,1.846,1.846,0,0,1-.424,1.173Z\" transform=\"translate(-153.554 -116.639)\" fill=\"#231f20\"><\/path><path id=\"Trazado_221\" data-name=\"Trazado 221\" d=\"M418.764,133.743v-1.024h-3.245v5.193h1.049v-2.047h2.072v-1h-2.072v-1.123Z\" transform=\"translate(-257.887 -117.174)\" fill=\"#231f20\"><\/path><path id=\"Trazado_222\" data-name=\"Trazado 222\" d=\"M162.25,10.078H147.172a1.566,1.566,0,0,0-1.573,1.573V30.074a1.566,1.566,0,0,0,1.573,1.573h3.47l-.949-.949h-2.5a.618.618,0,0,1-.624-.624V11.651a.618.618,0,0,1,.624-.624h15.1a.618.618,0,0,1,.624.624V30.074a.618.618,0,0,1-.624.624h-2.147l-.949.949h3.1a1.566,1.566,0,0,0,1.573-1.573V11.651a1.626,1.626,0,0,0-1.623-1.573Z\" transform=\"translate(0 0)\" fill=\"#231f20\"><\/path><path id=\"Trazado_222_-_Contorno\" data-name=\"Trazado 222 - Contorno\" d=\"M147.172,9.828H162.25a1.884,1.884,0,0,1,1.873,1.816V30.074A1.825,1.825,0,0,1,162.3,31.9h-3.7l1.449-1.449h2.25a.37.37,0,0,0,.374-.374V11.651a.37.37,0,0,0-.374-.374H147.2a.37.37,0,0,0-.374.374V30.074a.37.37,0,0,0,.374.374h2.6l1.449,1.449h-4.074a1.825,1.825,0,0,1-1.823-1.823V11.651A1.825,1.825,0,0,1,147.172,9.828Zm16.451,1.827a1.381,1.381,0,0,0-1.373-1.327H147.172a1.309,1.309,0,0,0-1.323,1.323V30.074a1.309,1.309,0,0,0,1.323,1.323h2.866l-.449-.449H147.2a.865.865,0,0,1-.874-.874V11.651a.865.865,0,0,1,.874-.874h15.1a.865.865,0,0,1,.874.874V30.074a.865.865,0,0,1-.874.874h-2.043l-.449.449H162.3a1.309,1.309,0,0,0,1.323-1.323Z\" transform=\"translate(0 0)\" fill=\"#231f20\"><\/path><path id=\"Trazado_223\" data-name=\"Trazado 223\" d=\"M237.268,311.739l-3.27-.025v-5.392H229.5v5.317l-3.27-.05,5.592,5.592Z\" transform=\"translate(-77.04 -283.037)\" fill=\"#231f20\"><\/path><\/g><\/svg>\t\t\t\t\t\t<\/span>\n\t\t\t\t\t\t\t\t\t\t<span class=\"elementor-icon-list-text\">Perfil del contractant - Valenci\u00e0.pdf <\/span>\n\t\t\t\t\t\t\t\t\t\t\t<\/a>\n\t\t\t\t\t\t\t\t\t<\/li>\n\t\t\t\t\t\t\t\t<li class=\"elementor-icon-list-item\">\n\t\t\t\t\t\t\t\t\t\t\t<a href=\"https:\/\/nousespais.es\/wp-content\/uploads\/2022\/05\/instrucc-internas-gest-contr-serv-extern-firmado.pdf\" target=\"_blank\">\n\n\t\t\t\t\t\t\t\t\t\t\t\t<span class=\"elementor-icon-list-icon\">\n\t\t\t\t\t\t\t<svg xmlns=\"http:\/\/www.w3.org\/2000\/svg\" width=\"18.774\" height=\"24.316\" viewBox=\"0 0 18.774 24.316\"><g id=\"noun-pdf-3071298\" transform=\"translate(-145.349 -9.828)\"><path id=\"Trazado_219\" data-name=\"Trazado 219\" d=\"M213.376,136.465a2.248,2.248,0,0,0,1.548-.449,1.744,1.744,0,0,0,.5-1.4,1.856,1.856,0,0,0-.5-1.423,2.274,2.274,0,0,0-1.573-.474h-1.673v5.193h1.049v-1.448Zm-.649-2.746h.6a1.3,1.3,0,0,1,.774.2.749.749,0,0,1,.25.649,1.033,1.033,0,0,1-.2.674.929.929,0,0,1-.724.225h-.7Z\" transform=\"translate(-63.133 -117.175)\" fill=\"#231f20\"><\/path><path id=\"Trazado_220\" data-name=\"Trazado 220\" d=\"M309.963,136.653a2.643,2.643,0,0,0,.649-1.922,2.591,2.591,0,0,0-.674-1.9,2.637,2.637,0,0,0-1.947-.674h-1.673v5.193h1.623a2.563,2.563,0,0,0,2.022-.7Zm-.8-.7a1.416,1.416,0,0,1-1.1.4h-.674v-3.171h.6a1.628,1.628,0,0,1,1.2.424,1.707,1.707,0,0,1,.4,1.173,1.846,1.846,0,0,1-.424,1.173Z\" transform=\"translate(-153.554 -116.639)\" fill=\"#231f20\"><\/path><path id=\"Trazado_221\" data-name=\"Trazado 221\" d=\"M418.764,133.743v-1.024h-3.245v5.193h1.049v-2.047h2.072v-1h-2.072v-1.123Z\" transform=\"translate(-257.887 -117.174)\" fill=\"#231f20\"><\/path><path id=\"Trazado_222\" data-name=\"Trazado 222\" d=\"M162.25,10.078H147.172a1.566,1.566,0,0,0-1.573,1.573V30.074a1.566,1.566,0,0,0,1.573,1.573h3.47l-.949-.949h-2.5a.618.618,0,0,1-.624-.624V11.651a.618.618,0,0,1,.624-.624h15.1a.618.618,0,0,1,.624.624V30.074a.618.618,0,0,1-.624.624h-2.147l-.949.949h3.1a1.566,1.566,0,0,0,1.573-1.573V11.651a1.626,1.626,0,0,0-1.623-1.573Z\" transform=\"translate(0 0)\" fill=\"#231f20\"><\/path><path id=\"Trazado_222_-_Contorno\" data-name=\"Trazado 222 - Contorno\" d=\"M147.172,9.828H162.25a1.884,1.884,0,0,1,1.873,1.816V30.074A1.825,1.825,0,0,1,162.3,31.9h-3.7l1.449-1.449h2.25a.37.37,0,0,0,.374-.374V11.651a.37.37,0,0,0-.374-.374H147.2a.37.37,0,0,0-.374.374V30.074a.37.37,0,0,0,.374.374h2.6l1.449,1.449h-4.074a1.825,1.825,0,0,1-1.823-1.823V11.651A1.825,1.825,0,0,1,147.172,9.828Zm16.451,1.827a1.381,1.381,0,0,0-1.373-1.327H147.172a1.309,1.309,0,0,0-1.323,1.323V30.074a1.309,1.309,0,0,0,1.323,1.323h2.866l-.449-.449H147.2a.865.865,0,0,1-.874-.874V11.651a.865.865,0,0,1,.874-.874h15.1a.865.865,0,0,1,.874.874V30.074a.865.865,0,0,1-.874.874h-2.043l-.449.449H162.3a1.309,1.309,0,0,0,1.323-1.323Z\" transform=\"translate(0 0)\" fill=\"#231f20\"><\/path><path id=\"Trazado_223\" data-name=\"Trazado 223\" d=\"M237.268,311.739l-3.27-.025v-5.392H229.5v5.317l-3.27-.05,5.592,5.592Z\" transform=\"translate(-77.04 -283.037)\" fill=\"#231f20\"><\/path><\/g><\/svg>\t\t\t\t\t\t<\/span>\n\t\t\t\t\t\t\t\t\t\t<span class=\"elementor-icon-list-text\"> INSTRUCC INTERNAS GEST CONTR SERV EXTERN firmado.pdf <\/span>\n\t\t\t\t\t\t\t\t\t\t\t<\/a>\n\t\t\t\t\t\t\t\t\t<\/li>\n\t\t\t\t\t\t<\/ul>\n\t\t\t\t\t\t<\/div>\n\t\t\t\t<\/div>\n\t\t\t\t\t<\/div>\n\t\t<\/div>\n\t\t\t\t\t<\/div>\n\t\t<\/section>\n\t\t\t\t<\/div>\n\t\t","protected":false},"excerpt":{"rendered":"<p>Perfil del contractant Posema la seua disposici\u00f3 tota la informaci\u00f3 sobre els expedients de selecci\u00f3 del contractista per a la contractaci\u00f3 de l&#8217;execuci\u00f3 d&#8217;obres, prestaci\u00f3 de servicis i subministraments, alienaci\u00f3 de parcel\u00b7les i locals comercials, aix\u00ed com la selecci\u00f3 de personal. En esta secci\u00f3 vost\u00e9 podr\u00e0 accedir als documents facilitats per Nous Espais Torrent, S.A.U [&hellip;]<\/p>\n","protected":false},"author":1,"featured_media":0,"parent":0,"menu_order":0,"comment_status":"closed","ping_status":"closed","template":"elementor_header_footer","meta":{"_acf_changed":false,"footnotes":""},"class_list":["post-2831","page","type-page","status-publish","hentry"],"acf":[],"_links":{"self":[{"href":"https:\/\/nousespais.es\/va\/wp-json\/wp\/v2\/pages\/2831","targetHints":{"allow":["GET"]}}],"collection":[{"href":"https:\/\/nousespais.es\/va\/wp-json\/wp\/v2\/pages"}],"about":[{"href":"https:\/\/nousespais.es\/va\/wp-json\/wp\/v2\/types\/page"}],"author":[{"embeddable":true,"href":"https:\/\/nousespais.es\/va\/wp-json\/wp\/v2\/users\/1"}],"replies":[{"embeddable":true,"href":"https:\/\/nousespais.es\/va\/wp-json\/wp\/v2\/comments?post=2831"}],"version-history":[{"count":9,"href":"https:\/\/nousespais.es\/va\/wp-json\/wp\/v2\/pages\/2831\/revisions"}],"predecessor-version":[{"id":73504,"href":"https:\/\/nousespais.es\/va\/wp-json\/wp\/v2\/pages\/2831\/revisions\/73504"}],"wp:attachment":[{"href":"https:\/\/nousespais.es\/va\/wp-json\/wp\/v2\/media?parent=2831"}],"curies":[{"name":"wp","href":"https:\/\/api.w.org\/{rel}","templated":true}]}}