{"id":2835,"date":"2022-05-20T14:39:44","date_gmt":"2022-05-20T14:39:44","guid":{"rendered":"https:\/\/nousespais.es\/objecte-social\/"},"modified":"2022-09-23T11:27:23","modified_gmt":"2022-09-23T11:27:23","slug":"objecte-social","status":"publish","type":"page","link":"https:\/\/nousespais.es\/va\/objecte-social\/","title":{"rendered":"Objecte social"},"content":{"rendered":"\t\t<div data-elementor-type=\"wp-page\" data-elementor-id=\"2835\" class=\"elementor elementor-2835\" data-elementor-post-type=\"page\">\n\t\t\t\t\t\t<section class=\"elementor-section elementor-top-section elementor-element elementor-element-2c25675c elementor-section-boxed elementor-section-height-default elementor-section-height-default\" data-id=\"2c25675c\" data-element_type=\"section\">\n\t\t\t\t\t\t<div class=\"elementor-container elementor-column-gap-default\">\n\t\t\t\t\t<div class=\"elementor-column elementor-col-100 elementor-top-column elementor-element elementor-element-66997158\" data-id=\"66997158\" data-element_type=\"column\">\n\t\t\t<div class=\"elementor-widget-wrap elementor-element-populated\">\n\t\t\t\t\t\t<div class=\"elementor-element elementor-element-1c05a014 elementor-widget elementor-widget-heading\" data-id=\"1c05a014\" data-element_type=\"widget\" data-widget_type=\"heading.default\">\n\t\t\t\t<div class=\"elementor-widget-container\">\n\t\t\t\t\t<h2 class=\"elementor-heading-title elementor-size-default\">Objecte social<\/h2>\t\t\t\t<\/div>\n\t\t\t\t<\/div>\n\t\t\t\t<div class=\"elementor-element elementor-element-2659cde4 elementor-widget elementor-widget-text-editor\" data-id=\"2659cde4\" data-element_type=\"widget\" data-widget_type=\"text-editor.default\">\n\t\t\t\t<div class=\"elementor-widget-container\">\n\t\t\t\t\t\t\t\t\t<div><p>L&#8217;objecte social es concreta en la realitzaci\u00f3 dels fins seg\u00fcents:<\/p><p>1.- Estudis urban\u00edstics, redacci\u00f3 d&#8217;instruments d&#8217;ordenaci\u00f3, plans urban\u00edstics, gesti\u00f3, programes per al desenvolupament d&#8217;actuacions urban\u00edstiques i la seua execuci\u00f3, i projectes d&#8217;urbanitzaci\u00f3 i la iniciativa per a la seua tramitaci\u00f3 i aprovaci\u00f3.<\/p><p>2.- Activitat urbanitzadora que pot aconseguir tant a la promoci\u00f3 de la preparaci\u00f3 de s\u00f2l i renovaci\u00f3 i remodelaci\u00f3 urbana com a la de realitzaci\u00f3 d&#8217;obres d&#8217;infraestructura urbana i dotaci\u00f3 de servicis, per a l&#8217;execuci\u00f3 dels plans d&#8217;ordenaci\u00f3.<\/p><p>3.- Gesti\u00f3 i explotaci\u00f3 d&#8217;obres i servicis resultants de la urbanitzaci\u00f3, d&#8217;acord amb les normes aplicables en cada cas.<\/p><p>4.- Conservaci\u00f3 de les obres d&#8217;infraestructura.<\/p><p>5.- Projectar, executar i conservar, mantindre, reparar, reformar, rehabilitar i ampliar edificis municipals, col\u00b7legis p\u00fablics i altres edificis p\u00fablics i instal\u00b7lacions p\u00fabliques de Torrent, i qualsevol classe d&#8217;obres de regeneraci\u00f3 i renovaci\u00f3 urbana, amb subjecci\u00f3 a la normativa vigent.<\/p><p>6.- Promoci\u00f3, projecci\u00f3, construcci\u00f3 i disposici\u00f3 de qualsevol classe d&#8217;immobles.<\/p><p>7.- Projecci\u00f3, execuci\u00f3 i conservaci\u00f3 i gesti\u00f3, en general, de vivendes de protecci\u00f3 p\u00fablica de nova construcci\u00f3. A m\u00e9s tindr\u00e0 per objecte la intermediaci\u00f3 en el mercat de la vivenda en lloguer, p\u00fablica o privada, d&#8217;obra nova o usada i qualssevol fins que resulten necessaris per al foment del lloguer de qualsevol classe d&#8217;immobles.<\/p><p>8.-Projectar, executar, conservar, mantindre, reparar, reformar, rehabilitar i ampliar elements de la infraestructura verda i xarxes de serveis associats, especialment, zones verdes, parcs i jardins p\u00fablics i privats, en el seu cas; xarxa vi\u00e0ria, horts urbans, zones forestals i altres de similar naturalesa de Torrent, i qualsevol classe d&#8217;obres de regeneraci\u00f3 i renovaci\u00f3, amb subjecci\u00f3 a la normativa vigent.<\/p><p>Si les disposicions legals exigiren per a l&#8217;exercici de les activitats compreses en l&#8217;objecte social algun t\u00edtol professional o autoritzaci\u00f3 administrativa, nom\u00e9s podran realitzar-se per mitj\u00e0 de persones que ostenten la titulaci\u00f3 requerida i en el seu cas, no podran iniciar-se abans del compliment dels requisits administratius exigits.<\/p><\/div><p>________________________<\/p><p>El Capital Social de la Societat \u00e9s de <strong>360.599,89\u20ac<\/strong>, i est\u00e0 representat per 5.999 accions nominatives de 60,11\u20ac cada una, totalment subscrites i desembossades. Estes accions disfruten dels mateixos drets pol\u00edtics i econ\u00f2mics.<\/p><p><strong>L&#8217;accionista \u00fanic de la Societat \u00e9s l&#8217;Ajuntament de Torrent.<\/strong><\/p>\t\t\t\t\t\t\t\t<\/div>\n\t\t\t\t<\/div>\n\t\t\t\t\t<\/div>\n\t\t<\/div>\n\t\t\t\t\t<\/div>\n\t\t<\/section>\n\t\t\t\t<\/div>\n\t\t","protected":false},"excerpt":{"rendered":"<p>Objecte social L&#8217;objecte social es concreta en la realitzaci\u00f3 dels fins seg\u00fcents: 1.- Estudis urban\u00edstics, redacci\u00f3 d&#8217;instruments d&#8217;ordenaci\u00f3, plans urban\u00edstics, gesti\u00f3, programes per al desenvolupament d&#8217;actuacions urban\u00edstiques i la seua execuci\u00f3, i projectes d&#8217;urbanitzaci\u00f3 i la iniciativa per a la seua tramitaci\u00f3 i aprovaci\u00f3. 2.- Activitat urbanitzadora que pot aconseguir tant a la promoci\u00f3 de [&hellip;]<\/p>\n","protected":false},"author":1,"featured_media":0,"parent":0,"menu_order":0,"comment_status":"closed","ping_status":"closed","template":"elementor_header_footer","meta":{"_acf_changed":false,"footnotes":""},"class_list":["post-2835","page","type-page","status-publish","hentry"],"acf":[],"_links":{"self":[{"href":"https:\/\/nousespais.es\/va\/wp-json\/wp\/v2\/pages\/2835","targetHints":{"allow":["GET"]}}],"collection":[{"href":"https:\/\/nousespais.es\/va\/wp-json\/wp\/v2\/pages"}],"about":[{"href":"https:\/\/nousespais.es\/va\/wp-json\/wp\/v2\/types\/page"}],"author":[{"embeddable":true,"href":"https:\/\/nousespais.es\/va\/wp-json\/wp\/v2\/users\/1"}],"replies":[{"embeddable":true,"href":"https:\/\/nousespais.es\/va\/wp-json\/wp\/v2\/comments?post=2835"}],"version-history":[{"count":25,"href":"https:\/\/nousespais.es\/va\/wp-json\/wp\/v2\/pages\/2835\/revisions"}],"predecessor-version":[{"id":8488,"href":"https:\/\/nousespais.es\/va\/wp-json\/wp\/v2\/pages\/2835\/revisions\/8488"}],"wp:attachment":[{"href":"https:\/\/nousespais.es\/va\/wp-json\/wp\/v2\/media?parent=2835"}],"curies":[{"name":"wp","href":"https:\/\/api.w.org\/{rel}","templated":true}]}}