{"id":2839,"date":"2022-05-20T15:22:26","date_gmt":"2022-05-20T15:22:26","guid":{"rendered":"https:\/\/nousespais.es\/junta-general\/"},"modified":"2024-10-22T07:44:06","modified_gmt":"2024-10-22T07:44:06","slug":"junta-general","status":"publish","type":"page","link":"https:\/\/nousespais.es\/va\/junta-general\/","title":{"rendered":"Junta General"},"content":{"rendered":"\t\t<div data-elementor-type=\"wp-page\" data-elementor-id=\"2839\" class=\"elementor elementor-2839\" data-elementor-post-type=\"page\">\n\t\t\t\t\t\t<section class=\"elementor-section elementor-top-section elementor-element elementor-element-6279d64f elementor-section-boxed elementor-section-height-default elementor-section-height-default\" data-id=\"6279d64f\" data-element_type=\"section\">\n\t\t\t\t\t\t<div class=\"elementor-container elementor-column-gap-default\">\n\t\t\t\t\t<div class=\"elementor-column elementor-col-100 elementor-top-column elementor-element elementor-element-f4e9338\" data-id=\"f4e9338\" data-element_type=\"column\">\n\t\t\t<div class=\"elementor-widget-wrap elementor-element-populated\">\n\t\t\t\t\t\t<div class=\"elementor-element elementor-element-30f4af20 elementor-widget elementor-widget-heading\" data-id=\"30f4af20\" data-element_type=\"widget\" data-widget_type=\"heading.default\">\n\t\t\t\t<div class=\"elementor-widget-container\">\n\t\t\t\t\t<h2 class=\"elementor-heading-title elementor-size-default\">Junta general<\/h2>\t\t\t\t<\/div>\n\t\t\t\t<\/div>\n\t\t\t\t<div class=\"elementor-element elementor-element-6667b039 elementor-widget elementor-widget-text-editor\" data-id=\"6667b039\" data-element_type=\"widget\" data-widget_type=\"text-editor.default\">\n\t\t\t\t<div class=\"elementor-widget-container\">\n\t\t\t\t\t\t\t\t\t<div>\n<p>El Ple de l&#8217;Ajuntament de Torrent, constitu\u00eft en Junta General de Nous Espais Torrent, S.A.U., est\u00e0 format pels seg\u00fcents membres:<\/p>\n<p><strong><span class=\"GroupTitle\">PRESIDENTA<\/span>:<\/strong>&nbsp;Amparo Folgado Tonda<\/p>\n<\/div>\n<div><strong><span class=\"GroupTitle\">MEMBRES<\/span>:<\/strong><\/div>\n<div> <\/div>\n<div class=\"wp-data-item even wp-item-first\"><div>Guillermo Mar\u00eda Alonso del Real Barrera<br>Amparo Chust Gim\u00e9nez<br>Jos\u00e9 Francisco Gozalvo Ll\u00e1cer<br>Sonia \u00c1ngeles Roca Mart\u00ednez<\/div><div>Aitor S\u00e1nchez Collado<br>Arturo Garc\u00eda Gil<br>Mar\u00eda del Rosario Fern\u00e1ndez Aracil<br>Sandra Fas Momp\u00f3<br>Ana Mar\u00eda Penella Busach<\/div><div>Adelina Gonz\u00e1lez Borrull<br>Mar\u00eda \u00c1ngeles Lerma Cervera<br>Santiago Calatayud Fabi\u00e1<br>Juan Jes\u00fas Ros Piles<\/div><div>Andr\u00e9s Jos\u00e9 Campos Casado<br>Inmaculada Garc\u00eda Barat<br>Eduardo G\u00f3mez Silgo<br>Inmaculada Amat Mart\u00ednez<br>Jos\u00e9 Pascual Mart\u00ednez Climent<br>Asunci\u00f3n Ferrer San Pablo<br>Francisco Jos\u00e9 Arnau Roig<br>Marina Olivares Hern\u00e1ndez<\/div><div>Jos\u00e9 Daniel Iserte Carb\u00f3<br>Xavier Mart\u00ed Soriano<br>Mar\u00eda Jes\u00fas Herrada Ricart<\/div><\/div>\n<div id=\"s3gt_translate_tooltip_mini\" class=\"s3gt_translate_tooltip_mini_box\" style=\"background: initial !important; border: initial !important; border-radius: initial !important; border-spacing: initial !important; border-collapse: initial !important; direction: ltr !important; flex-direction: initial !important; font-weight: initial !important; height: initial !important; letter-spacing: initial !important; min-width: initial !important; max-width: initial !important; min-height: initial !important; max-height: initial !important; margin: auto !important; outline: initial !important; padding: initial !important; position: absolute; table-layout: initial !important; text-align: initial !important; text-shadow: initial !important; width: initial !important; word-break: initial !important; word-spacing: initial !important; overflow-wrap: initial !important; box-sizing: initial !important; display: initial !important; color: inherit !important; font-size: 13px !important; font-family: X-LocaleSpecific, sans-serif, Tahoma, Helvetica !important; line-height: 13px !important; vertical-align: top !important; white-space: inherit !important; left: 10px; top: 35px; opacity: 0.65;\">\n<div id=\"s3gt_translate_tooltip_mini_logo\" class=\"s3gt_translate_tooltip_mini\" title=\"Traducir texto seleccionado\"> <\/div>\n<div id=\"s3gt_translate_tooltip_mini_sound\" class=\"s3gt_translate_tooltip_mini\" title=\"Escuchar\"> <\/div>\n<div id=\"s3gt_translate_tooltip_mini_copy\" class=\"s3gt_translate_tooltip_mini\" title=\"Copiar texto al Portapapeles\"> <\/div>\n<\/div>\t\t\t\t\t\t\t\t<\/div>\n\t\t\t\t<\/div>\n\t\t\t\t\t<\/div>\n\t\t<\/div>\n\t\t\t\t\t<\/div>\n\t\t<\/section>\n\t\t\t\t<\/div>\n\t\t","protected":false},"excerpt":{"rendered":"<p>Junta general El Ple de l&#8217;Ajuntament de Torrent, constitu\u00eft en Junta General de Nous Espais Torrent, S.A.U., est\u00e0 format pels seg\u00fcents membres: PRESIDENTA:&nbsp;Amparo Folgado Tonda MEMBRES: Guillermo Mar\u00eda Alonso del Real BarreraAmparo Chust Gim\u00e9nezJos\u00e9 Francisco Gozalvo Ll\u00e1cerSonia \u00c1ngeles Roca Mart\u00ednezAitor S\u00e1nchez ColladoArturo Garc\u00eda GilMar\u00eda del Rosario Fern\u00e1ndez AracilSandra Fas Momp\u00f3Ana Mar\u00eda Penella BusachAdelina Gonz\u00e1lez BorrullMar\u00eda [&hellip;]<\/p>\n","protected":false},"author":1,"featured_media":0,"parent":0,"menu_order":0,"comment_status":"closed","ping_status":"closed","template":"elementor_header_footer","meta":{"_acf_changed":false,"footnotes":""},"class_list":["post-2839","page","type-page","status-publish","hentry"],"acf":[],"_links":{"self":[{"href":"https:\/\/nousespais.es\/va\/wp-json\/wp\/v2\/pages\/2839","targetHints":{"allow":["GET"]}}],"collection":[{"href":"https:\/\/nousespais.es\/va\/wp-json\/wp\/v2\/pages"}],"about":[{"href":"https:\/\/nousespais.es\/va\/wp-json\/wp\/v2\/types\/page"}],"author":[{"embeddable":true,"href":"https:\/\/nousespais.es\/va\/wp-json\/wp\/v2\/users\/1"}],"replies":[{"embeddable":true,"href":"https:\/\/nousespais.es\/va\/wp-json\/wp\/v2\/comments?post=2839"}],"version-history":[{"count":11,"href":"https:\/\/nousespais.es\/va\/wp-json\/wp\/v2\/pages\/2839\/revisions"}],"predecessor-version":[{"id":88122,"href":"https:\/\/nousespais.es\/va\/wp-json\/wp\/v2\/pages\/2839\/revisions\/88122"}],"wp:attachment":[{"href":"https:\/\/nousespais.es\/va\/wp-json\/wp\/v2\/media?parent=2839"}],"curies":[{"name":"wp","href":"https:\/\/api.w.org\/{rel}","templated":true}]}}