{"id":2841,"date":"2022-05-20T15:28:00","date_gmt":"2022-05-20T15:28:00","guid":{"rendered":"https:\/\/nousespais.es\/consell-dadministracio\/"},"modified":"2024-10-22T07:46:03","modified_gmt":"2024-10-22T07:46:03","slug":"consell-dadministracio","status":"publish","type":"page","link":"https:\/\/nousespais.es\/va\/consell-dadministracio\/","title":{"rendered":"Consell"},"content":{"rendered":"\t\t<div data-elementor-type=\"wp-page\" data-elementor-id=\"2841\" class=\"elementor elementor-2841\" data-elementor-post-type=\"page\">\n\t\t\t\t\t\t<section class=\"elementor-section elementor-top-section elementor-element elementor-element-1d27bc4 elementor-section-boxed elementor-section-height-default elementor-section-height-default\" data-id=\"1d27bc4\" data-element_type=\"section\">\n\t\t\t\t\t\t<div class=\"elementor-container elementor-column-gap-default\">\n\t\t\t\t\t<div class=\"elementor-column elementor-col-100 elementor-top-column elementor-element elementor-element-271d98a3\" data-id=\"271d98a3\" data-element_type=\"column\">\n\t\t\t<div class=\"elementor-widget-wrap elementor-element-populated\">\n\t\t\t\t\t\t<div class=\"elementor-element elementor-element-4bbfe0b6 elementor-widget elementor-widget-heading\" data-id=\"4bbfe0b6\" data-element_type=\"widget\" data-widget_type=\"heading.default\">\n\t\t\t\t<div class=\"elementor-widget-container\">\n\t\t\t\t\t<h2 class=\"elementor-heading-title elementor-size-default\">Consell d'administraci\u00f3<\/h2>\t\t\t\t<\/div>\n\t\t\t\t<\/div>\n\t\t\t\t<div class=\"elementor-element elementor-element-0e32ea9 elementor-widget elementor-widget-text-editor\" data-id=\"0e32ea9\" data-element_type=\"widget\" data-widget_type=\"text-editor.default\">\n\t\t\t\t<div class=\"elementor-widget-container\">\n\t\t\t\t\t\t\t\t\t<p>El Consell d&#8217;Administraci\u00f3 est\u00e0 format per:<\/p>\n<p>&#8211;&nbsp;<u>PRESIDENTA<\/u>: M\u00aa Desamparados Folgado Tonda<\/p>\n<p>&#8211;&nbsp;<u>VICE-PRESIDENT<\/u>: Santiago Calatayud Fabi\u00e1<\/p>\n<p>&#8211;&nbsp;<u>CONSELLER DELEGAT<\/u>: Jos\u00e9 Francisco Gozalvo Ll\u00e1cer<\/p>\n<p>&#8211;&nbsp;<u>SECRETARI<\/u>: Benito Nemesio Casab\u00e1n<\/p>\n<p>&#8211;&nbsp;<u>VOCALS<\/u>:<\/p>\n<div>\n<div>\n<div>\n<ul style=\"font-size: 18px; background-color: rgb(255, 255, 255);\">\n<li style=\"font-size: 18px;\"><span style=\"background-color: transparent;\">Mar\u00eda \u00c1ngeles Lerma Cervera<\/span><br><\/li>\n<li style=\"font-size: 18px;\">Amparo Chust Gim\u00e9nez<\/li>\n<li style=\"font-size: 18px;\"><span style=\"background-color: transparent;\">Inmaculada Amat Mart\u00ednez<\/span><br><\/li>\n<li style=\"font-size: 18px;\">Eduardo G\u00f3mez Silgo<\/li>\n<li style=\"font-size: 18px;\">Severino Yago Torrent<\/li>\n<li style=\"font-size: 18px;\">Inmaculada Garc\u00eda Barat<\/li>\n<li style=\"font-size: 18px;\">Andreu Bermell L\u00f3pez<\/li>\n<\/ul>\n<\/div>\n<div>\n<div>\n<div>\n<ul>\n<\/ul>\n<\/div>\n<\/div>\n<div> <\/div>\n<\/div>\n<div> <\/div>\n<div>\n<div>\n<div> <\/div>\n<\/div>\n<\/div>\n<\/div>\n<\/div>\t\t\t\t\t\t\t\t<\/div>\n\t\t\t\t<\/div>\n\t\t\t\t\t<\/div>\n\t\t<\/div>\n\t\t\t\t\t<\/div>\n\t\t<\/section>\n\t\t\t\t<\/div>\n\t\t","protected":false},"excerpt":{"rendered":"<p>Consell d&#8217;administraci\u00f3 El Consell d&#8217;Administraci\u00f3 est\u00e0 format per: &#8211;&nbsp;PRESIDENTA: M\u00aa Desamparados Folgado Tonda &#8211;&nbsp;VICE-PRESIDENT: Santiago Calatayud Fabi\u00e1 &#8211;&nbsp;CONSELLER DELEGAT: Jos\u00e9 Francisco Gozalvo Ll\u00e1cer &#8211;&nbsp;SECRETARI: Benito Nemesio Casab\u00e1n &#8211;&nbsp;VOCALS: Mar\u00eda \u00c1ngeles Lerma Cervera Amparo Chust Gim\u00e9nez Inmaculada Amat Mart\u00ednez Eduardo G\u00f3mez Silgo Severino Yago Torrent Inmaculada Garc\u00eda Barat Andreu Bermell L\u00f3pez<\/p>\n","protected":false},"author":1,"featured_media":0,"parent":0,"menu_order":0,"comment_status":"closed","ping_status":"closed","template":"elementor_header_footer","meta":{"_acf_changed":false,"footnotes":""},"class_list":["post-2841","page","type-page","status-publish","hentry"],"acf":[],"_links":{"self":[{"href":"https:\/\/nousespais.es\/va\/wp-json\/wp\/v2\/pages\/2841","targetHints":{"allow":["GET"]}}],"collection":[{"href":"https:\/\/nousespais.es\/va\/wp-json\/wp\/v2\/pages"}],"about":[{"href":"https:\/\/nousespais.es\/va\/wp-json\/wp\/v2\/types\/page"}],"author":[{"embeddable":true,"href":"https:\/\/nousespais.es\/va\/wp-json\/wp\/v2\/users\/1"}],"replies":[{"embeddable":true,"href":"https:\/\/nousespais.es\/va\/wp-json\/wp\/v2\/comments?post=2841"}],"version-history":[{"count":23,"href":"https:\/\/nousespais.es\/va\/wp-json\/wp\/v2\/pages\/2841\/revisions"}],"predecessor-version":[{"id":88128,"href":"https:\/\/nousespais.es\/va\/wp-json\/wp\/v2\/pages\/2841\/revisions\/88128"}],"wp:attachment":[{"href":"https:\/\/nousespais.es\/va\/wp-json\/wp\/v2\/media?parent=2841"}],"curies":[{"name":"wp","href":"https:\/\/api.w.org\/{rel}","templated":true}]}}