{"id":2934,"date":"2022-05-20T20:46:57","date_gmt":"2022-05-20T20:46:57","guid":{"rendered":"https:\/\/nousespais.es\/principis\/"},"modified":"2022-05-30T10:26:33","modified_gmt":"2022-05-30T10:26:33","slug":"principis","status":"publish","type":"page","link":"https:\/\/nousespais.es\/va\/principis\/","title":{"rendered":"Principis"},"content":{"rendered":"\t\t<div data-elementor-type=\"wp-page\" data-elementor-id=\"2934\" class=\"elementor elementor-2934\" data-elementor-post-type=\"page\">\n\t\t\t\t\t\t<section class=\"elementor-section elementor-top-section elementor-element elementor-element-466530fc elementor-section-boxed elementor-section-height-default elementor-section-height-default\" data-id=\"466530fc\" data-element_type=\"section\">\n\t\t\t\t\t\t<div class=\"elementor-container elementor-column-gap-default\">\n\t\t\t\t\t<div class=\"elementor-column elementor-col-100 elementor-top-column elementor-element elementor-element-1ab6c91c\" data-id=\"1ab6c91c\" data-element_type=\"column\">\n\t\t\t<div class=\"elementor-widget-wrap elementor-element-populated\">\n\t\t\t\t\t\t<div class=\"elementor-element elementor-element-436f8b56 elementor-widget elementor-widget-heading\" data-id=\"436f8b56\" data-element_type=\"widget\" data-widget_type=\"heading.default\">\n\t\t\t\t<div class=\"elementor-widget-container\">\n\t\t\t\t\t<h2 class=\"elementor-heading-title elementor-size-default\">Principis<\/h2>\t\t\t\t<\/div>\n\t\t\t\t<\/div>\n\t\t\t\t<div class=\"elementor-element elementor-element-75cace66 elementor-widget elementor-widget-text-editor\" data-id=\"75cace66\" data-element_type=\"widget\" data-widget_type=\"text-editor.default\">\n\t\t\t\t<div class=\"elementor-widget-container\">\n\t\t\t\t\t\t\t\t\t<p><strong>PRINCIPIS QUE REGIXEN L&#8217;ACTUACI\u00d3 DE NOUS ESPAIS TORRENT S.A. <\/strong> <\/p><p>La justificaci\u00f3 per a <strong>mantindre<\/strong> qualsevol societat mercantil de capital p\u00fablic local \u00e9s guanyar eficacia, flexibilitat i agilitat en la gesti\u00f3 de determinats servicis p\u00fablics. <\/p><p><strong>NOUS ESPAIS TORRENT S.A.:<\/strong> <\/p><ol><li>Unix eixa efic\u00e0cia, flexibilitat i agilitat, amb el respecte als principis de <em>legalitat, interdicci\u00f3 de l&#8217;arbitrarietat, objectivitat, jerarquia, m\u00e8rit, capacitat i igualtat<\/em>. <\/li><li>Complix el procediment per a la contractaci\u00f3 d&#8217;obres i servicis, establit en el Text Ref\u00f3s de la Llei de Contractes del Sector P\u00fablic aprovat pel Reial Decret Legislatiu 3\/2011, de 14 de novembre. <\/li><li>Respecta els principis de m\u00e8rit i capacitat en la selecci\u00f3 i contractaci\u00f3 de personal.<\/li><li>Fomenta la transpar\u00e8ncia i l&#8217;acc\u00e9s a la informaci\u00f3 p\u00fablica, i complix les normes de bon govern, d&#8217;acord amb la Llei 19\/2013, de 9 de desembre. <\/li><li>Racionalitza la seua estructura organitzativa d&#8217;acord amb els principis d&#8217;efici\u00e8ncia, estabilitat i sostenibilitat financera, desenrotllats en la Llei 27\/2013, de 27 de desembre. <\/li><li>Garantix un control financer i pressupostari rigor\u00f3s. <\/li><li>Afavorix la iniciativa econ\u00f2mica privada.<\/li><\/ol>\t\t\t\t\t\t\t\t<\/div>\n\t\t\t\t<\/div>\n\t\t\t\t\t<\/div>\n\t\t<\/div>\n\t\t\t\t\t<\/div>\n\t\t<\/section>\n\t\t\t\t<\/div>\n\t\t","protected":false},"excerpt":{"rendered":"<p>Principis PRINCIPIS QUE REGIXEN L&#8217;ACTUACI\u00d3 DE NOUS ESPAIS TORRENT S.A. La justificaci\u00f3 per a mantindre qualsevol societat mercantil de capital p\u00fablic local \u00e9s guanyar eficacia, flexibilitat i agilitat en la gesti\u00f3 de determinats servicis p\u00fablics. NOUS ESPAIS TORRENT S.A.: Unix eixa efic\u00e0cia, flexibilitat i agilitat, amb el respecte als principis de legalitat, interdicci\u00f3 de l&#8217;arbitrarietat, [&hellip;]<\/p>\n","protected":false},"author":1,"featured_media":0,"parent":0,"menu_order":0,"comment_status":"closed","ping_status":"closed","template":"elementor_header_footer","meta":{"_acf_changed":false,"footnotes":""},"class_list":["post-2934","page","type-page","status-publish","hentry"],"acf":[],"_links":{"self":[{"href":"https:\/\/nousespais.es\/va\/wp-json\/wp\/v2\/pages\/2934","targetHints":{"allow":["GET"]}}],"collection":[{"href":"https:\/\/nousespais.es\/va\/wp-json\/wp\/v2\/pages"}],"about":[{"href":"https:\/\/nousespais.es\/va\/wp-json\/wp\/v2\/types\/page"}],"author":[{"embeddable":true,"href":"https:\/\/nousespais.es\/va\/wp-json\/wp\/v2\/users\/1"}],"replies":[{"embeddable":true,"href":"https:\/\/nousespais.es\/va\/wp-json\/wp\/v2\/comments?post=2934"}],"version-history":[{"count":2,"href":"https:\/\/nousespais.es\/va\/wp-json\/wp\/v2\/pages\/2934\/revisions"}],"predecessor-version":[{"id":3734,"href":"https:\/\/nousespais.es\/va\/wp-json\/wp\/v2\/pages\/2934\/revisions\/3734"}],"wp:attachment":[{"href":"https:\/\/nousespais.es\/va\/wp-json\/wp\/v2\/media?parent=2934"}],"curies":[{"name":"wp","href":"https:\/\/api.w.org\/{rel}","templated":true}]}}