{"id":2941,"date":"2022-05-27T03:46:27","date_gmt":"2022-05-27T03:46:27","guid":{"rendered":"https:\/\/nousespais.es\/obra-nova\/"},"modified":"2022-05-30T18:45:18","modified_gmt":"2022-05-30T18:45:18","slug":"obra-nova","status":"publish","type":"page","link":"https:\/\/nousespais.es\/va\/obra-nova\/","title":{"rendered":"Obra nova"},"content":{"rendered":"\t\t<div data-elementor-type=\"wp-page\" data-elementor-id=\"2941\" class=\"elementor elementor-2941\" data-elementor-post-type=\"page\">\n\t\t\t\t\t\t<section class=\"elementor-section elementor-top-section elementor-element elementor-element-802a109 elementor-section-boxed elementor-section-height-default elementor-section-height-default\" data-id=\"802a109\" data-element_type=\"section\">\n\t\t\t\t\t\t<div class=\"elementor-container elementor-column-gap-default\">\n\t\t\t\t\t<div class=\"elementor-column elementor-col-100 elementor-top-column elementor-element elementor-element-51bbdea\" data-id=\"51bbdea\" data-element_type=\"column\">\n\t\t\t<div class=\"elementor-widget-wrap elementor-element-populated\">\n\t\t\t\t\t\t<div class=\"elementor-element elementor-element-e5bd99e elementor-widget elementor-widget-heading\" data-id=\"e5bd99e\" data-element_type=\"widget\" data-widget_type=\"heading.default\">\n\t\t\t\t<div class=\"elementor-widget-container\">\n\t\t\t\t\t<h2 class=\"elementor-heading-title elementor-size-default\">Obra nova<\/h2>\t\t\t\t<\/div>\n\t\t\t\t<\/div>\n\t\t\t\t\t<\/div>\n\t\t<\/div>\n\t\t\t\t\t<\/div>\n\t\t<\/section>\n\t\t\t\t<\/div>\n\t\t","protected":false},"excerpt":{"rendered":"<p>Obra nova ejemplo 1 Edifici Gabriela Mistral Informaci\u00f3n y Venta 96 156 21 52 C\/ M\u00fasic Jos\u00e9 Ort\u00ed Soriano, 12 (Passatge en planta baixa que comunica amb el C\/ Gabriela Mistral) 20 Vivendes protegides &#8230; Edifici Gabriela Mistral Edifici Gabriela Mistral Informaci\u00f3n y Venta 96 156 21 52 C\/ M\u00fasic Jos\u00e9 Ort\u00ed Soriano, 12 (Passatge [&hellip;]<\/p>\n","protected":false},"author":1,"featured_media":0,"parent":0,"menu_order":0,"comment_status":"closed","ping_status":"closed","template":"elementor_header_footer","meta":{"_acf_changed":false,"footnotes":""},"class_list":["post-2941","page","type-page","status-publish","hentry"],"acf":[],"_links":{"self":[{"href":"https:\/\/nousespais.es\/va\/wp-json\/wp\/v2\/pages\/2941","targetHints":{"allow":["GET"]}}],"collection":[{"href":"https:\/\/nousespais.es\/va\/wp-json\/wp\/v2\/pages"}],"about":[{"href":"https:\/\/nousespais.es\/va\/wp-json\/wp\/v2\/types\/page"}],"author":[{"embeddable":true,"href":"https:\/\/nousespais.es\/va\/wp-json\/wp\/v2\/users\/1"}],"replies":[{"embeddable":true,"href":"https:\/\/nousespais.es\/va\/wp-json\/wp\/v2\/comments?post=2941"}],"version-history":[{"count":5,"href":"https:\/\/nousespais.es\/va\/wp-json\/wp\/v2\/pages\/2941\/revisions"}],"predecessor-version":[{"id":4103,"href":"https:\/\/nousespais.es\/va\/wp-json\/wp\/v2\/pages\/2941\/revisions\/4103"}],"wp:attachment":[{"href":"https:\/\/nousespais.es\/va\/wp-json\/wp\/v2\/media?parent=2941"}],"curies":[{"name":"wp","href":"https:\/\/api.w.org\/{rel}","templated":true}]}}