{"id":2945,"date":"2022-05-20T22:53:51","date_gmt":"2022-05-20T22:53:51","guid":{"rendered":"https:\/\/nousespais.es\/servei-municipal-de-jardineria\/"},"modified":"2022-05-30T10:29:55","modified_gmt":"2022-05-30T10:29:55","slug":"servei-municipal-de-jardineria","status":"publish","type":"page","link":"https:\/\/nousespais.es\/va\/servei-municipal-de-jardineria\/","title":{"rendered":"Servei Municipal de Jardineria"},"content":{"rendered":"\t\t<div data-elementor-type=\"wp-page\" data-elementor-id=\"2945\" class=\"elementor elementor-2945\" data-elementor-post-type=\"page\">\n\t\t\t\t\t\t<section class=\"elementor-section elementor-top-section elementor-element elementor-element-42036755 elementor-section-boxed elementor-section-height-default elementor-section-height-default\" data-id=\"42036755\" data-element_type=\"section\">\n\t\t\t\t\t\t<div class=\"elementor-container elementor-column-gap-default\">\n\t\t\t\t\t<div class=\"elementor-column elementor-col-100 elementor-top-column elementor-element elementor-element-4fad5791\" data-id=\"4fad5791\" data-element_type=\"column\">\n\t\t\t<div class=\"elementor-widget-wrap elementor-element-populated\">\n\t\t\t\t\t\t<div class=\"elementor-element elementor-element-26054a6e elementor-widget elementor-widget-heading\" data-id=\"26054a6e\" data-element_type=\"widget\" data-widget_type=\"heading.default\">\n\t\t\t\t<div class=\"elementor-widget-container\">\n\t\t\t\t\t<h2 class=\"elementor-heading-title elementor-size-default\">Servei Municipal de Jardineria<\/h2>\t\t\t\t<\/div>\n\t\t\t\t<\/div>\n\t\t\t\t<section class=\"elementor-section elementor-inner-section elementor-element elementor-element-6af95af2 elementor-section-content-middle elementor-section-boxed elementor-section-height-default elementor-section-height-default\" data-id=\"6af95af2\" data-element_type=\"section\">\n\t\t\t\t\t\t<div class=\"elementor-container elementor-column-gap-default\">\n\t\t\t\t\t<div class=\"elementor-column elementor-col-50 elementor-inner-column elementor-element elementor-element-2f99b2f0\" data-id=\"2f99b2f0\" data-element_type=\"column\">\n\t\t\t<div class=\"elementor-widget-wrap elementor-element-populated\">\n\t\t\t\t\t\t<div class=\"elementor-element elementor-element-b5789dd elementor-widget elementor-widget-image\" data-id=\"b5789dd\" data-element_type=\"widget\" data-widget_type=\"image.default\">\n\t\t\t\t<div class=\"elementor-widget-container\">\n\t\t\t\t\t\t\t\t\t\t\t\t\t\t\t<img fetchpriority=\"high\" decoding=\"async\" width=\"800\" height=\"600\" src=\"https:\/\/nousespais.es\/wp-content\/uploads\/2022\/05\/jardineria-torrent.jpg\" class=\"attachment-large size-large wp-image-2161\" alt=\"\" srcset=\"https:\/\/nousespais.es\/wp-content\/uploads\/2022\/05\/jardineria-torrent.jpg 800w, https:\/\/nousespais.es\/wp-content\/uploads\/2022\/05\/jardineria-torrent-300x225.jpg 300w, https:\/\/nousespais.es\/wp-content\/uploads\/2022\/05\/jardineria-torrent-768x576.jpg 768w\" sizes=\"(max-width: 800px) 100vw, 800px\" \/>\t\t\t\t\t\t\t\t\t\t\t\t\t\t\t<\/div>\n\t\t\t\t<\/div>\n\t\t\t\t\t<\/div>\n\t\t<\/div>\n\t\t\t\t<div class=\"elementor-column elementor-col-50 elementor-inner-column elementor-element elementor-element-13b39779\" data-id=\"13b39779\" data-element_type=\"column\">\n\t\t\t<div class=\"elementor-widget-wrap elementor-element-populated\">\n\t\t\t\t\t\t<div class=\"elementor-element elementor-element-66079d8 elementor-widget elementor-widget-text-editor\" data-id=\"66079d8\" data-element_type=\"widget\" data-widget_type=\"text-editor.default\">\n\t\t\t\t<div class=\"elementor-widget-container\">\n\t\t\t\t\t\t\t\t\t<p><strong>TEL\u00c8FON DIRECTE JARDINERIA: 96-155 15 09<\/strong><\/p><p>En l&#8217;actualitat, i des de que Nous Espais Torrent, S.A. comen\u00e7a la gesti\u00f3 del Servici de Jardineria Municipal, el manteniment de les zones verdes de la ciutat es desenvolupa amb una escala jer\u00e0rquica de professionals en la mat\u00e8ria que organitzen els treballs, realitzen un seguiment correcte del seu compliment i execuci\u00f3, i analitzen cuidadosament di\u00e0riament l&#8217;estat dels parcs i jardins, els seus problemes i la seua resoluci\u00f3. Aix\u00f2 passa per comptar amb un equip de jardineria format per encarregats de zones, oficials de jardineria, peons especialistes i jardiners.<\/p>\t\t\t\t\t\t\t\t<\/div>\n\t\t\t\t<\/div>\n\t\t\t\t\t<\/div>\n\t\t<\/div>\n\t\t\t\t\t<\/div>\n\t\t<\/section>\n\t\t\t\t<div class=\"elementor-element elementor-element-4f8f67c1 elementor-widget elementor-widget-text-editor\" data-id=\"4f8f67c1\" data-element_type=\"widget\" data-widget_type=\"text-editor.default\">\n\t\t\t\t<div class=\"elementor-widget-container\">\n\t\t\t\t\t\t\t\t\t<p>Segons dades del document \u201c<em>Torrent Gran Ciutat<\/em>\u201d, la superf\u00edcie de zones enjardinades que es mantenen en l&#8217;actualitat per Nous Espais Torrent, S.A. en el nucli urb\u00e0 \u00e9s d&#8217;aproximadament 241.424,07 m2, a la qual cosa se suma la superf\u00edcie de jardins del sector terciari d&#8217;El Toll-l\u2019Alberca amb una superf\u00edcie aproximada de 27.337 m2, i el Vedat amb 551.198,45 m\u00b2. <\/p><p>Des d&#8217;agost de 2013 cal afegir a estes superf\u00edcies les zones verdes del Sector-7 amb 8.000 m2, quedant d&#8217;esta manera centralitzat, en el Servici de Jardineria de Nous Espais, el manteniment de totes les superf\u00edcies enjardinades de la ciutat de Torrent, amb un <strong>total de 827.959,52 m2<\/strong>.<\/p><p>El Servici de Jardineria Municipal at\u00e9n les incid\u00e8ncies que plantegen els ciutadans de Torrent , i que arriben a les nostres oficines pels mitjans seg\u00fcents: <em>Programa de Gesti\u00f3 d&#8217;incid\u00e8ncias en la Via P\u00fablica<\/em> (<em>GIVP<\/em>), accesible des de la web de l&#8217;Ajuntament (www.torrent.es), tel\u00e8fon, visita, correu electr\u00f2nic o notificaci\u00f3 a l&#8217;Ajuntament (TDIC).<\/p><p>Per a atendre estes incid\u00e8ncies d&#8217;una forma directa el Servici de Jardineria posa a disposici\u00f3 dels ciutadans l&#8217;esmentat <em><strong>Programa de Gesti\u00f3 d&#8217;Incid\u00e8ncies en la Via P\u00fablica<\/strong><\/em> (<strong>GIVP<\/strong>) (enlla\u00e7 directe <a href=\"http:\/\/www.torrent.es\/givp\/vc\" target=\"_blank\" rel=\"noopener\">a\u00e7\u00ed<\/a>), a m\u00e9s d&#8217;un tel\u00e8fon de contacte (<strong>96 155 15 09<\/strong>) i un correu electr\u00f2nic (<em><strong>jardineria@nousespais.es<\/strong><\/em>). Tamb\u00e9 a les oficines centrals de l&#8217;empresa, situades en <strong>Pla\u00e7a Major, 31<\/strong>.<\/p><p>Tamb\u00e9 posem a disposici\u00f3 dels ciutadans les nostres oficines del carrer Perell\u00f3, 21-A, en el Pol\u00edgon Industrial Mas del Jutge de Torrent, per a qualsevol consulta que vullguen realitzar.<\/p><p>Les incid\u00e8ncies es van resolent per orde d&#8217;arribada i\/o urg\u00e8ncia en la resoluci\u00f3, i es van intercalant amb la programaci\u00f3 setmanal de les tasques a realitzar en les distintes zones verdes de la ciutat.<\/p><p> <\/p>\t\t\t\t\t\t\t\t<\/div>\n\t\t\t\t<\/div>\n\t\t\t\t<div class=\"elementor-element elementor-element-9367afd elementor-icon-list--layout-traditional elementor-list-item-link-full_width elementor-widget elementor-widget-icon-list\" data-id=\"9367afd\" data-element_type=\"widget\" data-widget_type=\"icon-list.default\">\n\t\t\t\t<div class=\"elementor-widget-container\">\n\t\t\t\t\t\t\t<ul class=\"elementor-icon-list-items\">\n\t\t\t\t\t\t\t<li class=\"elementor-icon-list-item\">\n\t\t\t\t\t\t\t\t\t\t\t<a href=\"https:\/\/nousespais.es\/wp-content\/uploads\/2022\/05\/memoria-jardineria-2017-1.pdf\" target=\"_blank\">\n\n\t\t\t\t\t\t\t\t\t\t\t\t<span class=\"elementor-icon-list-icon\">\n\t\t\t\t\t\t\t<svg xmlns=\"http:\/\/www.w3.org\/2000\/svg\" width=\"18.774\" height=\"24.316\" viewBox=\"0 0 18.774 24.316\"><g id=\"noun-pdf-3071298\" transform=\"translate(-145.349 -9.828)\"><path id=\"Trazado_219\" data-name=\"Trazado 219\" d=\"M213.376,136.465a2.248,2.248,0,0,0,1.548-.449,1.744,1.744,0,0,0,.5-1.4,1.856,1.856,0,0,0-.5-1.423,2.274,2.274,0,0,0-1.573-.474h-1.673v5.193h1.049v-1.448Zm-.649-2.746h.6a1.3,1.3,0,0,1,.774.2.749.749,0,0,1,.25.649,1.033,1.033,0,0,1-.2.674.929.929,0,0,1-.724.225h-.7Z\" transform=\"translate(-63.133 -117.175)\" fill=\"#231f20\"><\/path><path id=\"Trazado_220\" data-name=\"Trazado 220\" d=\"M309.963,136.653a2.643,2.643,0,0,0,.649-1.922,2.591,2.591,0,0,0-.674-1.9,2.637,2.637,0,0,0-1.947-.674h-1.673v5.193h1.623a2.563,2.563,0,0,0,2.022-.7Zm-.8-.7a1.416,1.416,0,0,1-1.1.4h-.674v-3.171h.6a1.628,1.628,0,0,1,1.2.424,1.707,1.707,0,0,1,.4,1.173,1.846,1.846,0,0,1-.424,1.173Z\" transform=\"translate(-153.554 -116.639)\" fill=\"#231f20\"><\/path><path id=\"Trazado_221\" data-name=\"Trazado 221\" d=\"M418.764,133.743v-1.024h-3.245v5.193h1.049v-2.047h2.072v-1h-2.072v-1.123Z\" transform=\"translate(-257.887 -117.174)\" fill=\"#231f20\"><\/path><path id=\"Trazado_222\" data-name=\"Trazado 222\" d=\"M162.25,10.078H147.172a1.566,1.566,0,0,0-1.573,1.573V30.074a1.566,1.566,0,0,0,1.573,1.573h3.47l-.949-.949h-2.5a.618.618,0,0,1-.624-.624V11.651a.618.618,0,0,1,.624-.624h15.1a.618.618,0,0,1,.624.624V30.074a.618.618,0,0,1-.624.624h-2.147l-.949.949h3.1a1.566,1.566,0,0,0,1.573-1.573V11.651a1.626,1.626,0,0,0-1.623-1.573Z\" transform=\"translate(0 0)\" fill=\"#231f20\"><\/path><path id=\"Trazado_222_-_Contorno\" data-name=\"Trazado 222 - Contorno\" d=\"M147.172,9.828H162.25a1.884,1.884,0,0,1,1.873,1.816V30.074A1.825,1.825,0,0,1,162.3,31.9h-3.7l1.449-1.449h2.25a.37.37,0,0,0,.374-.374V11.651a.37.37,0,0,0-.374-.374H147.2a.37.37,0,0,0-.374.374V30.074a.37.37,0,0,0,.374.374h2.6l1.449,1.449h-4.074a1.825,1.825,0,0,1-1.823-1.823V11.651A1.825,1.825,0,0,1,147.172,9.828Zm16.451,1.827a1.381,1.381,0,0,0-1.373-1.327H147.172a1.309,1.309,0,0,0-1.323,1.323V30.074a1.309,1.309,0,0,0,1.323,1.323h2.866l-.449-.449H147.2a.865.865,0,0,1-.874-.874V11.651a.865.865,0,0,1,.874-.874h15.1a.865.865,0,0,1,.874.874V30.074a.865.865,0,0,1-.874.874h-2.043l-.449.449H162.3a1.309,1.309,0,0,0,1.323-1.323Z\" transform=\"translate(0 0)\" fill=\"#231f20\"><\/path><path id=\"Trazado_223\" data-name=\"Trazado 223\" d=\"M237.268,311.739l-3.27-.025v-5.392H229.5v5.317l-3.27-.05,5.592,5.592Z\" transform=\"translate(-77.04 -283.037)\" fill=\"#231f20\"><\/path><\/g><\/svg>\t\t\t\t\t\t<\/span>\n\t\t\t\t\t\t\t\t\t\t<span class=\"elementor-icon-list-text\">Memoria jardineria 2017.pdf <\/span>\n\t\t\t\t\t\t\t\t\t\t\t<\/a>\n\t\t\t\t\t\t\t\t\t<\/li>\n\t\t\t\t\t\t\t\t<li class=\"elementor-icon-list-item\">\n\t\t\t\t\t\t\t\t\t\t\t<a href=\"https:\/\/nousespais.es\/wp-content\/uploads\/2022\/05\/memoria-jardineria-2018-1.pdf\" target=\"_blank\">\n\n\t\t\t\t\t\t\t\t\t\t\t\t<span class=\"elementor-icon-list-icon\">\n\t\t\t\t\t\t\t<svg xmlns=\"http:\/\/www.w3.org\/2000\/svg\" width=\"18.774\" height=\"24.316\" viewBox=\"0 0 18.774 24.316\"><g id=\"noun-pdf-3071298\" transform=\"translate(-145.349 -9.828)\"><path id=\"Trazado_219\" data-name=\"Trazado 219\" d=\"M213.376,136.465a2.248,2.248,0,0,0,1.548-.449,1.744,1.744,0,0,0,.5-1.4,1.856,1.856,0,0,0-.5-1.423,2.274,2.274,0,0,0-1.573-.474h-1.673v5.193h1.049v-1.448Zm-.649-2.746h.6a1.3,1.3,0,0,1,.774.2.749.749,0,0,1,.25.649,1.033,1.033,0,0,1-.2.674.929.929,0,0,1-.724.225h-.7Z\" transform=\"translate(-63.133 -117.175)\" fill=\"#231f20\"><\/path><path id=\"Trazado_220\" data-name=\"Trazado 220\" d=\"M309.963,136.653a2.643,2.643,0,0,0,.649-1.922,2.591,2.591,0,0,0-.674-1.9,2.637,2.637,0,0,0-1.947-.674h-1.673v5.193h1.623a2.563,2.563,0,0,0,2.022-.7Zm-.8-.7a1.416,1.416,0,0,1-1.1.4h-.674v-3.171h.6a1.628,1.628,0,0,1,1.2.424,1.707,1.707,0,0,1,.4,1.173,1.846,1.846,0,0,1-.424,1.173Z\" transform=\"translate(-153.554 -116.639)\" fill=\"#231f20\"><\/path><path id=\"Trazado_221\" data-name=\"Trazado 221\" d=\"M418.764,133.743v-1.024h-3.245v5.193h1.049v-2.047h2.072v-1h-2.072v-1.123Z\" transform=\"translate(-257.887 -117.174)\" fill=\"#231f20\"><\/path><path id=\"Trazado_222\" data-name=\"Trazado 222\" d=\"M162.25,10.078H147.172a1.566,1.566,0,0,0-1.573,1.573V30.074a1.566,1.566,0,0,0,1.573,1.573h3.47l-.949-.949h-2.5a.618.618,0,0,1-.624-.624V11.651a.618.618,0,0,1,.624-.624h15.1a.618.618,0,0,1,.624.624V30.074a.618.618,0,0,1-.624.624h-2.147l-.949.949h3.1a1.566,1.566,0,0,0,1.573-1.573V11.651a1.626,1.626,0,0,0-1.623-1.573Z\" transform=\"translate(0 0)\" fill=\"#231f20\"><\/path><path id=\"Trazado_222_-_Contorno\" data-name=\"Trazado 222 - Contorno\" d=\"M147.172,9.828H162.25a1.884,1.884,0,0,1,1.873,1.816V30.074A1.825,1.825,0,0,1,162.3,31.9h-3.7l1.449-1.449h2.25a.37.37,0,0,0,.374-.374V11.651a.37.37,0,0,0-.374-.374H147.2a.37.37,0,0,0-.374.374V30.074a.37.37,0,0,0,.374.374h2.6l1.449,1.449h-4.074a1.825,1.825,0,0,1-1.823-1.823V11.651A1.825,1.825,0,0,1,147.172,9.828Zm16.451,1.827a1.381,1.381,0,0,0-1.373-1.327H147.172a1.309,1.309,0,0,0-1.323,1.323V30.074a1.309,1.309,0,0,0,1.323,1.323h2.866l-.449-.449H147.2a.865.865,0,0,1-.874-.874V11.651a.865.865,0,0,1,.874-.874h15.1a.865.865,0,0,1,.874.874V30.074a.865.865,0,0,1-.874.874h-2.043l-.449.449H162.3a1.309,1.309,0,0,0,1.323-1.323Z\" transform=\"translate(0 0)\" fill=\"#231f20\"><\/path><path id=\"Trazado_223\" data-name=\"Trazado 223\" d=\"M237.268,311.739l-3.27-.025v-5.392H229.5v5.317l-3.27-.05,5.592,5.592Z\" transform=\"translate(-77.04 -283.037)\" fill=\"#231f20\"><\/path><\/g><\/svg>\t\t\t\t\t\t<\/span>\n\t\t\t\t\t\t\t\t\t\t<span class=\"elementor-icon-list-text\">Memoria jardineria 2018.pdf <\/span>\n\t\t\t\t\t\t\t\t\t\t\t<\/a>\n\t\t\t\t\t\t\t\t\t<\/li>\n\t\t\t\t\t\t\t\t<li class=\"elementor-icon-list-item\">\n\t\t\t\t\t\t\t\t\t\t\t<a href=\"https:\/\/nousespais.es\/wp-content\/uploads\/2022\/05\/memoria-anual-jardin-2019-1.pdf\" target=\"_blank\">\n\n\t\t\t\t\t\t\t\t\t\t\t\t<span class=\"elementor-icon-list-icon\">\n\t\t\t\t\t\t\t<svg xmlns=\"http:\/\/www.w3.org\/2000\/svg\" width=\"18.774\" height=\"24.316\" viewBox=\"0 0 18.774 24.316\"><g id=\"noun-pdf-3071298\" transform=\"translate(-145.349 -9.828)\"><path id=\"Trazado_219\" data-name=\"Trazado 219\" d=\"M213.376,136.465a2.248,2.248,0,0,0,1.548-.449,1.744,1.744,0,0,0,.5-1.4,1.856,1.856,0,0,0-.5-1.423,2.274,2.274,0,0,0-1.573-.474h-1.673v5.193h1.049v-1.448Zm-.649-2.746h.6a1.3,1.3,0,0,1,.774.2.749.749,0,0,1,.25.649,1.033,1.033,0,0,1-.2.674.929.929,0,0,1-.724.225h-.7Z\" transform=\"translate(-63.133 -117.175)\" fill=\"#231f20\"><\/path><path id=\"Trazado_220\" data-name=\"Trazado 220\" d=\"M309.963,136.653a2.643,2.643,0,0,0,.649-1.922,2.591,2.591,0,0,0-.674-1.9,2.637,2.637,0,0,0-1.947-.674h-1.673v5.193h1.623a2.563,2.563,0,0,0,2.022-.7Zm-.8-.7a1.416,1.416,0,0,1-1.1.4h-.674v-3.171h.6a1.628,1.628,0,0,1,1.2.424,1.707,1.707,0,0,1,.4,1.173,1.846,1.846,0,0,1-.424,1.173Z\" transform=\"translate(-153.554 -116.639)\" fill=\"#231f20\"><\/path><path id=\"Trazado_221\" data-name=\"Trazado 221\" d=\"M418.764,133.743v-1.024h-3.245v5.193h1.049v-2.047h2.072v-1h-2.072v-1.123Z\" transform=\"translate(-257.887 -117.174)\" fill=\"#231f20\"><\/path><path id=\"Trazado_222\" data-name=\"Trazado 222\" d=\"M162.25,10.078H147.172a1.566,1.566,0,0,0-1.573,1.573V30.074a1.566,1.566,0,0,0,1.573,1.573h3.47l-.949-.949h-2.5a.618.618,0,0,1-.624-.624V11.651a.618.618,0,0,1,.624-.624h15.1a.618.618,0,0,1,.624.624V30.074a.618.618,0,0,1-.624.624h-2.147l-.949.949h3.1a1.566,1.566,0,0,0,1.573-1.573V11.651a1.626,1.626,0,0,0-1.623-1.573Z\" transform=\"translate(0 0)\" fill=\"#231f20\"><\/path><path id=\"Trazado_222_-_Contorno\" data-name=\"Trazado 222 - Contorno\" d=\"M147.172,9.828H162.25a1.884,1.884,0,0,1,1.873,1.816V30.074A1.825,1.825,0,0,1,162.3,31.9h-3.7l1.449-1.449h2.25a.37.37,0,0,0,.374-.374V11.651a.37.37,0,0,0-.374-.374H147.2a.37.37,0,0,0-.374.374V30.074a.37.37,0,0,0,.374.374h2.6l1.449,1.449h-4.074a1.825,1.825,0,0,1-1.823-1.823V11.651A1.825,1.825,0,0,1,147.172,9.828Zm16.451,1.827a1.381,1.381,0,0,0-1.373-1.327H147.172a1.309,1.309,0,0,0-1.323,1.323V30.074a1.309,1.309,0,0,0,1.323,1.323h2.866l-.449-.449H147.2a.865.865,0,0,1-.874-.874V11.651a.865.865,0,0,1,.874-.874h15.1a.865.865,0,0,1,.874.874V30.074a.865.865,0,0,1-.874.874h-2.043l-.449.449H162.3a1.309,1.309,0,0,0,1.323-1.323Z\" transform=\"translate(0 0)\" fill=\"#231f20\"><\/path><path id=\"Trazado_223\" data-name=\"Trazado 223\" d=\"M237.268,311.739l-3.27-.025v-5.392H229.5v5.317l-3.27-.05,5.592,5.592Z\" transform=\"translate(-77.04 -283.037)\" fill=\"#231f20\"><\/path><\/g><\/svg>\t\t\t\t\t\t<\/span>\n\t\t\t\t\t\t\t\t\t\t<span class=\"elementor-icon-list-text\">Mem\u00f2ria Anual Jardin. 2019.pdf <\/span>\n\t\t\t\t\t\t\t\t\t\t\t<\/a>\n\t\t\t\t\t\t\t\t\t<\/li>\n\t\t\t\t\t\t\t\t<li class=\"elementor-icon-list-item\">\n\t\t\t\t\t\t\t\t\t\t\t<a href=\"https:\/\/nousespais.es\/wp-content\/uploads\/2022\/05\/memoria-jardineria-dil-2020-1.pdf\" target=\"_blank\">\n\n\t\t\t\t\t\t\t\t\t\t\t\t<span class=\"elementor-icon-list-icon\">\n\t\t\t\t\t\t\t<svg xmlns=\"http:\/\/www.w3.org\/2000\/svg\" width=\"18.774\" height=\"24.316\" viewBox=\"0 0 18.774 24.316\"><g id=\"noun-pdf-3071298\" transform=\"translate(-145.349 -9.828)\"><path id=\"Trazado_219\" data-name=\"Trazado 219\" d=\"M213.376,136.465a2.248,2.248,0,0,0,1.548-.449,1.744,1.744,0,0,0,.5-1.4,1.856,1.856,0,0,0-.5-1.423,2.274,2.274,0,0,0-1.573-.474h-1.673v5.193h1.049v-1.448Zm-.649-2.746h.6a1.3,1.3,0,0,1,.774.2.749.749,0,0,1,.25.649,1.033,1.033,0,0,1-.2.674.929.929,0,0,1-.724.225h-.7Z\" transform=\"translate(-63.133 -117.175)\" fill=\"#231f20\"><\/path><path id=\"Trazado_220\" data-name=\"Trazado 220\" d=\"M309.963,136.653a2.643,2.643,0,0,0,.649-1.922,2.591,2.591,0,0,0-.674-1.9,2.637,2.637,0,0,0-1.947-.674h-1.673v5.193h1.623a2.563,2.563,0,0,0,2.022-.7Zm-.8-.7a1.416,1.416,0,0,1-1.1.4h-.674v-3.171h.6a1.628,1.628,0,0,1,1.2.424,1.707,1.707,0,0,1,.4,1.173,1.846,1.846,0,0,1-.424,1.173Z\" transform=\"translate(-153.554 -116.639)\" fill=\"#231f20\"><\/path><path id=\"Trazado_221\" data-name=\"Trazado 221\" d=\"M418.764,133.743v-1.024h-3.245v5.193h1.049v-2.047h2.072v-1h-2.072v-1.123Z\" transform=\"translate(-257.887 -117.174)\" fill=\"#231f20\"><\/path><path id=\"Trazado_222\" data-name=\"Trazado 222\" d=\"M162.25,10.078H147.172a1.566,1.566,0,0,0-1.573,1.573V30.074a1.566,1.566,0,0,0,1.573,1.573h3.47l-.949-.949h-2.5a.618.618,0,0,1-.624-.624V11.651a.618.618,0,0,1,.624-.624h15.1a.618.618,0,0,1,.624.624V30.074a.618.618,0,0,1-.624.624h-2.147l-.949.949h3.1a1.566,1.566,0,0,0,1.573-1.573V11.651a1.626,1.626,0,0,0-1.623-1.573Z\" transform=\"translate(0 0)\" fill=\"#231f20\"><\/path><path id=\"Trazado_222_-_Contorno\" data-name=\"Trazado 222 - Contorno\" d=\"M147.172,9.828H162.25a1.884,1.884,0,0,1,1.873,1.816V30.074A1.825,1.825,0,0,1,162.3,31.9h-3.7l1.449-1.449h2.25a.37.37,0,0,0,.374-.374V11.651a.37.37,0,0,0-.374-.374H147.2a.37.37,0,0,0-.374.374V30.074a.37.37,0,0,0,.374.374h2.6l1.449,1.449h-4.074a1.825,1.825,0,0,1-1.823-1.823V11.651A1.825,1.825,0,0,1,147.172,9.828Zm16.451,1.827a1.381,1.381,0,0,0-1.373-1.327H147.172a1.309,1.309,0,0,0-1.323,1.323V30.074a1.309,1.309,0,0,0,1.323,1.323h2.866l-.449-.449H147.2a.865.865,0,0,1-.874-.874V11.651a.865.865,0,0,1,.874-.874h15.1a.865.865,0,0,1,.874.874V30.074a.865.865,0,0,1-.874.874h-2.043l-.449.449H162.3a1.309,1.309,0,0,0,1.323-1.323Z\" transform=\"translate(0 0)\" fill=\"#231f20\"><\/path><path id=\"Trazado_223\" data-name=\"Trazado 223\" d=\"M237.268,311.739l-3.27-.025v-5.392H229.5v5.317l-3.27-.05,5.592,5.592Z\" transform=\"translate(-77.04 -283.037)\" fill=\"#231f20\"><\/path><\/g><\/svg>\t\t\t\t\t\t<\/span>\n\t\t\t\t\t\t\t\t\t\t<span class=\"elementor-icon-list-text\">Memoria Jardineria dil. 2020.pdf <\/span>\n\t\t\t\t\t\t\t\t\t\t\t<\/a>\n\t\t\t\t\t\t\t\t\t<\/li>\n\t\t\t\t\t\t<\/ul>\n\t\t\t\t\t\t<\/div>\n\t\t\t\t<\/div>\n\t\t\t\t\t<\/div>\n\t\t<\/div>\n\t\t\t\t\t<\/div>\n\t\t<\/section>\n\t\t\t\t<\/div>\n\t\t","protected":false},"excerpt":{"rendered":"<p>Servei Municipal de Jardineria TEL\u00c8FON DIRECTE JARDINERIA: 96-155 15 09 En l&#8217;actualitat, i des de que Nous Espais Torrent, S.A. comen\u00e7a la gesti\u00f3 del Servici de Jardineria Municipal, el manteniment de les zones verdes de la ciutat es desenvolupa amb una escala jer\u00e0rquica de professionals en la mat\u00e8ria que organitzen els treballs, realitzen un seguiment [&hellip;]<\/p>\n","protected":false},"author":1,"featured_media":0,"parent":0,"menu_order":0,"comment_status":"closed","ping_status":"closed","template":"elementor_header_footer","meta":{"_acf_changed":false,"footnotes":""},"class_list":["post-2945","page","type-page","status-publish","hentry"],"acf":[],"_links":{"self":[{"href":"https:\/\/nousespais.es\/va\/wp-json\/wp\/v2\/pages\/2945","targetHints":{"allow":["GET"]}}],"collection":[{"href":"https:\/\/nousespais.es\/va\/wp-json\/wp\/v2\/pages"}],"about":[{"href":"https:\/\/nousespais.es\/va\/wp-json\/wp\/v2\/types\/page"}],"author":[{"embeddable":true,"href":"https:\/\/nousespais.es\/va\/wp-json\/wp\/v2\/users\/1"}],"replies":[{"embeddable":true,"href":"https:\/\/nousespais.es\/va\/wp-json\/wp\/v2\/comments?post=2945"}],"version-history":[{"count":6,"href":"https:\/\/nousespais.es\/va\/wp-json\/wp\/v2\/pages\/2945\/revisions"}],"predecessor-version":[{"id":3748,"href":"https:\/\/nousespais.es\/va\/wp-json\/wp\/v2\/pages\/2945\/revisions\/3748"}],"wp:attachment":[{"href":"https:\/\/nousespais.es\/va\/wp-json\/wp\/v2\/media?parent=2945"}],"curies":[{"name":"wp","href":"https:\/\/api.w.org\/{rel}","templated":true}]}}