{"id":2954,"date":"2022-05-20T23:14:42","date_gmt":"2022-05-20T23:14:42","guid":{"rendered":"https:\/\/nousespais.es\/servei-municipal-de-manteniment-de-col%c2%b7legis\/"},"modified":"2024-03-12T12:27:00","modified_gmt":"2024-03-12T12:27:00","slug":"servei-municipal-de-manteniment-de-col%c2%b7legis","status":"publish","type":"page","link":"https:\/\/nousespais.es\/va\/servei-municipal-de-manteniment-de-col%c2%b7legis\/","title":{"rendered":"Servei Municipal de Manteniment de col\u00b7legis"},"content":{"rendered":"\t\t<div data-elementor-type=\"wp-page\" data-elementor-id=\"2954\" class=\"elementor elementor-2954\" data-elementor-post-type=\"page\">\n\t\t\t\t\t\t<section class=\"elementor-section elementor-top-section elementor-element elementor-element-4ebbd0e2 elementor-section-boxed elementor-section-height-default elementor-section-height-default\" data-id=\"4ebbd0e2\" data-element_type=\"section\">\n\t\t\t\t\t\t<div class=\"elementor-container elementor-column-gap-default\">\n\t\t\t\t\t<div class=\"elementor-column elementor-col-100 elementor-top-column elementor-element elementor-element-2fcb23e8\" data-id=\"2fcb23e8\" data-element_type=\"column\">\n\t\t\t<div class=\"elementor-widget-wrap elementor-element-populated\">\n\t\t\t\t\t\t<div class=\"elementor-element elementor-element-4975d813 elementor-widget elementor-widget-heading\" data-id=\"4975d813\" data-element_type=\"widget\" data-widget_type=\"heading.default\">\n\t\t\t\t<div class=\"elementor-widget-container\">\n\t\t\t\t\t<h2 class=\"elementor-heading-title elementor-size-default\">Servei Municipal de Manteniment de Col\u00b7legis<\/h2>\t\t\t\t<\/div>\n\t\t\t\t<\/div>\n\t\t\t\t<div class=\"elementor-element elementor-element-1f7c391c elementor-widget elementor-widget-text-editor\" data-id=\"1f7c391c\" data-element_type=\"widget\" data-widget_type=\"text-editor.default\">\n\t\t\t\t<div class=\"elementor-widget-container\">\n\t\t\t\t\t\t\t\t\t<p>Nous Espais Torrent, a trav\u00e9s d&#8217;enc\u00e0rrec realitzat per l&#8217;Ajuntament de Torrent, realitza des de 2015 actuacions de <strong>Manteniment i Conservaci\u00f3 dels Centres Docents P\u00fablics d&#8217;Educaci\u00f3 Infantil i Prim\u00e0ria, Educaci\u00f3 Especial i Adults de la localitat<\/strong>. Estes actuacions consistixen en obres i treballs amb la finalitat de mantindre l&#8217;edifici en correctes condicions de seguretat, salubritat i adorn, sense alterar l&#8217;estructura interna, ni l&#8217;estructura arquitect\u00f2nica, aix\u00ed com tampoc la distribuci\u00f3 dels edificis.<\/p><p>Tamb\u00e9 compr\u00e9n les revisions, manteniment i reparaci\u00f3 de totes les instal\u00b7lacions, aix\u00ed com el mobiliari i equipament del centre, tant interior com exterior.<\/p><p>Finalment, queden incloses tamb\u00e9 les labors de manteniment i cura de la jardineria dels centres escolars.<\/p><p>En el marc d&#8217;estos servicis, Nous Espais at\u00e9n els seg\u00fcents Centres Educatius:<\/p><div>\u00a0<\/div><p><span style=\"text-decoration: underline;\"><strong>CENTRES D&#8217;EDUCACI\u00d3 INFANTIL<\/strong><\/span>:<\/p><p>1* ESCOLA INFANTIL MUNICIPAL CIUTAT JARD\u00cd<\/p><p><span style=\"text-decoration: underline;\"><strong>CENTRES ON S&#8217;IMPARTEIXEN ENSENYAMENTS DE R\u00c8GIM GENERAL (INFANTIL I PRIM\u00c0RIA)<\/strong><\/span>:<\/p><p>2* COL\u00b7LEGI P\u00daBLIC D&#8217;EDUCACI\u00d3 INFANTIL I PRIM\u00c0RIA JOAN XXIII<br \/>3* COL\u00b7LEGI P\u00daBLIC D&#8217;EDUCACI\u00d3 INFANTIL I PRIM\u00c0RIA SANT JOAN BAPTISTA<br \/>4* COL\u00b7LEGI P\u00daBLIC D&#8217;EDUCACI\u00d3 INFANTIL I PRIM\u00c0RIA VERGE DEL ROSARI<br \/>5* COL\u00b7LEGI P\u00daBLIC D&#8217;EDUCACI\u00d3 INFANTIL I PRIM\u00c0RIA EL MOL\u00cd<br \/>6* COL\u00b7LEGI P\u00daBLIC D&#8217;EDUCACI\u00d3 INFANTIL I PRIM\u00c0RIA LOPE DE VEGA<br \/>7* COL\u00b7LEGI P\u00daBLIC D&#8217;EDUCACI\u00d3 INFANTIL I PRIM\u00c0RIA FEDERICO MAICAS<br \/>8* COL\u00b7LEGI P\u00daBLIC D&#8217;EDUCACI\u00d3 INFANTIL I PRIM\u00c0RIA ANTONIO MACHADO<br \/>9* COL\u00b7LEGI P\u00daBLIC D&#8217;EDUCACI\u00d3 INFANTIL I PRIM\u00c0RIA MIGUEL HERN\u00c1NDEZ<br \/>10* COL\u00b7LEGI P\u00daBLIC D&#8217;EDUCACI\u00d3 INFANTIL I PRIM\u00c0RIA LES TERRETES<br \/>11* COL\u00b7LEGI P\u00daBLIC D&#8217;EDUCACI\u00d3 INFANTIL I PRIM\u00c0RIA SANT PASQUAL<\/p><p><span style=\"text-decoration: underline;\"><strong>CENTRES ON S&#8217;IMPARTEIXEN ENSENYAMENTS DE R\u00c8GIM ESPECIAL<\/strong><\/span>:<\/p><p>12* COL\u00b7LEGI D&#8217;EDUCACI\u00d3 ESPECIAL L&#8217;ENCARNACI\u00d3<\/p><p><span style=\"text-decoration: underline;\"><strong>CENTRE D&#8217;EDUCACI\u00d3 DE PERSONES ADULTES (EPA) I ESCOLA OFICIAL D&#8217;IDIOMES<\/strong><\/span>:<\/p><p>13* ESCOLA OFICIAL D&#8217;IDIOMES (AULARI MONTECARLO)<br \/>14* AULARI CFPA C\/ MARC, I AULARI CFPA PLAZA SANT PASQUAL<\/p><p>Per a m\u00e9s informaci\u00f3, punxe <strong><a href=\"https:\/\/torrent.es\/educacion\/centros-educativos-de-torrent\/\" target=\"_blank\" rel=\"noopener\">ac\u00ed<\/a>.<\/strong><\/p><p><em><strong>Localitzaci\u00f3 Centres Educatius:<\/strong><\/em><\/p><p><a href=\"https:\/\/geo.torrent.es\/?scenarioid=47f8e28e-43f9-4872-8ee7-b32dae6652b5\"><strong><em>https:\/\/geo.torrent.es\/?scenarioid=47f8e28e-43f9-4872-8ee7-b32dae6652b5<\/em><\/strong><\/a><\/p><p>\u00a0<\/p>\t\t\t\t\t\t\t\t<\/div>\n\t\t\t\t<\/div>\n\t\t\t\t\t<\/div>\n\t\t<\/div>\n\t\t\t\t\t<\/div>\n\t\t<\/section>\n\t\t\t\t<\/div>\n\t\t","protected":false},"excerpt":{"rendered":"<p>Servei Municipal de Manteniment de Col\u00b7legis Nous Espais Torrent, a trav\u00e9s d&#8217;enc\u00e0rrec realitzat per l&#8217;Ajuntament de Torrent, realitza des de 2015 actuacions de Manteniment i Conservaci\u00f3 dels Centres Docents P\u00fablics d&#8217;Educaci\u00f3 Infantil i Prim\u00e0ria, Educaci\u00f3 Especial i Adults de la localitat. Estes actuacions consistixen en obres i treballs amb la finalitat de mantindre l&#8217;edifici en [&hellip;]<\/p>\n","protected":false},"author":1,"featured_media":0,"parent":0,"menu_order":0,"comment_status":"closed","ping_status":"closed","template":"elementor_header_footer","meta":{"_acf_changed":false,"footnotes":""},"class_list":["post-2954","page","type-page","status-publish","hentry"],"acf":[],"_links":{"self":[{"href":"https:\/\/nousespais.es\/va\/wp-json\/wp\/v2\/pages\/2954","targetHints":{"allow":["GET"]}}],"collection":[{"href":"https:\/\/nousespais.es\/va\/wp-json\/wp\/v2\/pages"}],"about":[{"href":"https:\/\/nousespais.es\/va\/wp-json\/wp\/v2\/types\/page"}],"author":[{"embeddable":true,"href":"https:\/\/nousespais.es\/va\/wp-json\/wp\/v2\/users\/1"}],"replies":[{"embeddable":true,"href":"https:\/\/nousespais.es\/va\/wp-json\/wp\/v2\/comments?post=2954"}],"version-history":[{"count":12,"href":"https:\/\/nousespais.es\/va\/wp-json\/wp\/v2\/pages\/2954\/revisions"}],"predecessor-version":[{"id":49463,"href":"https:\/\/nousespais.es\/va\/wp-json\/wp\/v2\/pages\/2954\/revisions\/49463"}],"wp:attachment":[{"href":"https:\/\/nousespais.es\/va\/wp-json\/wp\/v2\/media?parent=2954"}],"curies":[{"name":"wp","href":"https:\/\/api.w.org\/{rel}","templated":true}]}}