{"id":2978,"date":"2022-05-21T13:32:47","date_gmt":"2022-05-21T13:32:47","guid":{"rendered":"https:\/\/nousespais.es\/nou-pgou\/"},"modified":"2022-05-30T10:18:52","modified_gmt":"2022-05-30T10:18:52","slug":"nou-pgou","status":"publish","type":"page","link":"https:\/\/nousespais.es\/va\/nou-pgou\/","title":{"rendered":"Nou PGOU"},"content":{"rendered":"\t\t<div data-elementor-type=\"wp-page\" data-elementor-id=\"2978\" class=\"elementor elementor-2978\" data-elementor-post-type=\"page\">\n\t\t\t\t\t\t<section class=\"elementor-section elementor-top-section elementor-element elementor-element-5e962a50 elementor-section-boxed elementor-section-height-default elementor-section-height-default\" data-id=\"5e962a50\" data-element_type=\"section\">\n\t\t\t\t\t\t<div class=\"elementor-container elementor-column-gap-default\">\n\t\t\t\t\t<div class=\"elementor-column elementor-col-100 elementor-top-column elementor-element elementor-element-15dd5f83\" data-id=\"15dd5f83\" data-element_type=\"column\">\n\t\t\t<div class=\"elementor-widget-wrap elementor-element-populated\">\n\t\t\t\t\t\t<div class=\"elementor-element elementor-element-4f2c00f3 elementor-widget elementor-widget-heading\" data-id=\"4f2c00f3\" data-element_type=\"widget\" data-widget_type=\"heading.default\">\n\t\t\t\t<div class=\"elementor-widget-container\">\n\t\t\t\t\t<h2 class=\"elementor-heading-title elementor-size-default\">Nou PGOU<\/h2>\t\t\t\t<\/div>\n\t\t\t\t<\/div>\n\t\t\t\t<div class=\"elementor-element elementor-element-3184dea elementor-widget elementor-widget-text-editor\" data-id=\"3184dea\" data-element_type=\"widget\" data-widget_type=\"text-editor.default\">\n\t\t\t\t<div class=\"elementor-widget-container\">\n\t\t\t\t\t\t\t\t\t<div class=\"item-default item-content\"><div class=\"item-content\"><div class=\"item-text\"><div class=\"wp-field wp-field-content wp-field-type-htmlcontent\"><p>L&#8217;Ajuntament de Torrent va encomanar a Nous Espais Torrent els TREBALLS T\u00c8CNICS per a la Revisi\u00f3 del Pla General d&#8217;Ordenaci\u00f3 Urbana.<\/p><p>Fins ara s&#8217;han realitzat els treballs seg\u00fcent:<\/p><ul><li>Refosa normativa del vigent PGOU de 1990 i de les seues 23 modificacions.<\/li><li>Document Consultiu per al nou PGOU.<\/li><\/ul><p> <\/p><p>Pendent tot d&#8217;aprovaci\u00f3 municipal.<\/p><\/div><\/div><\/div><\/div>\t\t\t\t\t\t\t\t<\/div>\n\t\t\t\t<\/div>\n\t\t\t\t\t<\/div>\n\t\t<\/div>\n\t\t\t\t\t<\/div>\n\t\t<\/section>\n\t\t\t\t<\/div>\n\t\t","protected":false},"excerpt":{"rendered":"<p>Nou PGOU L&#8217;Ajuntament de Torrent va encomanar a Nous Espais Torrent els TREBALLS T\u00c8CNICS per a la Revisi\u00f3 del Pla General d&#8217;Ordenaci\u00f3 Urbana. Fins ara s&#8217;han realitzat els treballs seg\u00fcent: Refosa normativa del vigent PGOU de 1990 i de les seues 23 modificacions. Document Consultiu per al nou PGOU. Pendent tot d&#8217;aprovaci\u00f3 municipal.<\/p>\n","protected":false},"author":1,"featured_media":0,"parent":0,"menu_order":0,"comment_status":"closed","ping_status":"closed","template":"elementor_header_footer","meta":{"_acf_changed":false,"footnotes":""},"class_list":["post-2978","page","type-page","status-publish","hentry"],"acf":[],"_links":{"self":[{"href":"https:\/\/nousespais.es\/va\/wp-json\/wp\/v2\/pages\/2978","targetHints":{"allow":["GET"]}}],"collection":[{"href":"https:\/\/nousespais.es\/va\/wp-json\/wp\/v2\/pages"}],"about":[{"href":"https:\/\/nousespais.es\/va\/wp-json\/wp\/v2\/types\/page"}],"author":[{"embeddable":true,"href":"https:\/\/nousespais.es\/va\/wp-json\/wp\/v2\/users\/1"}],"replies":[{"embeddable":true,"href":"https:\/\/nousespais.es\/va\/wp-json\/wp\/v2\/comments?post=2978"}],"version-history":[{"count":4,"href":"https:\/\/nousespais.es\/va\/wp-json\/wp\/v2\/pages\/2978\/revisions"}],"predecessor-version":[{"id":3720,"href":"https:\/\/nousespais.es\/va\/wp-json\/wp\/v2\/pages\/2978\/revisions\/3720"}],"wp:attachment":[{"href":"https:\/\/nousespais.es\/va\/wp-json\/wp\/v2\/media?parent=2978"}],"curies":[{"name":"wp","href":"https:\/\/api.w.org\/{rel}","templated":true}]}}