{"id":2988,"date":"2022-05-21T13:38:23","date_gmt":"2022-05-21T13:38:23","guid":{"rendered":"https:\/\/nousespais.es\/oficina-centre-historic-pepri\/"},"modified":"2022-05-30T10:23:34","modified_gmt":"2022-05-30T10:23:34","slug":"oficina-centre-historic-pepri","status":"publish","type":"page","link":"https:\/\/nousespais.es\/va\/oficina-centre-historic-pepri\/","title":{"rendered":"Oficina Centre Hist\u00f2ric (PEPRI)"},"content":{"rendered":"\t\t<div data-elementor-type=\"wp-page\" data-elementor-id=\"2988\" class=\"elementor elementor-2988\" data-elementor-post-type=\"page\">\n\t\t\t\t\t\t<section class=\"elementor-section elementor-top-section elementor-element elementor-element-5492744f elementor-section-boxed elementor-section-height-default elementor-section-height-default\" data-id=\"5492744f\" data-element_type=\"section\">\n\t\t\t\t\t\t<div class=\"elementor-container elementor-column-gap-default\">\n\t\t\t\t\t<div class=\"elementor-column elementor-col-100 elementor-top-column elementor-element elementor-element-452dc88d\" data-id=\"452dc88d\" data-element_type=\"column\">\n\t\t\t<div class=\"elementor-widget-wrap elementor-element-populated\">\n\t\t\t\t\t\t<div class=\"elementor-element elementor-element-89d8f51 elementor-widget elementor-widget-heading\" data-id=\"89d8f51\" data-element_type=\"widget\" data-widget_type=\"heading.default\">\n\t\t\t\t<div class=\"elementor-widget-container\">\n\t\t\t\t\t<h2 class=\"elementor-heading-title elementor-size-default\">Oficina Centre Hist\u00f2ric (PEPRI)<\/h2>\t\t\t\t<\/div>\n\t\t\t\t<\/div>\n\t\t\t\t<div class=\"elementor-element elementor-element-6f476f9f elementor-widget elementor-widget-text-editor\" data-id=\"6f476f9f\" data-element_type=\"widget\" data-widget_type=\"text-editor.default\">\n\t\t\t\t<div class=\"elementor-widget-container\">\n\t\t\t\t\t\t\t\t\t<p><strong>Oficina T\u00e8cnica del PEPRI i Atenci\u00f3 al Ciutad\u00e0<\/strong><\/p><p>Este servici vetlar\u00e0 per la recuperaci\u00f3 i dinamitzaci\u00f3 del Casc Hist\u00f2ric de Torrent, tant a nivell formal, per mitj\u00e0 de la rehabilitaci\u00f3 d&#8217;edificis i espais urbans, com a nivell social i econ\u00f2mic per mitj\u00e0 de la implantaci\u00f3 de nous equipaments i servicis i per mitj\u00e0 de l&#8217;impuls de l&#8217;activitat comercial de la zona. <\/p><ul><li>Difusi\u00f3 i promoci\u00f3 del contingut del <strong>PEPRI <\/strong>\u201c<em>Pla Especial de Protecci\u00f3 i Reforma Interior del Centre Hist\u00f2ric de Torrent<\/em>\u201d, aix\u00ed com del \u201c<strong><em>Cat\u00e0leg de B\u00e9ns i Espais Protegits del Centre Hist\u00f2ric de Torrent<\/em><\/strong>\u201d.<\/li><\/ul><p> <\/p><ul><li>Assessorament i gesti\u00f3 de les ajudes<strong> econ\u00f2miques <\/strong>que existisquen per a escometre obres de rehabilitaci\u00f3 i reforma, millora de l&#8217;accessibilitat en vivendes, efici\u00e8ncia energ\u00e8tica\u2026 tant procedents de l&#8217;Ajuntament com d&#8217;altres organismes i Administracions competents.<\/li><\/ul><p> <\/p><ul><li>Assessorament t\u00e8cnic per a l&#8217;execuci\u00f3 d&#8217;obres de rehabilitaci\u00f3 i reforma (propostes d&#8217;actuaci\u00f3 i estimaci\u00f3 de costos).<\/li><\/ul>\t\t\t\t\t\t\t\t<\/div>\n\t\t\t\t<\/div>\n\t\t\t\t\t<\/div>\n\t\t<\/div>\n\t\t\t\t\t<\/div>\n\t\t<\/section>\n\t\t\t\t<\/div>\n\t\t","protected":false},"excerpt":{"rendered":"<p>Oficina Centre Hist\u00f2ric (PEPRI) Oficina T\u00e8cnica del PEPRI i Atenci\u00f3 al Ciutad\u00e0 Este servici vetlar\u00e0 per la recuperaci\u00f3 i dinamitzaci\u00f3 del Casc Hist\u00f2ric de Torrent, tant a nivell formal, per mitj\u00e0 de la rehabilitaci\u00f3 d&#8217;edificis i espais urbans, com a nivell social i econ\u00f2mic per mitj\u00e0 de la implantaci\u00f3 de nous equipaments i servicis i [&hellip;]<\/p>\n","protected":false},"author":1,"featured_media":0,"parent":0,"menu_order":0,"comment_status":"closed","ping_status":"closed","template":"elementor_header_footer","meta":{"_acf_changed":false,"footnotes":""},"class_list":["post-2988","page","type-page","status-publish","hentry"],"acf":[],"_links":{"self":[{"href":"https:\/\/nousespais.es\/va\/wp-json\/wp\/v2\/pages\/2988","targetHints":{"allow":["GET"]}}],"collection":[{"href":"https:\/\/nousespais.es\/va\/wp-json\/wp\/v2\/pages"}],"about":[{"href":"https:\/\/nousespais.es\/va\/wp-json\/wp\/v2\/types\/page"}],"author":[{"embeddable":true,"href":"https:\/\/nousespais.es\/va\/wp-json\/wp\/v2\/users\/1"}],"replies":[{"embeddable":true,"href":"https:\/\/nousespais.es\/va\/wp-json\/wp\/v2\/comments?post=2988"}],"version-history":[{"count":2,"href":"https:\/\/nousespais.es\/va\/wp-json\/wp\/v2\/pages\/2988\/revisions"}],"predecessor-version":[{"id":3727,"href":"https:\/\/nousespais.es\/va\/wp-json\/wp\/v2\/pages\/2988\/revisions\/3727"}],"wp:attachment":[{"href":"https:\/\/nousespais.es\/va\/wp-json\/wp\/v2\/media?parent=2988"}],"curies":[{"name":"wp","href":"https:\/\/api.w.org\/{rel}","templated":true}]}}