{"id":3029,"date":"2022-05-21T14:40:07","date_gmt":"2022-05-21T14:40:07","guid":{"rendered":"https:\/\/nousespais.es\/assessorament-propietaris\/"},"modified":"2022-05-30T09:50:41","modified_gmt":"2022-05-30T09:50:41","slug":"assessorament-propietaris","status":"publish","type":"page","link":"https:\/\/nousespais.es\/va\/assessorament-propietaris\/","title":{"rendered":"Assessorament propietaris"},"content":{"rendered":"\t\t<div data-elementor-type=\"wp-page\" data-elementor-id=\"3029\" class=\"elementor elementor-3029\" data-elementor-post-type=\"page\">\n\t\t\t\t\t\t<section class=\"elementor-section elementor-top-section elementor-element elementor-element-1c0e795e elementor-section-boxed elementor-section-height-default elementor-section-height-default\" data-id=\"1c0e795e\" data-element_type=\"section\">\n\t\t\t\t\t\t<div class=\"elementor-container elementor-column-gap-default\">\n\t\t\t\t\t<div class=\"elementor-column elementor-col-100 elementor-top-column elementor-element elementor-element-3baa756\" data-id=\"3baa756\" data-element_type=\"column\">\n\t\t\t<div class=\"elementor-widget-wrap elementor-element-populated\">\n\t\t\t\t\t\t<div class=\"elementor-element elementor-element-1e8e1989 elementor-widget elementor-widget-heading\" data-id=\"1e8e1989\" data-element_type=\"widget\" data-widget_type=\"heading.default\">\n\t\t\t\t<div class=\"elementor-widget-container\">\n\t\t\t\t\t<h2 class=\"elementor-heading-title elementor-size-default\">Assessorament propietaris<\/h2>\t\t\t\t<\/div>\n\t\t\t\t<\/div>\n\t\t\t\t<div class=\"elementor-element elementor-element-4bf79d15 elementor-widget elementor-widget-text-editor\" data-id=\"4bf79d15\" data-element_type=\"widget\" data-widget_type=\"text-editor.default\">\n\t\t\t\t<div class=\"elementor-widget-container\">\n\t\t\t\t\t\t\t\t\t<p>Nous Espais en les compet\u00e8ncies que ostenta com a Delegaci\u00f3 de Vivenda de l&#8217;Ajuntament de Torrent, ha obert una nova l\u00ednia de servici gratu\u00eft al ciutad\u00e0 des de la qual s&#8217;assessora de forma gen\u00e8rica al propietari d&#8217;immobles, que compr\u00e9n tot tipus de problemes en qualsevol aspecte que tinga a vore amb l&#8217;\u00fas, gaudi, adquisici\u00f3, venda, lloguer, mobiliari, drets i obligacions, relacions amb la comunitat, etc.; en definitiva, qualsevol circumst\u00e0ncia que al ciutad\u00e0 el pot preocupar al seu dia a dia en relaci\u00f3 a les seues propietats.<\/p>\t\t\t\t\t\t\t\t<\/div>\n\t\t\t\t<\/div>\n\t\t\t\t\t<\/div>\n\t\t<\/div>\n\t\t\t\t\t<\/div>\n\t\t<\/section>\n\t\t\t\t<\/div>\n\t\t","protected":false},"excerpt":{"rendered":"<p>Assessorament propietaris Nous Espais en les compet\u00e8ncies que ostenta com a Delegaci\u00f3 de Vivenda de l&#8217;Ajuntament de Torrent, ha obert una nova l\u00ednia de servici gratu\u00eft al ciutad\u00e0 des de la qual s&#8217;assessora de forma gen\u00e8rica al propietari d&#8217;immobles, que compr\u00e9n tot tipus de problemes en qualsevol aspecte que tinga a vore amb l&#8217;\u00fas, gaudi, [&hellip;]<\/p>\n","protected":false},"author":1,"featured_media":0,"parent":0,"menu_order":0,"comment_status":"closed","ping_status":"closed","template":"elementor_header_footer","meta":{"_acf_changed":false,"footnotes":""},"class_list":["post-3029","page","type-page","status-publish","hentry"],"acf":[],"_links":{"self":[{"href":"https:\/\/nousespais.es\/va\/wp-json\/wp\/v2\/pages\/3029","targetHints":{"allow":["GET"]}}],"collection":[{"href":"https:\/\/nousespais.es\/va\/wp-json\/wp\/v2\/pages"}],"about":[{"href":"https:\/\/nousespais.es\/va\/wp-json\/wp\/v2\/types\/page"}],"author":[{"embeddable":true,"href":"https:\/\/nousespais.es\/va\/wp-json\/wp\/v2\/users\/1"}],"replies":[{"embeddable":true,"href":"https:\/\/nousespais.es\/va\/wp-json\/wp\/v2\/comments?post=3029"}],"version-history":[{"count":4,"href":"https:\/\/nousespais.es\/va\/wp-json\/wp\/v2\/pages\/3029\/revisions"}],"predecessor-version":[{"id":3695,"href":"https:\/\/nousespais.es\/va\/wp-json\/wp\/v2\/pages\/3029\/revisions\/3695"}],"wp:attachment":[{"href":"https:\/\/nousespais.es\/va\/wp-json\/wp\/v2\/media?parent=3029"}],"curies":[{"name":"wp","href":"https:\/\/api.w.org\/{rel}","templated":true}]}}