{"id":3031,"date":"2022-05-21T14:45:04","date_gmt":"2022-05-21T14:45:04","guid":{"rendered":"https:\/\/nousespais.es\/assessorament-perfil-de-qualitat\/"},"modified":"2022-05-30T09:47:51","modified_gmt":"2022-05-30T09:47:51","slug":"assessorament-perfil-de-qualitat","status":"publish","type":"page","link":"https:\/\/nousespais.es\/va\/assessorament-perfil-de-qualitat\/","title":{"rendered":"Assessorament Perfil de Qualitat"},"content":{"rendered":"\t\t<div data-elementor-type=\"wp-page\" data-elementor-id=\"3031\" class=\"elementor elementor-3031\" data-elementor-post-type=\"page\">\n\t\t\t\t\t\t<section class=\"elementor-section elementor-top-section elementor-element elementor-element-5cbdabc7 elementor-section-boxed elementor-section-height-default elementor-section-height-default\" data-id=\"5cbdabc7\" data-element_type=\"section\">\n\t\t\t\t\t\t<div class=\"elementor-container elementor-column-gap-default\">\n\t\t\t\t\t<div class=\"elementor-column elementor-col-100 elementor-top-column elementor-element elementor-element-217048e9\" data-id=\"217048e9\" data-element_type=\"column\">\n\t\t\t<div class=\"elementor-widget-wrap elementor-element-populated\">\n\t\t\t\t\t\t<div class=\"elementor-element elementor-element-79428800 elementor-widget elementor-widget-heading\" data-id=\"79428800\" data-element_type=\"widget\" data-widget_type=\"heading.default\">\n\t\t\t\t<div class=\"elementor-widget-container\">\n\t\t\t\t\t<h2 class=\"elementor-heading-title elementor-size-default\">Assessorament Perfil de Qualitat<\/h2>\t\t\t\t<\/div>\n\t\t\t\t<\/div>\n\t\t\t\t<section class=\"elementor-section elementor-inner-section elementor-element elementor-element-19f2a367 elementor-section-content-middle elementor-section-boxed elementor-section-height-default elementor-section-height-default\" data-id=\"19f2a367\" data-element_type=\"section\">\n\t\t\t\t\t\t<div class=\"elementor-container elementor-column-gap-default\">\n\t\t\t\t\t<div class=\"elementor-column elementor-col-50 elementor-inner-column elementor-element elementor-element-7eff94e8\" data-id=\"7eff94e8\" data-element_type=\"column\">\n\t\t\t<div class=\"elementor-widget-wrap elementor-element-populated\">\n\t\t\t\t\t\t<div class=\"elementor-element elementor-element-70d1442c elementor-widget elementor-widget-image\" data-id=\"70d1442c\" data-element_type=\"widget\" data-widget_type=\"image.default\">\n\t\t\t\t<div class=\"elementor-widget-container\">\n\t\t\t\t\t\t\t\t\t\t\t\t\t\t\t<img fetchpriority=\"high\" decoding=\"async\" width=\"800\" height=\"573\" src=\"https:\/\/nousespais.es\/wp-content\/uploads\/2022\/05\/pdc-gabriela-mistral.jpg\" class=\"attachment-large size-large wp-image-2218\" alt=\"\" srcset=\"https:\/\/nousespais.es\/wp-content\/uploads\/2022\/05\/pdc-gabriela-mistral.jpg 800w, https:\/\/nousespais.es\/wp-content\/uploads\/2022\/05\/pdc-gabriela-mistral-300x215.jpg 300w, https:\/\/nousespais.es\/wp-content\/uploads\/2022\/05\/pdc-gabriela-mistral-768x550.jpg 768w\" sizes=\"(max-width: 800px) 100vw, 800px\" \/>\t\t\t\t\t\t\t\t\t\t\t\t\t\t\t<\/div>\n\t\t\t\t<\/div>\n\t\t\t\t\t<\/div>\n\t\t<\/div>\n\t\t\t\t<div class=\"elementor-column elementor-col-50 elementor-inner-column elementor-element elementor-element-7a10a4a0\" data-id=\"7a10a4a0\" data-element_type=\"column\">\n\t\t\t<div class=\"elementor-widget-wrap elementor-element-populated\">\n\t\t\t\t\t\t<div class=\"elementor-element elementor-element-5c0a8420 elementor-widget elementor-widget-text-editor\" data-id=\"5c0a8420\" data-element_type=\"widget\" data-widget_type=\"text-editor.default\">\n\t\t\t\t<div class=\"elementor-widget-container\">\n\t\t\t\t\t\t\t\t\t<p>El PERFIL DE QUALITAT \u00e9s un distintiu de qualitat voluntari per als edificis de vivendes, impulsat per la Generalitat Valenciana a trav\u00e9s de l&#8217;Institut Valenci\u00e0 de l&#8217;Edificaci\u00f3, per a facilitar al ciutad\u00e0 informaci\u00f3 objectiva sobre la qualitat de les vivendes.<\/p><p>Nous Espais ha obtingut eixe distintiu de qualitat en el seu nivell m\u00e9s alt en els dos edificis de VPO que ha constru\u00eft en Promoci\u00f3 Directa, la M-28 de 78 vivendes i Gabriela Mestral de 20 vivendes, posant en valor les mesures excepcionals incorporades en els edificis en mat\u00e8ria d&#8217;estalvi d&#8217;energia i sostenibilitat. De la mateixa manera, el edifici M-26 de 62 vivendes, el Projecte T\u00e8cnic del qual va gestionar Nous Espais, ha obtingut tamb\u00e9 el distintiu de qualitat.<\/p>\t\t\t\t\t\t\t\t<\/div>\n\t\t\t\t<\/div>\n\t\t\t\t\t<\/div>\n\t\t<\/div>\n\t\t\t\t\t<\/div>\n\t\t<\/section>\n\t\t\t\t<div class=\"elementor-element elementor-element-349b81f9 elementor-widget elementor-widget-text-editor\" data-id=\"349b81f9\" data-element_type=\"widget\" data-widget_type=\"text-editor.default\">\n\t\t\t\t<div class=\"elementor-widget-container\">\n\t\t\t\t\t\t\t\t\t<p>L&#8217;obtenci\u00f3 d&#8217;este distintiu, a m\u00e9s de destacar la qualitat i el confort dels edificis de cara a la comercialitzaci\u00f3 de les vivendes, suposa ajudes econ\u00f2miques al Promotor per a incentivar la incorporaci\u00f3 d&#8217;estes mesures de qualitat en els edificis de VPO.<\/p><p>Per a major informaci\u00f3 sobre el Perfil de Qualitat visite el seg\u00fcent enlla\u00e7: <strong>+<a href=\"http:\/\/www.five.es\/certificacion-de-edificios\/viviendas\/\" target=\"_blank\" rel=\"noopener\">info<\/a>.<\/strong><\/p>\t\t\t\t\t\t\t\t<\/div>\n\t\t\t\t<\/div>\n\t\t\t\t\t<\/div>\n\t\t<\/div>\n\t\t\t\t\t<\/div>\n\t\t<\/section>\n\t\t\t\t<\/div>\n\t\t","protected":false},"excerpt":{"rendered":"<p>Assessorament Perfil de Qualitat El PERFIL DE QUALITAT \u00e9s un distintiu de qualitat voluntari per als edificis de vivendes, impulsat per la Generalitat Valenciana a trav\u00e9s de l&#8217;Institut Valenci\u00e0 de l&#8217;Edificaci\u00f3, per a facilitar al ciutad\u00e0 informaci\u00f3 objectiva sobre la qualitat de les vivendes. Nous Espais ha obtingut eixe distintiu de qualitat en el seu [&hellip;]<\/p>\n","protected":false},"author":1,"featured_media":0,"parent":0,"menu_order":0,"comment_status":"closed","ping_status":"closed","template":"elementor_header_footer","meta":{"_acf_changed":false,"footnotes":""},"class_list":["post-3031","page","type-page","status-publish","hentry"],"acf":[],"_links":{"self":[{"href":"https:\/\/nousespais.es\/va\/wp-json\/wp\/v2\/pages\/3031","targetHints":{"allow":["GET"]}}],"collection":[{"href":"https:\/\/nousespais.es\/va\/wp-json\/wp\/v2\/pages"}],"about":[{"href":"https:\/\/nousespais.es\/va\/wp-json\/wp\/v2\/types\/page"}],"author":[{"embeddable":true,"href":"https:\/\/nousespais.es\/va\/wp-json\/wp\/v2\/users\/1"}],"replies":[{"embeddable":true,"href":"https:\/\/nousespais.es\/va\/wp-json\/wp\/v2\/comments?post=3031"}],"version-history":[{"count":4,"href":"https:\/\/nousespais.es\/va\/wp-json\/wp\/v2\/pages\/3031\/revisions"}],"predecessor-version":[{"id":3691,"href":"https:\/\/nousespais.es\/va\/wp-json\/wp\/v2\/pages\/3031\/revisions\/3691"}],"wp:attachment":[{"href":"https:\/\/nousespais.es\/va\/wp-json\/wp\/v2\/media?parent=3031"}],"curies":[{"name":"wp","href":"https:\/\/api.w.org\/{rel}","templated":true}]}}