{"id":3047,"date":"2022-05-21T15:02:31","date_gmt":"2022-05-21T15:02:31","guid":{"rendered":"https:\/\/nousespais.es\/certificat-de-eficiencia-energetica\/"},"modified":"2022-11-15T11:54:42","modified_gmt":"2022-11-15T11:54:42","slug":"certificat-de-eficiencia-energetica","status":"publish","type":"page","link":"https:\/\/nousespais.es\/va\/certificat-de-eficiencia-energetica\/","title":{"rendered":"Certificat de Efici\u00e8ncia Energ\u00e8tica"},"content":{"rendered":"\t\t<div data-elementor-type=\"wp-page\" data-elementor-id=\"3047\" class=\"elementor elementor-3047\" data-elementor-post-type=\"page\">\n\t\t\t\t\t\t<section class=\"elementor-section elementor-top-section elementor-element elementor-element-31804a1e elementor-section-boxed elementor-section-height-default elementor-section-height-default\" data-id=\"31804a1e\" data-element_type=\"section\">\n\t\t\t\t\t\t<div class=\"elementor-container elementor-column-gap-default\">\n\t\t\t\t\t<div class=\"elementor-column elementor-col-100 elementor-top-column elementor-element elementor-element-2804e805\" data-id=\"2804e805\" data-element_type=\"column\">\n\t\t\t<div class=\"elementor-widget-wrap elementor-element-populated\">\n\t\t\t\t\t\t<div class=\"elementor-element elementor-element-28bcad0e elementor-widget elementor-widget-heading\" data-id=\"28bcad0e\" data-element_type=\"widget\" data-widget_type=\"heading.default\">\n\t\t\t\t<div class=\"elementor-widget-container\">\n\t\t\t\t\t<h2 class=\"elementor-heading-title elementor-size-default\">Certificat de efici\u00e8ncia energ\u00e8tica per a edificis existents (RD 235\/2013)<\/h2>\t\t\t\t<\/div>\n\t\t\t\t<\/div>\n\t\t\t\t<div class=\"elementor-element elementor-element-22c8ecc5 elementor-widget elementor-widget-text-editor\" data-id=\"22c8ecc5\" data-element_type=\"widget\" data-widget_type=\"text-editor.default\">\n\t\t\t\t<div class=\"elementor-widget-container\">\n\t\t\t\t\t\t\t\t\t<p><em><strong>Qu\u00e8 \u00e9s la Certificaci\u00f3 Energ\u00e8tica de les Vivendes Existents?<\/strong><\/em><\/p>\n<p>Es tracta d&#8217;un nou procediment <strong>obligatori<\/strong>, definit pel <em>Re<\/em><em>i<\/em><em>al Decret 235\/2013, de 5 d&#8217;abril, pel qual s&#8217;aprova el procediment b\u00e0sic per a la certificaci\u00f3 de l&#8217;efici\u00e8ncia energ\u00e8tica dels edificis<\/em>, que determina el grau d&#8217;<strong>efici<\/strong><strong>\u00e8<\/strong><strong>ncia energ\u00e8tica<\/strong> d&#8217;una vivenda existent. El certificat t\u00e9 per objecte, contribuir a l&#8217;estalvi energ\u00e8tic en les llars i millorar la informaci\u00f3 de consumidors i usuaris del mercat immobiliari.<\/p>\n<p><em><strong>Quines vivendes precisen d&#8217;este certificat?<\/strong><\/em><\/p>\n<p>Obligat\u00f2riament, el certificat energ\u00e8tic haur\u00e0 d&#8217;aportar-se a tota oferta, promoci\u00f3 o publicitat, dirigida a la <strong>ven<\/strong><strong>d<\/strong><strong>a o arrendament de l&#8217;immoble<\/strong>. L&#8217;obligaci\u00f3 d&#8217;encarregar i posseir este certificat ser\u00e0 del propietari de l&#8217;immoble.<\/p>\n<p><em><strong>Quan ser\u00e0 obligatori este certificat?<\/strong><\/em><\/p>\n<p>A partir de l&#8217;<strong>1 de juny de 2013 <\/strong>si un immoble es ven o es lloga sense el certificat energ\u00e8tic, es considerar\u00e0 en tot cas com a infracci\u00f3 en mat\u00e8ria de certificaci\u00f3 de l&#8217;efici\u00e8ncia energ\u00e8tica dels edificis i se sancionar\u00e0 d&#8217;acord amb el que disposa les normes de rang legal que siguen aplicables.<\/p>\n<p><em><strong>Quines avantatges oferix este certificat?<\/strong><\/em><\/p>\n<p>El certificat informa sobre el nivell d&#8217;efici\u00e8ncia energ\u00e8tica de la vivenda en el moment actual, i a m\u00e9s, en ell s&#8217;incorporen <strong>recomanacions<\/strong> de mesures que podrien ser adoptades pels propietaris per a millorar l&#8217;efici\u00e8ncia energ\u00e8tica de la seua vivenda, i amb aix\u00f2 reduir el gast energ\u00e8tic.<\/p>\n<p><em><strong>Quin per\u00edode de validesa t\u00e9?<\/strong><\/em><\/p>\n<p>El certificat t\u00e9 una validesa m\u00e0xima de <strong>10 anys<\/strong>, encara que \u00e9s convenient actualitzar-ho quan es produ\u00efsquen canvis substancials en la vivenda que puguen afectar la qualificaci\u00f3 de l&#8217;efici\u00e8ncia energ\u00e8tica.<\/p>\n<p><em><strong>Com es realitza la certificaci\u00f3?<\/strong><\/em><\/p>\n<p>El proc\u00e9s es realitza en les fases seg\u00fcents:<\/p>\n<ol>\n<li>\n<p>Recopilaci\u00f3 d&#8217;informaci\u00f3 registral, cadastrals i dades constructives i de materials empleats en l&#8217;edifici en qu\u00e8 s&#8217;ubica la vivenda.<\/p>\n<\/li>\n<li>\n<p>Visita a la vivenda, on es realitzaran els mesuraments i prendran les dades necess\u00e0ries.<\/p>\n<\/li>\n<li>\n<p>Elaboraci\u00f3 del certificat i c\u00e0lcul de l&#8217;efici\u00e8ncia energ\u00e8tica segons els m\u00e8todes i el programa autoritzats pel Ministeri d&#8217;Ind\u00fastria.<\/p>\n<\/li>\n<li>\n<p>Tramitaci\u00f3 davant de l&#8217;Ag\u00e8ncia Valenciana de l&#8217;Energia de la concessi\u00f3 de l&#8217; <strong>Etiqueta Energ\u00e8tica<\/strong>.<\/p>\n<\/li>\n<\/ol>\n<p><em><strong>Qu\u00e8 \u00e9s l&#8217;Etiqueta d&#8217;Efici\u00e8ncia Energ\u00e8tica?<\/strong><\/em><\/p>\n<p>El resultat del proc\u00e9s es resumix en una Etiqueta de Certificaci\u00f3 Energ\u00e8tica, distintiu com\u00fa en tot el territori nacional.<\/p>\n<p>La qualificaci\u00f3 d&#8217;efici\u00e8ncia energ\u00e8tica assignada a l&#8217;immoble, ser\u00e0 la corresponent als \u00edndexs de qualificaci\u00f3 obtinguts pel mateix, dins d&#8217;una escala de set lletres, que va des de la <strong>l<\/strong><strong>l<\/strong><strong>etra A <\/strong>(edifici m\u00e9s eficient ) a la <strong>l<\/strong><strong>l<\/strong><strong>etra G <\/strong>(edifici menys eficient).<\/p>\n<p><em><strong>Qui pot subscriure el certificat?<\/strong><\/em><\/p>\n<p>El propietari tria lliurement al <strong>t<\/strong><strong>\u00e8<\/strong><strong>cnic <\/strong>que subscriu este certificat, el qual haur\u00e0 d&#8217;estar en possessi\u00f3 de la <strong>titulaci\u00f3 acad\u00e8mica i professional <\/strong>habilitant per a la realitzaci\u00f3 de projectes d&#8217;instal\u00b7lacions t\u00e8rmiques i d&#8217;edificaci\u00f3.<\/p>\n<p><br><\/p>\n<p>Per a m\u00e9s informaci\u00f3 puntxe en el seg\u00fcent enlla\u00e7.<a href=\"https:\/\/www.ivace.es\/index.php\/es\/ayudas\/avisos\/319-eneregia-ppal\/informacion-energia\/4358-certificacion-de-eficiencia-energetica-en-la-comunitat-valenciana\" target=\"_blank\" style=\"background-color: rgb(255, 255, 255);\">&nbsp;<b>+info<\/b><\/a><\/p>\n<p><\/p>\t\t\t\t\t\t\t\t<\/div>\n\t\t\t\t<\/div>\n\t\t\t\t\t<\/div>\n\t\t<\/div>\n\t\t\t\t\t<\/div>\n\t\t<\/section>\n\t\t\t\t<\/div>\n\t\t","protected":false},"excerpt":{"rendered":"<p>Certificat de efici\u00e8ncia energ\u00e8tica per a edificis existents (RD 235\/2013) Qu\u00e8 \u00e9s la Certificaci\u00f3 Energ\u00e8tica de les Vivendes Existents? Es tracta d&#8217;un nou procediment obligatori, definit pel Reial Decret 235\/2013, de 5 d&#8217;abril, pel qual s&#8217;aprova el procediment b\u00e0sic per a la certificaci\u00f3 de l&#8217;efici\u00e8ncia energ\u00e8tica dels edificis, que determina el grau d&#8217;efici\u00e8ncia energ\u00e8tica d&#8217;una [&hellip;]<\/p>\n","protected":false},"author":1,"featured_media":0,"parent":0,"menu_order":0,"comment_status":"closed","ping_status":"closed","template":"elementor_header_footer","meta":{"_acf_changed":false,"footnotes":""},"class_list":["post-3047","page","type-page","status-publish","hentry"],"acf":[],"_links":{"self":[{"href":"https:\/\/nousespais.es\/va\/wp-json\/wp\/v2\/pages\/3047","targetHints":{"allow":["GET"]}}],"collection":[{"href":"https:\/\/nousespais.es\/va\/wp-json\/wp\/v2\/pages"}],"about":[{"href":"https:\/\/nousespais.es\/va\/wp-json\/wp\/v2\/types\/page"}],"author":[{"embeddable":true,"href":"https:\/\/nousespais.es\/va\/wp-json\/wp\/v2\/users\/1"}],"replies":[{"embeddable":true,"href":"https:\/\/nousespais.es\/va\/wp-json\/wp\/v2\/comments?post=3047"}],"version-history":[{"count":11,"href":"https:\/\/nousespais.es\/va\/wp-json\/wp\/v2\/pages\/3047\/revisions"}],"predecessor-version":[{"id":8890,"href":"https:\/\/nousespais.es\/va\/wp-json\/wp\/v2\/pages\/3047\/revisions\/8890"}],"wp:attachment":[{"href":"https:\/\/nousespais.es\/va\/wp-json\/wp\/v2\/media?parent=3047"}],"curies":[{"name":"wp","href":"https:\/\/api.w.org\/{rel}","templated":true}]}}