{"id":3637,"date":"2022-05-27T15:21:06","date_gmt":"2022-05-27T15:21:06","guid":{"rendered":"https:\/\/nousespais.es\/avis-legal\/"},"modified":"2022-05-30T07:36:01","modified_gmt":"2022-05-30T07:36:01","slug":"avis-legal","status":"publish","type":"page","link":"https:\/\/nousespais.es\/va\/avis-legal\/","title":{"rendered":"Av\u00eds legal"},"content":{"rendered":"\n<h2 class=\"wp-block-heading\">CONDICIONS D&#8217;ACC\u00c9S I \u00daS DEL PORTAL WEB<br\/><\/h2>\n\n<p>Tot acc\u00e9s a este Lloc Web i l&#8217;\u00fas de la informaci\u00f3 continguda en el mateix, implica l&#8217;acceptaci\u00f3 de les seg\u00fcents condicions d&#8217;\u00fas:<\/p>\n\n<p>1. Utilitzaci\u00f3 de la informaci\u00f3 continguda en el Lloc<\/p>\n\n<p>Nous Espais Torrent, S.A., a trav\u00e9s del domini nousespais.es facilita la consulta lliure i gratu\u00efta d&#8217;informaci\u00f3 d&#8217;inter\u00e9s general de l&#8217;empresa i la ciutat de Torrent. Nom\u00e9s est\u00e0 autoritzat l&#8217;\u00fas personal i no comercial. No s&#8217;autoritza la c\u00f2pia, reproducci\u00f3, transmissi\u00f3, distribuci\u00f3 o modificaci\u00f3 del lloc o els seus continguts.<\/p>\n\n<p>La informaci\u00f3 proporcionada en este Lloc t\u00e9 car\u00e0cter merament orientatiu o informatiu, \u00e9s a dir, no tenen validesa jur\u00eddica i en cap cas podr\u00e0 ser vinculant per a la resoluci\u00f3 dels procediments administratius, que es trobar\u00e0 subjecta exclusivament a la normativa que els siga aplicable. .<\/p>\n\n<p>L&#8217;acc\u00e9s al Lloc, aix\u00ed com l&#8217;\u00fas que puga fer-se de la informaci\u00f3 que cont\u00e9, s\u00f3n de l&#8217;exclusiva responsabilitat de l&#8217;usuari. Nous Espais Torrent, S.A. no es responsabilitzar\u00e0 de cap conseq\u00fc\u00e8ncia, dany o perju\u00ed que pogueren derivar-se d&#8217;este acc\u00e9s o \u00fas d&#8217;informaci\u00f3, a excepci\u00f3 de totes aquelles actuacions que resulten de l&#8217;aplicaci\u00f3 de les disposicions legals a qu\u00e8 haja de sotmetre&#8217;s en l&#8217;estricte exercici de les seues compet\u00e8ncies.<\/p>\n\n<p>2. Qualitat de la informaci\u00f3 i continguts<\/p>\n\n<p>Nous Espais Torrent, S.A. no garantix l&#8217;exactitud, veracitat o integritat dels continguts d&#8217;este Lloc Web, ni es responsabilitza de l&#8217;acc\u00e9s o \u00fas dels mateixos. No obstant aix\u00f2, desenrotllar\u00e0 els esfor\u00e7os precisos per a evitar errors i, si \u00e9s el cas, corregir-los o actualitzar-los com m\u00e9s prompte millor, no podent garantir la seua inexist\u00e8ncia ni que el contingut de la informaci\u00f3 es trobe permanentment actualitzat.<\/p>\n\n<p>Nous Espais Torrent, S.A. podr\u00e0 efectuar, en qualsevol moment i sense necessitat de previ av\u00eds, modificacions i actualitzacions sobre la informaci\u00f3 continguda en el seu Lloc Web o en la seua configuraci\u00f3 o presentaci\u00f3.<\/p>\n\n<p>Els llistats que es puguen publicar en este Lloc Web i que continguen dades de car\u00e0cter personal s&#8217;ajusten a la legislaci\u00f3 actual de protecci\u00f3 de dades. Estos llistats no constitu\u00efxen font d&#8217;acc\u00e9s p\u00fablic i no podran ser reprodu\u00efts ni en tot ni en part, ni transmesos ni registrats per cap sistema de recuperaci\u00f3 d&#8217;informaci\u00f3, sense el consentiment dels propis afectats.<\/p>\n\n<p>3. Disponibilitat de la informaci\u00f3<\/p>\n\n<p>Nous Espais Torrent, S.A. no pot garantir plenament el funcionament de la xarxa de comunicacions i per tant no assumix cap responsabilitat sobre la disponibilitat del seu servidor. El servidor podr\u00e0 ser desconnectat sense previ av\u00eds. . Es faran tots els esfor\u00e7os perqu\u00e8 l&#8217;impacte per tasques de manteniment siga el m\u00ednim possible. Nous Espais Torrent, S.A., no es responsabilitza de cap dany o perju\u00ed patit per l&#8217;usuari que es derive de l&#8217;acc\u00e9s a este Lloc Web o de l&#8217;\u00fas d&#8217;informaci\u00f3 o aplicacions en ell continguts.<\/p>\n\n<p>4. Propietat intel\u00b7lectual i industrial<\/p>\n\n<p>La privacitat d&#8217;este Lloc Web es basa en:<\/p>\n\n<p>\u2022 Se sol\u00b7licitaran exclusivament les dades imprescindibles per a poder proporcionar-li els servicis del Lloc Web.<\/p>\n\n<p>\u2022 Autom\u00e0ticament s&#8217;obtindr\u00e0 exclusivament informaci\u00f3 t\u00e8cnica, i ser\u00e0 la m\u00ednima imprescindible per a donar-li un bon servici. Al visitar este Lloc Web, el seu navegador pot emmagatzemar informaci\u00f3 t\u00e8cnica en el seu ordinador: l&#8217;\u00fas de cookies no proporciona cap informaci\u00f3 personal, ni informaci\u00f3 sobre el seu ordinador, nom\u00e9s estan destinades a ajudar-li a estalviar temps quan torne a visitar-nos, a seleccionar el full d&#8217;estil m\u00e9s adequat i que la visualitzaci\u00f3 del Lloc Web siga correcta, aix\u00ed com l&#8217;idioma i el joc de car\u00e0cters del seu navegador amb el mateix motiu (per exemple, perqu\u00e8 es vegen b\u00e9 els accents). Tamb\u00e9 podr\u00e0 ajudar-nos en la millora del disseny del nostre Lloc Web i a l&#8217;obtenci\u00f3 d&#8217;estad\u00edstiques (en concret, con\u00e9ixer el nombre de \u201cvisitants \u00fanics\u201d que t\u00e9 la nostra web).<\/p>\n\n<p>\u2022 Les dades de car\u00e0cter personal que ens facilite es tractaran d&#8217;acord amb all\u00f2 que s&#8217;ha establit per la Llei Org\u00e0nica 15\/1999, de Protecci\u00f3 de Dades de Car\u00e0cter Personal i la resta de normativa d&#8217;aplicaci\u00f3. S&#8217;inclouran en fitxers titularitat de Nous Espais Torrent, S.A., que s&#8217;utilitzaran per als propis fins i els espec\u00edfics de la seua sol\u00b7licitud. Dichos datos no se ceder\u00e1n a ning\u00fan tercero, excepto por obligaciones legales y a otras Administraciones P\u00fablicas que sean las destinatarias del tratamiento. Els seus drets d&#8217;acc\u00e9s, rectificaci\u00f3, cancel\u00b7laci\u00f3 i oposici\u00f3 podr\u00e0 exercir-los contactant amb nosaltres a trav\u00e9s de correu electr\u00f2nic en la direcci\u00f3 <a href=\"mailto:info@torrent.es\">nousespais@nousespais.es<\/a>, per mitj\u00e0 de fax al n\u00famero 961565311, o per mitj\u00e0 de correu ordinari o personant-se en les oficines de Nous Espais Torrent, S.A. situades en Pla\u00e7a Major, 31 &#8211; 46900 Torrent. Depenent del tipus de dret que ens sol\u00b7licite li podrem requerir que aporte una fotoc\u00f2pia del seu Document Nacional d&#8217;Identitat o equivalent.<\/p>\n\n<p>4. Propietat intel\u00b7lectual i industrial<\/p>\n\n<p>Els drets de propietat intel\u00b7lectual i industrial d&#8217;este Lloc d&#8217;Internet, el seu disseny gr\u00e0fic, els codis que cont\u00e9, les marques o signes distintius de qualsevol classe i tots els seus continguts, incloent-hi els textos, imatges, \u00e0udio i qualssevol altres materials, s\u00f3n propietat de Nous Espais Torrent, S.A. o de tercers que hagen autoritzat l&#8217;\u00fas de dites continguts a Nous Espais Torrent, S.A., llevat que s&#8217;indique expressament la seua lliure disponibilitat.<\/p>\n\n<p>La reproducci\u00f3, distribuci\u00f3, comercialitzaci\u00f3 o transformaci\u00f3 no autoritzades d&#8217;estes obres constitu\u00efx una infracci\u00f3 dels drets de propietat intel\u00b7lectual de Nous Espais Torrent, S.A. o d&#8217;aquell que siga titular.<\/p>\n\n<p>La utilitzaci\u00f3 no autoritzada de la informaci\u00f3 continguda en este Lloc, aix\u00ed com els perju\u00eds que pogueren ocasionar-se en els drets de propietat intel\u00b7lectual i industrial de Nous Espais Torrent, S.A. poden donar lloc a l&#8217;exercici de les accions que legalment corresponguen i, si \u00e9s procedent, a les responsabilitats que del dit exercici es deriven.<\/p>\n\n<p>5. Establiments d&#8217;hiperenlla\u00e7os<\/p>\n\n<p>Hiperenlla\u00e7os del Lloc a altres p\u00e0gines web: en este Lloc Web s&#8217;han incl\u00f2s enlla\u00e7os a p\u00e0gines d&#8217;Internet de tercers (\u201cenlla\u00e7os\u201d), que s&#8217;han considerat d&#8217;inter\u00e9s per als usuaris. No obstant aix\u00f2, Nous Espais Torrent, S.A. no assumix cap responsabilitat derivada de la connexi\u00f3 o continguts dels enlla\u00e7os de tercers als que es fa refer\u00e8ncia en el Lloc.<\/p>\n\n<p>Hiperenlla\u00e7os des d&#8217;altres p\u00e0gines d&#8217;Internet al Lloc: els usuaris que es proposen establir un hiperenlla\u00e7 entre la seua p\u00e0gina web i la de Nous Espais Torrent, S.A. hauran de tindre en compte el seg\u00fcent:<\/p>\n\n<p>1. L&#8217;establiment de l&#8217;hiperenlla\u00e7 no implica en cap cas l&#8217;exist\u00e8ncia de relacions entre Nous Espais Torrent, S.A. i el propietari de la p\u00e0gina web en qu\u00e8 s&#8217;establisca, ni l&#8217;acceptaci\u00f3 i aprovaci\u00f3 per part de Nous Espais Torrent, S.A. dels seus continguts o servicis. Per tant, no es declarar\u00e0 ni es donar\u00e0 a entendre que Nous Espais Torrent, S.A. ha autoritzat expressament l&#8217;hiperenlla\u00e7 ni que ha supervisat o assumit de totes maneres els servicis oferits o posats a disposici\u00f3 en la p\u00e0gina web des de la que s&#8217;establix l&#8217;hiperenlla\u00e7.<\/p>\n\n<p>2. Nous Espais Torrent, S.A. no es responsabilitza de cap manera ni garantix la qualitat, exactitud, fiabilitat, correcci\u00f3 o moralitat de continguts o servicis que l&#8217;establiment de l&#8217;hiperenlla\u00e7 puga oferir. L&#8217;usuari assumix sota la seua exclusiva responsabilitat les conseq\u00fc\u00e8ncies, danys o accions que pogueren derivar-se de l&#8217;acc\u00e9s a la p\u00e0gina web de l&#8217;hiperenlla\u00e7.<\/p>\n\n<p>3. La p\u00e0gina web en qu\u00e8 s&#8217;establisca l&#8217;hiperenlla\u00e7 no podr\u00e0 contindre cap marca, denominaci\u00f3, logotip, esl\u00f2gan o altres signes distintius pertanyents al Nous Espais Torrent, excepte aquells signes que formen part del mateix hiperenlla\u00e7.<\/p>\n\n<p>4. La p\u00e0gina web en qu\u00e8 s&#8217;establisca l&#8217;hiperenlla\u00e7 no contindr\u00e0 informacions amb continguts il\u00b7l\u00edcits, contraris a la moral i als bons costums generalment acceptades i a l&#8217;orde p\u00fablic, aix\u00ed com tampoc contindr\u00e0 continguts contraris a qualssevol drets de tercers.<\/p>\n","protected":false},"excerpt":{"rendered":"<p>CONDICIONS D&#8217;ACC\u00c9S I \u00daS DEL PORTAL WEB Tot acc\u00e9s a este Lloc Web i l&#8217;\u00fas de la informaci\u00f3 continguda en el mateix, implica l&#8217;acceptaci\u00f3 de les seg\u00fcents condicions d&#8217;\u00fas: 1. Utilitzaci\u00f3 de la informaci\u00f3 continguda en el Lloc Nous Espais Torrent, S.A., a trav\u00e9s del domini nousespais.es facilita la consulta lliure i gratu\u00efta d&#8217;informaci\u00f3 d&#8217;inter\u00e9s [&hellip;]<\/p>\n","protected":false},"author":1,"featured_media":0,"parent":0,"menu_order":0,"comment_status":"closed","ping_status":"closed","template":"","meta":{"_acf_changed":false,"footnotes":""},"class_list":["post-3637","page","type-page","status-publish","hentry"],"acf":[],"_links":{"self":[{"href":"https:\/\/nousespais.es\/va\/wp-json\/wp\/v2\/pages\/3637","targetHints":{"allow":["GET"]}}],"collection":[{"href":"https:\/\/nousespais.es\/va\/wp-json\/wp\/v2\/pages"}],"about":[{"href":"https:\/\/nousespais.es\/va\/wp-json\/wp\/v2\/types\/page"}],"author":[{"embeddable":true,"href":"https:\/\/nousespais.es\/va\/wp-json\/wp\/v2\/users\/1"}],"replies":[{"embeddable":true,"href":"https:\/\/nousespais.es\/va\/wp-json\/wp\/v2\/comments?post=3637"}],"version-history":[{"count":1,"href":"https:\/\/nousespais.es\/va\/wp-json\/wp\/v2\/pages\/3637\/revisions"}],"predecessor-version":[{"id":3638,"href":"https:\/\/nousespais.es\/va\/wp-json\/wp\/v2\/pages\/3637\/revisions\/3638"}],"wp:attachment":[{"href":"https:\/\/nousespais.es\/va\/wp-json\/wp\/v2\/media?parent=3637"}],"curies":[{"name":"wp","href":"https:\/\/api.w.org\/{rel}","templated":true}]}}