{"id":3650,"date":"2022-05-23T19:56:07","date_gmt":"2022-05-23T19:56:07","guid":{"rendered":"https:\/\/nousespais.es\/info-juridica\/"},"modified":"2024-09-02T10:07:21","modified_gmt":"2024-09-02T10:07:21","slug":"info-juridica","status":"publish","type":"page","link":"https:\/\/nousespais.es\/va\/info-juridica\/","title":{"rendered":"Info. Jur\u00eddica"},"content":{"rendered":"\t\t<div data-elementor-type=\"wp-page\" data-elementor-id=\"3650\" class=\"elementor elementor-3650\" data-elementor-post-type=\"page\">\n\t\t\t\t\t\t<section class=\"elementor-section elementor-top-section elementor-element elementor-element-9f17432 elementor-section-boxed elementor-section-height-default elementor-section-height-default\" data-id=\"9f17432\" data-element_type=\"section\">\n\t\t\t\t\t\t<div class=\"elementor-container elementor-column-gap-default\">\n\t\t\t\t\t<div class=\"elementor-column elementor-col-100 elementor-top-column elementor-element elementor-element-8541df2\" data-id=\"8541df2\" data-element_type=\"column\">\n\t\t\t<div class=\"elementor-widget-wrap elementor-element-populated\">\n\t\t\t\t\t\t<div class=\"elementor-element elementor-element-544ee3b elementor-icon-list--layout-inline elementor-align-left elementor-list-item-link-full_width elementor-widget elementor-widget-icon-list\" data-id=\"544ee3b\" data-element_type=\"widget\" data-widget_type=\"icon-list.default\">\n\t\t\t\t<div class=\"elementor-widget-container\">\n\t\t\t\t\t\t\t<ul class=\"elementor-icon-list-items elementor-inline-items\">\n\t\t\t\t\t\t\t<li class=\"elementor-icon-list-item elementor-inline-item\">\n\t\t\t\t\t\t\t\t\t\t\t<a href=\"https:\/\/nousespais.es\/va\/portal-transparencia\/\">\n\n\t\t\t\t\t\t\t\t\t\t\t\t<span class=\"elementor-icon-list-icon\">\n\t\t\t\t\t\t\t<svg xmlns=\"http:\/\/www.w3.org\/2000\/svg\" width=\"20\" height=\"20\" viewBox=\"0 0 20 20\"><g id=\"Grupo_145\" data-name=\"Grupo 145\" transform=\"translate(-2 -2)\"><path id=\"Trazado_174\" data-name=\"Trazado 174\" d=\"M2,12A10,10,0,1,0,12,2,10,10,0,0,0,2,12Zm18,0a8,8,0,1,1-8-8A8,8,0,0,1,20,12ZM8,12l4-4,1.41,1.41L11.83,11H16v2H11.83l1.59,1.59L12,16Z\"><\/path><\/g><\/svg>\t\t\t\t\t\t<\/span>\n\t\t\t\t\t\t\t\t\t\t<span class=\"elementor-icon-list-text\">C. Informaci\u00f3 jur\u00eddica<\/span>\n\t\t\t\t\t\t\t\t\t\t\t<\/a>\n\t\t\t\t\t\t\t\t\t<\/li>\n\t\t\t\t\t\t<\/ul>\n\t\t\t\t\t\t<\/div>\n\t\t\t\t<\/div>\n\t\t\t\t<section class=\"elementor-section elementor-inner-section elementor-element elementor-element-1f03a16 elementor-section-boxed elementor-section-height-default elementor-section-height-default\" data-id=\"1f03a16\" data-element_type=\"section\">\n\t\t\t\t\t\t<div class=\"elementor-container elementor-column-gap-default\">\n\t\t\t\t\t<div class=\"elementor-column elementor-col-50 elementor-inner-column elementor-element elementor-element-b22a9f2\" data-id=\"b22a9f2\" data-element_type=\"column\">\n\t\t\t<div class=\"elementor-widget-wrap elementor-element-populated\">\n\t\t\t\t\t\t<div class=\"elementor-element elementor-element-5c016bc elementor-widget elementor-widget-accordion\" data-id=\"5c016bc\" data-element_type=\"widget\" data-widget_type=\"accordion.default\">\n\t\t\t\t<div class=\"elementor-widget-container\">\n\t\t\t\t\t\t\t<div class=\"elementor-accordion\">\n\t\t\t\t\t\t\t<div class=\"elementor-accordion-item\">\n\t\t\t\t\t<div id=\"elementor-tab-title-9641\" class=\"elementor-tab-title\" data-tab=\"1\" role=\"button\" aria-controls=\"elementor-tab-content-9641\" aria-expanded=\"false\">\n\t\t\t\t\t\t\t\t\t\t\t\t\t<span class=\"elementor-accordion-icon elementor-accordion-icon-left\" aria-hidden=\"true\">\n\t\t\t\t\t\t\t\t\t\t\t\t\t\t\t<span class=\"elementor-accordion-icon-closed\"><i class=\"fas fa-chevron-down\"><\/i><\/span>\n\t\t\t\t\t\t\t\t<span class=\"elementor-accordion-icon-opened\"><i class=\"fas fa-chevron-up\"><\/i><\/span>\n\t\t\t\t\t\t\t\t\t\t\t\t\t\t<\/span>\n\t\t\t\t\t\t\t\t\t\t\t\t<a class=\"elementor-accordion-title\" tabindex=\"0\">C.1. Naturalesa jur\u00eddica de l'empresa<\/a>\n\t\t\t\t\t<\/div>\n\t\t\t\t\t<div id=\"elementor-tab-content-9641\" class=\"elementor-tab-content elementor-clearfix\" data-tab=\"1\" role=\"region\" aria-labelledby=\"elementor-tab-title-9641\"><p><a href=\"https:\/\/nousespais.es\/wp-content\/uploads\/2022\/05\/a1-descripcio-general-de-lempresa-val.pdf\" target=\"_blank\" rel=\"noopener\"><img decoding=\"async\" class=\"wp-image-2489 alignnone\" src=\"https:\/\/nousespais.es\/wp-content\/uploads\/2022\/05\/icono-pdf.svg\" alt=\"\" width=\"14\" height=\"19\" \/><\/a> <a title=\"C.1. Naturalesa jur\u00eddica de l'empresa\" href=\"https:\/\/nousespais.es\/wp-content\/uploads\/2022\/09\/C1-nat-jurid-valen.pdf\" target=\"_blank\" rel=\"noopener\">C.1. Naturalesa jur\u00eddica de l&#8217;empresa<\/a><\/p><\/div>\n\t\t\t\t<\/div>\n\t\t\t\t\t\t\t<div class=\"elementor-accordion-item\">\n\t\t\t\t\t<div id=\"elementor-tab-title-9642\" class=\"elementor-tab-title\" data-tab=\"2\" role=\"button\" aria-controls=\"elementor-tab-content-9642\" aria-expanded=\"false\">\n\t\t\t\t\t\t\t\t\t\t\t\t\t<span class=\"elementor-accordion-icon elementor-accordion-icon-left\" aria-hidden=\"true\">\n\t\t\t\t\t\t\t\t\t\t\t\t\t\t\t<span class=\"elementor-accordion-icon-closed\"><i class=\"fas fa-chevron-down\"><\/i><\/span>\n\t\t\t\t\t\t\t\t<span class=\"elementor-accordion-icon-opened\"><i class=\"fas fa-chevron-up\"><\/i><\/span>\n\t\t\t\t\t\t\t\t\t\t\t\t\t\t<\/span>\n\t\t\t\t\t\t\t\t\t\t\t\t<a class=\"elementor-accordion-title\" tabindex=\"0\">C.2. Normativa aplicable a l'empresa<\/a>\n\t\t\t\t\t<\/div>\n\t\t\t\t\t<div id=\"elementor-tab-content-9642\" class=\"elementor-tab-content elementor-clearfix\" data-tab=\"2\" role=\"region\" aria-labelledby=\"elementor-tab-title-9642\"><p><a href=\"https:\/\/nousespais.es\/wp-content\/uploads\/2022\/05\/a1-descripcio-general-de-lempresa-val.pdf\" target=\"_blank\" rel=\"noopener\"><img decoding=\"async\" class=\"wp-image-2489 alignnone\" src=\"https:\/\/nousespais.es\/wp-content\/uploads\/2022\/05\/icono-pdf.svg\" alt=\"\" width=\"14\" height=\"19\" \/><\/a> <a href=\"https:\/\/nousespais.es\/wp-content\/uploads\/2022\/09\/C2-convenis-colect-valen.pdf\" target=\"_blank\" rel=\"noopener\">Bloc normatiu convenis col\u00b7lectius<\/a><\/p><p><a href=\"https:\/\/nousespais.es\/wp-content\/uploads\/2022\/05\/a1-descripcio-general-de-lempresa-val.pdf\" target=\"_blank\" rel=\"noopener\"><img decoding=\"async\" class=\"wp-image-2489 alignnone\" src=\"https:\/\/nousespais.es\/wp-content\/uploads\/2022\/05\/icono-pdf.svg\" alt=\"\" width=\"14\" height=\"19\" \/><\/a> <a href=\"https:\/\/nousespais.es\/wp-content\/uploads\/2022\/10\/C2-bl-norm-fiscal-i-socie-valen.pdf\" target=\"_blank\" rel=\"noopener\">Bloc normatiu fiscal i societari<\/a><\/p><p><a href=\"https:\/\/nousespais.es\/wp-content\/uploads\/2022\/05\/a1-descripcio-general-de-lempresa-val.pdf\" target=\"_blank\" rel=\"noopener\"><img decoding=\"async\" class=\"wp-image-2489 alignnone\" src=\"https:\/\/nousespais.es\/wp-content\/uploads\/2022\/05\/icono-pdf.svg\" alt=\"\" width=\"14\" height=\"19\" \/><\/a> <a title=\"Bloc normatiu social\" href=\"https:\/\/nousespais.es\/wp-content\/uploads\/2022\/10\/C2-bl-norm-social-valen.pdf\" target=\"_blank\" rel=\"noopener\">Bloc normatiu social<\/a><\/p><p><a href=\"https:\/\/nousespais.es\/wp-content\/uploads\/2022\/05\/a1-descripcio-general-de-lempresa-val.pdf\" target=\"_blank\" rel=\"noopener\"><img decoding=\"async\" class=\"wp-image-2489 alignnone\" src=\"https:\/\/nousespais.es\/wp-content\/uploads\/2022\/05\/icono-pdf.svg\" alt=\"\" width=\"14\" height=\"19\" \/><\/a> <a href=\"https:\/\/nousespais.es\/wp-content\/uploads\/2022\/10\/C2-bl-norm-presup-i-cont-valen.pdf\" target=\"_blank\" rel=\"noopener\">Bloc normatiu pressupostari i comptable<\/a><\/p><p><a href=\"https:\/\/nousespais.es\/wp-content\/uploads\/2022\/05\/a1-descripcio-general-de-lempresa-val.pdf\" target=\"_blank\" rel=\"noopener\"><img decoding=\"async\" class=\"wp-image-2489 alignnone\" src=\"https:\/\/nousespais.es\/wp-content\/uploads\/2022\/05\/icono-pdf.svg\" alt=\"\" width=\"14\" height=\"19\" \/><\/a> <a title=\"Bloc normatiu social\" href=\"https:\/\/nousespais.es\/wp-content\/uploads\/2024\/08\/Marco-Juridico-aplicable-a-Nous-Espais-Torrent.pdf\" target=\"_blank\" rel=\"noopener\">Bloc normatiu administratiu\u00a0<\/a><\/p><\/div>\n\t\t\t\t<\/div>\n\t\t\t\t\t\t\t<div class=\"elementor-accordion-item\">\n\t\t\t\t\t<div id=\"elementor-tab-title-9643\" class=\"elementor-tab-title\" data-tab=\"3\" role=\"button\" aria-controls=\"elementor-tab-content-9643\" aria-expanded=\"false\">\n\t\t\t\t\t\t\t\t\t\t\t\t\t<span class=\"elementor-accordion-icon elementor-accordion-icon-left\" aria-hidden=\"true\">\n\t\t\t\t\t\t\t\t\t\t\t\t\t\t\t<span class=\"elementor-accordion-icon-closed\"><i class=\"fas fa-chevron-down\"><\/i><\/span>\n\t\t\t\t\t\t\t\t<span class=\"elementor-accordion-icon-opened\"><i class=\"fas fa-chevron-up\"><\/i><\/span>\n\t\t\t\t\t\t\t\t\t\t\t\t\t\t<\/span>\n\t\t\t\t\t\t\t\t\t\t\t\t<a class=\"elementor-accordion-title\" tabindex=\"0\">C.3. R\u00e8gim jur\u00eddic en mat\u00e8ria de contractaci\u00f3 p\u00fablica<\/a>\n\t\t\t\t\t<\/div>\n\t\t\t\t\t<div id=\"elementor-tab-content-9643\" class=\"elementor-tab-content elementor-clearfix\" data-tab=\"3\" role=\"region\" aria-labelledby=\"elementor-tab-title-9643\"><p><a href=\"https:\/\/nousespais.es\/wp-content\/uploads\/2022\/05\/a1-descripcio-general-de-lempresa-val.pdf\" target=\"_blank\" rel=\"noopener\"><img decoding=\"async\" class=\"wp-image-2489 alignnone\" src=\"https:\/\/nousespais.es\/wp-content\/uploads\/2022\/05\/icono-pdf.svg\" alt=\"\" width=\"14\" height=\"19\" \/><\/a> <a title=\"Contractaci\u00f3 obres, serveis i subministraments\" href=\"https:\/\/nousespais.es\/wp-content\/uploads\/2022\/10\/C3-reg-jur-cont-OSS-2022-valen.pdf\" target=\"_blank\" rel=\"noopener\">Contractaci\u00f3 obres, serveis i subministraments<\/a><\/p><p><a href=\"https:\/\/nousespais.es\/wp-content\/uploads\/2022\/05\/a1-descripcio-general-de-lempresa-val.pdf\" target=\"_blank\" rel=\"noopener\"><img decoding=\"async\" class=\"wp-image-2489 alignnone\" src=\"https:\/\/nousespais.es\/wp-content\/uploads\/2022\/05\/icono-pdf.svg\" alt=\"\" width=\"14\" height=\"19\" \/><\/a> <a href=\"https:\/\/nousespais.es\/wp-content\/uploads\/2022\/09\/C3-reg-jur-cont-RRHH-valen.pdf\" target=\"_blank\" rel=\"noopener\">Contractaci\u00f3 de recursos humans<\/a><\/p><p><a href=\"https:\/\/nousespais.es\/wp-content\/uploads\/2022\/05\/a1-descripcio-general-de-lempresa-val.pdf\" target=\"_blank\" rel=\"noopener\"><img decoding=\"async\" class=\"wp-image-2489 alignnone\" src=\"https:\/\/nousespais.es\/wp-content\/uploads\/2022\/05\/icono-pdf.svg\" alt=\"\" width=\"14\" height=\"19\" \/><\/a> <a title=\"Contractaci\u00f3 obres, serveis i subministraments\" href=\"https:\/\/nousespais.es\/wp-content\/uploads\/2024\/01\/C3-Cert.-Co-Admon.-CIERRE-BOLSAS-dic-23.pdf\" target=\"_blank\" rel=\"noopener\">Certificat Consell d&#8217;Administraci\u00f3 19\/12\/23 de Tancament de Borses personal oficis jardineria<\/a><\/p><p><a href=\"https:\/\/nousespais.es\/wp-content\/uploads\/2022\/05\/a1-descripcio-general-de-lempresa-val.pdf\" target=\"_blank\" rel=\"noopener\"><img decoding=\"async\" class=\"wp-image-2489 alignnone\" src=\"https:\/\/nousespais.es\/wp-content\/uploads\/2022\/05\/icono-pdf.svg\" alt=\"\" width=\"14\" height=\"19\" \/><\/a> <a href=\"https:\/\/nousespais.es\/wp-content\/uploads\/2024\/07\/CONTRACTACIO-PUBLICA-Normativa.pdf\" target=\"_blank\" rel=\"noopener\">Normativa Contractaci\u00f3 P\u00fablica Juny 2023<\/a><\/p><p><a href=\"https:\/\/nousespais.es\/wp-content\/uploads\/2022\/05\/a1-descripcio-general-de-lempresa-val.pdf\" target=\"_blank\" rel=\"noopener\"><img decoding=\"async\" class=\"wp-image-2489 alignnone\" src=\"https:\/\/nousespais.es\/wp-content\/uploads\/2022\/05\/icono-pdf.svg\" alt=\"\" width=\"14\" height=\"19\" \/><\/a> <a href=\"https:\/\/nousespais.es\/wp-content\/uploads\/2024\/07\/C3-Normes-Generals-Selec-Person-VAL.pdf\" target=\"_blank\" rel=\"noopener\">Normes Generals d&#8217;aplicaci\u00f3 als procediments de selecci\u00f3 de personal de Nous Espais Torrent, S.A.U.<\/a>\u00a0<\/p><p><a href=\"https:\/\/nousespais.es\/wp-content\/uploads\/2022\/05\/a1-descripcio-general-de-lempresa-val.pdf\" target=\"_blank\" rel=\"noopener\"><img decoding=\"async\" class=\"wp-image-2489 alignnone\" src=\"https:\/\/nousespais.es\/wp-content\/uploads\/2022\/05\/icono-pdf.svg\" alt=\"\" width=\"14\" height=\"19\" \/><\/a> <a href=\"https:\/\/nousespais.es\/wp-content\/uploads\/2024\/07\/C3-Bases-General-Borses-Treball-VAL.pdf\" target=\"_blank\" rel=\"noopener\">Bases Generals d&#8217;aplicaci\u00f3 que regiran les Borses de Treball per a cobrir necesitats temporals de personal de Nous Espais Torrent, S.A.U<\/a><\/p><\/div>\n\t\t\t\t<\/div>\n\t\t\t\t\t\t\t\t<\/div>\n\t\t\t\t\t\t<\/div>\n\t\t\t\t<\/div>\n\t\t\t\t\t<\/div>\n\t\t<\/div>\n\t\t\t\t<div class=\"elementor-column elementor-col-50 elementor-inner-column elementor-element elementor-element-4156375\" data-id=\"4156375\" data-element_type=\"column\">\n\t\t\t<div class=\"elementor-widget-wrap\">\n\t\t\t\t\t\t\t<\/div>\n\t\t<\/div>\n\t\t\t\t\t<\/div>\n\t\t<\/section>\n\t\t\t\t\t<\/div>\n\t\t<\/div>\n\t\t\t\t\t<\/div>\n\t\t<\/section>\n\t\t\t\t<\/div>\n\t\t","protected":false},"excerpt":{"rendered":"<p>C. Informaci\u00f3 jur\u00eddica C.1. Naturalesa jur\u00eddica de l&#8217;empresa C.1. Naturalesa jur\u00eddica de l&#8217;empresa C.2. Normativa aplicable a l&#8217;empresa Bloc normatiu convenis col\u00b7lectius Bloc normatiu fiscal i societari Bloc normatiu social Bloc normatiu pressupostari i comptable Bloc normatiu administratiu\u00a0 C.3. R\u00e8gim jur\u00eddic en mat\u00e8ria de contractaci\u00f3 p\u00fablica Contractaci\u00f3 obres, serveis i subministraments Contractaci\u00f3 de recursos humans [&hellip;]<\/p>\n","protected":false},"author":1,"featured_media":0,"parent":0,"menu_order":0,"comment_status":"closed","ping_status":"closed","template":"elementor_header_footer","meta":{"_acf_changed":false,"footnotes":""},"class_list":["post-3650","page","type-page","status-publish","hentry"],"acf":[],"_links":{"self":[{"href":"https:\/\/nousespais.es\/va\/wp-json\/wp\/v2\/pages\/3650","targetHints":{"allow":["GET"]}}],"collection":[{"href":"https:\/\/nousespais.es\/va\/wp-json\/wp\/v2\/pages"}],"about":[{"href":"https:\/\/nousespais.es\/va\/wp-json\/wp\/v2\/types\/page"}],"author":[{"embeddable":true,"href":"https:\/\/nousespais.es\/va\/wp-json\/wp\/v2\/users\/1"}],"replies":[{"embeddable":true,"href":"https:\/\/nousespais.es\/va\/wp-json\/wp\/v2\/comments?post=3650"}],"version-history":[{"count":43,"href":"https:\/\/nousespais.es\/va\/wp-json\/wp\/v2\/pages\/3650\/revisions"}],"predecessor-version":[{"id":72190,"href":"https:\/\/nousespais.es\/va\/wp-json\/wp\/v2\/pages\/3650\/revisions\/72190"}],"wp:attachment":[{"href":"https:\/\/nousespais.es\/va\/wp-json\/wp\/v2\/media?parent=3650"}],"curies":[{"name":"wp","href":"https:\/\/api.w.org\/{rel}","templated":true}]}}