{"id":3666,"date":"2022-05-25T15:29:18","date_gmt":"2022-05-25T15:29:18","guid":{"rendered":"https:\/\/nousespais.es\/benestar-social\/"},"modified":"2022-05-30T08:45:23","modified_gmt":"2022-05-30T08:45:23","slug":"benestar-social","status":"publish","type":"page","link":"https:\/\/nousespais.es\/va\/benestar-social\/","title":{"rendered":"Benestar social"},"content":{"rendered":"\t\t<div data-elementor-type=\"wp-page\" data-elementor-id=\"3666\" class=\"elementor elementor-3666\" data-elementor-post-type=\"page\">\n\t\t\t\t\t\t<section class=\"elementor-section elementor-top-section elementor-element elementor-element-656fbf68 elementor-section-boxed elementor-section-height-default elementor-section-height-default\" data-id=\"656fbf68\" data-element_type=\"section\">\n\t\t\t\t\t\t<div class=\"elementor-container elementor-column-gap-default\">\n\t\t\t\t\t<div class=\"elementor-column elementor-col-100 elementor-top-column elementor-element elementor-element-1f8b02e1\" data-id=\"1f8b02e1\" data-element_type=\"column\">\n\t\t\t<div class=\"elementor-widget-wrap elementor-element-populated\">\n\t\t\t\t\t\t<div class=\"elementor-element elementor-element-51741a1a elementor-widget elementor-widget-heading\" data-id=\"51741a1a\" data-element_type=\"widget\" data-widget_type=\"heading.default\">\n\t\t\t\t<div class=\"elementor-widget-container\">\n\t\t\t\t\t<h2 class=\"elementor-heading-title elementor-size-default\">Benestar social<\/h2>\t\t\t\t<\/div>\n\t\t\t\t<\/div>\n\t\t\t\t<div class=\"elementor-element elementor-element-5319ca1e elementor-widget elementor-widget-text-editor\" data-id=\"5319ca1e\" data-element_type=\"widget\" data-widget_type=\"text-editor.default\">\n\t\t\t\t<div class=\"elementor-widget-container\">\n\t\t\t\t\t\t\t\t\t<p>L&#8217;Ajuntament de Torrent, a trav\u00e9s de la Regidoria de Benestar Social, ha subscrit un conveni de col\u00b7laboraci\u00f3 amb Nous Espais Torrent, per a la gesti\u00f3 del programa d&#8217;ajudes de Lloguer Social.<\/p><p>Amb este conveni es pret\u00e9n ajudar els arrendataris amb dificultats econ\u00f2miques a pagar el lloguer.<\/p><p>Com a conseq\u00fc\u00e8ncia, Nous Espais Torrent realitza un servici on s&#8217;establixen els mecanismes jur\u00eddics i de control necessaris per a la formalitzaci\u00f3 de les ajudes.<\/p><p><strong>TERMINI<\/strong>: TANCAT. <\/p><p><strong>LLOC DE PRESENTACI\u00d3<\/strong>: Benestar Social. C\/ Santo Domingo, 22.<\/p>\t\t\t\t\t\t\t\t<\/div>\n\t\t\t\t<\/div>\n\t\t\t\t\t<\/div>\n\t\t<\/div>\n\t\t\t\t\t<\/div>\n\t\t<\/section>\n\t\t\t\t<\/div>\n\t\t","protected":false},"excerpt":{"rendered":"<p>Benestar social L&#8217;Ajuntament de Torrent, a trav\u00e9s de la Regidoria de Benestar Social, ha subscrit un conveni de col\u00b7laboraci\u00f3 amb Nous Espais Torrent, per a la gesti\u00f3 del programa d&#8217;ajudes de Lloguer Social. Amb este conveni es pret\u00e9n ajudar els arrendataris amb dificultats econ\u00f2miques a pagar el lloguer. Com a conseq\u00fc\u00e8ncia, Nous Espais Torrent realitza [&hellip;]<\/p>\n","protected":false},"author":1,"featured_media":0,"parent":0,"menu_order":0,"comment_status":"closed","ping_status":"closed","template":"elementor_header_footer","meta":{"_acf_changed":false,"footnotes":""},"class_list":["post-3666","page","type-page","status-publish","hentry"],"acf":[],"_links":{"self":[{"href":"https:\/\/nousespais.es\/va\/wp-json\/wp\/v2\/pages\/3666","targetHints":{"allow":["GET"]}}],"collection":[{"href":"https:\/\/nousespais.es\/va\/wp-json\/wp\/v2\/pages"}],"about":[{"href":"https:\/\/nousespais.es\/va\/wp-json\/wp\/v2\/types\/page"}],"author":[{"embeddable":true,"href":"https:\/\/nousespais.es\/va\/wp-json\/wp\/v2\/users\/1"}],"replies":[{"embeddable":true,"href":"https:\/\/nousespais.es\/va\/wp-json\/wp\/v2\/comments?post=3666"}],"version-history":[{"count":1,"href":"https:\/\/nousespais.es\/va\/wp-json\/wp\/v2\/pages\/3666\/revisions"}],"predecessor-version":[{"id":3667,"href":"https:\/\/nousespais.es\/va\/wp-json\/wp\/v2\/pages\/3666\/revisions\/3667"}],"wp:attachment":[{"href":"https:\/\/nousespais.es\/va\/wp-json\/wp\/v2\/media?parent=3666"}],"curies":[{"name":"wp","href":"https:\/\/api.w.org\/{rel}","templated":true}]}}