{"id":3672,"date":"2022-05-27T12:26:20","date_gmt":"2022-05-27T12:26:20","guid":{"rendered":"https:\/\/nousespais.es\/edificio-gabriela-mistral\/"},"modified":"2024-03-11T12:15:02","modified_gmt":"2024-03-11T12:15:02","slug":"edificio-gabriela-mistral","status":"publish","type":"page","link":"https:\/\/nousespais.es\/va\/edificio-gabriela-mistral\/","title":{"rendered":"Edificio Gabriela Mistral"},"content":{"rendered":"\t\t<div data-elementor-type=\"wp-page\" data-elementor-id=\"3672\" class=\"elementor elementor-3672\" data-elementor-post-type=\"page\">\n\t\t\t\t\t\t<section class=\"elementor-section elementor-top-section elementor-element elementor-element-24a4768 elementor-section-boxed elementor-section-height-default elementor-section-height-default\" data-id=\"24a4768\" data-element_type=\"section\">\n\t\t\t\t\t\t<div class=\"elementor-container elementor-column-gap-default\">\n\t\t\t\t\t<div class=\"elementor-column elementor-col-50 elementor-top-column elementor-element elementor-element-60a2c01\" data-id=\"60a2c01\" data-element_type=\"column\">\n\t\t\t<div class=\"elementor-widget-wrap elementor-element-populated\">\n\t\t\t\t\t\t<div class=\"elementor-element elementor-element-55bce23 elementor-widget elementor-widget-image\" data-id=\"55bce23\" data-element_type=\"widget\" data-widget_type=\"image.default\">\n\t\t\t\t<div class=\"elementor-widget-container\">\n\t\t\t\t\t\t\t\t\t\t\t\t\t\t\t<img fetchpriority=\"high\" decoding=\"async\" width=\"340\" height=\"340\" src=\"https:\/\/nousespais.es\/wp-content\/uploads\/2022\/05\/gabriela-mistral-calle-gabriela.jpg\" class=\"attachment-large size-large wp-image-2887\" alt=\"\" srcset=\"https:\/\/nousespais.es\/wp-content\/uploads\/2022\/05\/gabriela-mistral-calle-gabriela.jpg 340w, https:\/\/nousespais.es\/wp-content\/uploads\/2022\/05\/gabriela-mistral-calle-gabriela-300x300.jpg 300w, https:\/\/nousespais.es\/wp-content\/uploads\/2022\/05\/gabriela-mistral-calle-gabriela-150x150.jpg 150w\" sizes=\"(max-width: 340px) 100vw, 340px\" \/>\t\t\t\t\t\t\t\t\t\t\t\t\t\t\t<\/div>\n\t\t\t\t<\/div>\n\t\t\t\t\t<\/div>\n\t\t<\/div>\n\t\t\t\t<div class=\"elementor-column elementor-col-50 elementor-top-column elementor-element elementor-element-8544f18\" data-id=\"8544f18\" data-element_type=\"column\">\n\t\t\t<div class=\"elementor-widget-wrap elementor-element-populated\">\n\t\t\t\t\t\t<div class=\"elementor-element elementor-element-130fa44 elementor-widget elementor-widget-text-editor\" data-id=\"130fa44\" data-element_type=\"widget\" data-widget_type=\"text-editor.default\">\n\t\t\t\t<div class=\"elementor-widget-container\">\n\t\t\t\t\t\t\t\t\t<h1 class=\"item-title\">Edifici Gabriela Mistral<\/h1>\t\t\t\t\t\t\t\t<\/div>\n\t\t\t\t<\/div>\n\t\t\t\t<div class=\"elementor-element elementor-element-f9f8b3c elementor-widget elementor-widget-button\" data-id=\"f9f8b3c\" data-element_type=\"widget\" data-widget_type=\"button.default\">\n\t\t\t\t<div class=\"elementor-widget-container\">\n\t\t\t\t\t\t\t\t\t<div class=\"elementor-button-wrapper\">\n\t\t\t\t\t<a class=\"elementor-button elementor-size-sm\" role=\"button\">\n\t\t\t\t\t\t<span class=\"elementor-button-content-wrapper\">\n\t\t\t\t\t\t\t\t\t<span class=\"elementor-button-text\">NO HI HA IMMOBLES DISPONIBLES<\/span>\n\t\t\t\t\t<\/span>\n\t\t\t\t\t<\/a>\n\t\t\t\t<\/div>\n\t\t\t\t\t\t\t\t<\/div>\n\t\t\t\t<\/div>\n\t\t\t\t<div class=\"elementor-element elementor-element-28c4a41 elementor-widget elementor-widget-text-editor\" data-id=\"28c4a41\" data-element_type=\"widget\" data-widget_type=\"text-editor.default\">\n\t\t\t\t<div class=\"elementor-widget-container\">\n\t\t\t\t\t\t\t\t\t<div class=\"item-address\"><i class=\"fas fa-map-marker-alt\" aria-hidden=\"true\"><\/i>&nbsp;C\/ M\u00fasic Jos\u00e9 Ort\u00ed Soriano, 12 (Passatge en planta baixa que comunica amb el C\/ Gabriela Mistral)<br><br><\/div>\n<div class=\"item-text\">\n<div class=\"wp-field wp-field-content wp-field-type-htmlcontent\">\n<p>20 Vivendes protegides d&#8217;1 i 2 dormitoris, totes elles amb traster vinculat.&nbsp;<\/p>\n<p>L&#8217;edifici Gabriela Mestral est\u00e0 perfectament comunicat amb l&#8217;autovia a Val\u00e8ncia, a 15 minuts de la capital, i molt prop de l&#8217;Estaci\u00f3 de Metro, zona Centre Hist\u00f2ric.<\/p>\n<p>Compte en planta baixa amb un passatge de vianants p\u00fablic a qu\u00e8 recauen els locals comercials de la promoci\u00f3.<\/p>\n<p>Cal destacar que la promoci\u00f3 compta amb el distintiu PERFIL DE QUALITAT d&#8217;estalvi d&#8217;energia i sostenibilitat, concedit per l&#8217;Institut Valenci\u00e0 de l&#8217;Edificaci\u00f3,con la qualificaci\u00f3 m\u00e9s alta possible.<\/p>\n<p>Les vivendes tenen preinstal\u00b7laci\u00f3 d&#8217;aire condicionat fred\/calor per conductes en tota la vivenda, videoporter electr\u00f2nic, plaques solars per a l&#8217;abastiment d&#8217;aigua calenta a les vivendes.<\/p>\n<\/div>\n<\/div>\t\t\t\t\t\t\t\t<\/div>\n\t\t\t\t<\/div>\n\t\t\t\t\t<\/div>\n\t\t<\/div>\n\t\t\t\t\t<\/div>\n\t\t<\/section>\n\t\t\t\t<section class=\"elementor-section elementor-top-section elementor-element elementor-element-ab7fd74 elementor-section-boxed elementor-section-height-default elementor-section-height-default\" data-id=\"ab7fd74\" data-element_type=\"section\">\n\t\t\t\t\t\t<div class=\"elementor-container elementor-column-gap-default\">\n\t\t\t\t\t<div class=\"elementor-column elementor-col-100 elementor-top-column elementor-element elementor-element-c480720\" data-id=\"c480720\" data-element_type=\"column\">\n\t\t\t<div class=\"elementor-widget-wrap elementor-element-populated\">\n\t\t\t\t\t\t<div class=\"elementor-element elementor-element-e03fc75 elementor-widget elementor-widget-google_maps\" data-id=\"e03fc75\" data-element_type=\"widget\" data-widget_type=\"google_maps.default\">\n\t\t\t\t<div class=\"elementor-widget-container\">\n\t\t\t\t\t\t\t<div class=\"elementor-custom-embed\">\n\t\t\t<iframe loading=\"lazy\"\n\t\t\t\t\tsrc=\"https:\/\/maps.google.com\/maps?q=M%C3%BAsico%20Jos%C3%A9%20Ort%C3%AD%20Soriano%2C%2012&#038;t=m&#038;z=10&#038;output=embed&#038;iwloc=near\"\n\t\t\t\t\ttitle=\"M\u00fasico Jos\u00e9 Ort\u00ed Soriano, 12\"\n\t\t\t\t\taria-label=\"M\u00fasico Jos\u00e9 Ort\u00ed Soriano, 12\"\n\t\t\t><\/iframe>\n\t\t<\/div>\n\t\t\t\t\t\t<\/div>\n\t\t\t\t<\/div>\n\t\t\t\t\t<\/div>\n\t\t<\/div>\n\t\t\t\t\t<\/div>\n\t\t<\/section>\n\t\t\t\t<\/div>\n\t\t","protected":false},"excerpt":{"rendered":"<p>Edifici Gabriela Mistral NO HI HA IMMOBLES DISPONIBLES &nbsp;C\/ M\u00fasic Jos\u00e9 Ort\u00ed Soriano, 12 (Passatge en planta baixa que comunica amb el C\/ Gabriela Mistral) 20 Vivendes protegides d&#8217;1 i 2 dormitoris, totes elles amb traster vinculat.&nbsp; L&#8217;edifici Gabriela Mestral est\u00e0 perfectament comunicat amb l&#8217;autovia a Val\u00e8ncia, a 15 minuts de la capital, i molt [&hellip;]<\/p>\n","protected":false},"author":1,"featured_media":0,"parent":0,"menu_order":0,"comment_status":"closed","ping_status":"closed","template":"elementor_header_footer","meta":{"_acf_changed":false,"footnotes":""},"class_list":["post-3672","page","type-page","status-publish","hentry"],"acf":[],"_links":{"self":[{"href":"https:\/\/nousespais.es\/va\/wp-json\/wp\/v2\/pages\/3672","targetHints":{"allow":["GET"]}}],"collection":[{"href":"https:\/\/nousespais.es\/va\/wp-json\/wp\/v2\/pages"}],"about":[{"href":"https:\/\/nousespais.es\/va\/wp-json\/wp\/v2\/types\/page"}],"author":[{"embeddable":true,"href":"https:\/\/nousespais.es\/va\/wp-json\/wp\/v2\/users\/1"}],"replies":[{"embeddable":true,"href":"https:\/\/nousespais.es\/va\/wp-json\/wp\/v2\/comments?post=3672"}],"version-history":[{"count":19,"href":"https:\/\/nousespais.es\/va\/wp-json\/wp\/v2\/pages\/3672\/revisions"}],"predecessor-version":[{"id":49383,"href":"https:\/\/nousespais.es\/va\/wp-json\/wp\/v2\/pages\/3672\/revisions\/49383"}],"wp:attachment":[{"href":"https:\/\/nousespais.es\/va\/wp-json\/wp\/v2\/media?parent=3672"}],"curies":[{"name":"wp","href":"https:\/\/api.w.org\/{rel}","templated":true}]}}