{"id":3678,"date":"2022-05-25T15:37:10","date_gmt":"2022-05-25T15:37:10","guid":{"rendered":"https:\/\/nousespais.es\/conveni-amb-la-universitat-catolica\/"},"modified":"2022-05-30T09:14:45","modified_gmt":"2022-05-30T09:14:45","slug":"conveni-amb-la-universitat-catolica","status":"publish","type":"page","link":"https:\/\/nousespais.es\/va\/conveni-amb-la-universitat-catolica\/","title":{"rendered":"Conveni amb la Universitat Cat\u00f2lica"},"content":{"rendered":"\t\t<div data-elementor-type=\"wp-page\" data-elementor-id=\"3678\" class=\"elementor elementor-3678\" data-elementor-post-type=\"page\">\n\t\t\t\t\t\t<section class=\"elementor-section elementor-top-section elementor-element elementor-element-4168b8c7 elementor-section-boxed elementor-section-height-default elementor-section-height-default\" data-id=\"4168b8c7\" data-element_type=\"section\">\n\t\t\t\t\t\t<div class=\"elementor-container elementor-column-gap-default\">\n\t\t\t\t\t<div class=\"elementor-column elementor-col-100 elementor-top-column elementor-element elementor-element-6d947ac\" data-id=\"6d947ac\" data-element_type=\"column\">\n\t\t\t<div class=\"elementor-widget-wrap elementor-element-populated\">\n\t\t\t\t\t\t<div class=\"elementor-element elementor-element-174b0a87 elementor-widget elementor-widget-heading\" data-id=\"174b0a87\" data-element_type=\"widget\" data-widget_type=\"heading.default\">\n\t\t\t\t<div class=\"elementor-widget-container\">\n\t\t\t\t\t<h2 class=\"elementor-heading-title elementor-size-default\">Conveni amb la Universitat Cat\u00f2lica<\/h2>\t\t\t\t<\/div>\n\t\t\t\t<\/div>\n\t\t\t\t<div class=\"elementor-element elementor-element-73ce97f3 elementor-widget elementor-widget-text-editor\" data-id=\"73ce97f3\" data-element_type=\"widget\" data-widget_type=\"text-editor.default\">\n\t\t\t\t<div class=\"elementor-widget-container\">\n\t\t\t\t\t\t\t\t\t<p>\u00c9s un <strong>servicio p\u00fablic i gratu\u00eft <\/strong>que oferix Nous Espais Torrent, que t\u00e9 com a finalitat gestionar el lloguer de vivendes en la ciutat. Els propietaris de les vivendes posen a disposici\u00f3 d&#8217;esta ag\u00e8ncia els seus pisos i l&#8217;Ajuntament \u00e9s qui busca arrendatari i es preocupa de tots els tr\u00e0mits burocr\u00e0tics.<\/p><p>La gesti\u00f3 p\u00fablica del lloguer beneficia tant el propietari del pis com a l&#8217;inquil\u00ed, ja que des de l&#8217;Ajuntament es vetla pels drets d&#8217;ambd\u00f3s ciutadans, evitant d&#8217;esta manera les retic\u00e8ncies a llogar ja que han de complir-se totes les condicions de qualitat. Torrent genera una gran bossa de pisos en lloguer per a garantir d&#8217;esta manera l&#8217;acc\u00e9s a una vivenda de qualitat.<\/p><p>Nous Espais Torrent, S.A. i la Universitat Cat\u00f2lica de Val\u00e8ncia, han firmat un conveni amb la intenci\u00f3 de facilitar l&#8217;acc\u00e9s a vivendes de lloguer als estudiants i personal de la Universitat que ho sol\u00b7liciten.<\/p><p><em><strong>BORSA D&#8217; HABITATGES<\/strong><\/em><\/p><p>* El servici \u00e9s <strong>completamente gratu\u00eft<\/strong>. <br>* <strong>Busca<\/strong> <strong>de vivenda <\/strong>segons necessitat de l&#8217;interessat.<br>* <strong>Orientaci\u00f3<\/strong> sobre el mercat de lloguer del municipi, preu per zones, servicis, metro, etc.<br>* Totes les vivendes oferides complixen amb el que preveu l&#8217;article 18 de la Llei de vivenda de la Comunitat Valenciana \u2013normativa t\u00e8cnica-, a m\u00e9s disposaran d&#8217;un <strong>segur de llar <\/strong><strong>(<\/strong>continent).<\/p><p>* Comprobaci\u00f3 de l&#8217;estat general de la vivenda, per mitj\u00e0 d&#8217;inventari detallat d&#8217;efectes i dossier amb fotografies digitals de la vivenda.<\/p><p>* <strong>Tramitaci\u00f3 i elaboraci\u00f3 <\/strong>del contracte. Seguiment de la seua execuci\u00f3.<br>* Conciliaci\u00f3 i <strong>mediaci\u00f3 <\/strong>en la resoluci\u00f3 dels conflictes que puguen sorgir amb el propietari durant la vig\u00e8ncia del contracte.<br>* <strong>Informaci\u00f3 <\/strong><strong>i suport <\/strong>en qualsevol gesti\u00f3 que necessite l&#8217;estudiant de qualsevol administraci\u00f3 municipal durant la vig\u00e8ncia del contracte. <\/p><p><em><strong>Ciutat de <\/strong><\/em><em><strong>Torrent<\/strong><\/em><\/p><p>* Capital de la comarca de l\u2019Horta Sud, s&#8217;ha convertit en els \u00faltims anys en una de les ciutats m\u00e9s poblades de la geografia valenciana.<br>* La poblaci\u00f3 de dret en data octubre 2013 en el terme de Torrent \u00e9s de 81.402 habitants.<br>* M\u00e0xima proximitat a la Universitat Cat\u00f2lica de Val\u00e8ncia.<br>* \u00c0mplies zones verdes i esportives.<br>* A 15 minuts del centre de la ciutat de Val\u00e8ncia amb servici de metro i autob\u00fas.<br>* Varietat de comer\u00e7 detallista aix\u00ed com centres comercials.<br>* Centres m\u00e8dics.<\/p>\t\t\t\t\t\t\t\t<\/div>\n\t\t\t\t<\/div>\n\t\t\t\t<div class=\"elementor-element elementor-element-6158723c elementor-icon-list--layout-traditional elementor-list-item-link-full_width elementor-widget elementor-widget-icon-list\" data-id=\"6158723c\" data-element_type=\"widget\" data-widget_type=\"icon-list.default\">\n\t\t\t\t<div class=\"elementor-widget-container\">\n\t\t\t\t\t\t\t<ul class=\"elementor-icon-list-items\">\n\t\t\t\t\t\t\t<li class=\"elementor-icon-list-item\">\n\t\t\t\t\t\t\t\t\t\t\t<a href=\"https:\/\/nousespais.es\/wp-content\/uploads\/2022\/05\/folleto-nous-espais-universidad.pdf\" target=\"_blank\">\n\n\t\t\t\t\t\t\t\t\t\t\t\t<span class=\"elementor-icon-list-icon\">\n\t\t\t\t\t\t\t<svg xmlns=\"http:\/\/www.w3.org\/2000\/svg\" width=\"18.774\" height=\"24.316\" viewBox=\"0 0 18.774 24.316\"><g id=\"noun-pdf-3071298\" transform=\"translate(-145.349 -9.828)\"><path id=\"Trazado_219\" data-name=\"Trazado 219\" d=\"M213.376,136.465a2.248,2.248,0,0,0,1.548-.449,1.744,1.744,0,0,0,.5-1.4,1.856,1.856,0,0,0-.5-1.423,2.274,2.274,0,0,0-1.573-.474h-1.673v5.193h1.049v-1.448Zm-.649-2.746h.6a1.3,1.3,0,0,1,.774.2.749.749,0,0,1,.25.649,1.033,1.033,0,0,1-.2.674.929.929,0,0,1-.724.225h-.7Z\" transform=\"translate(-63.133 -117.175)\" fill=\"#231f20\"><\/path><path id=\"Trazado_220\" data-name=\"Trazado 220\" d=\"M309.963,136.653a2.643,2.643,0,0,0,.649-1.922,2.591,2.591,0,0,0-.674-1.9,2.637,2.637,0,0,0-1.947-.674h-1.673v5.193h1.623a2.563,2.563,0,0,0,2.022-.7Zm-.8-.7a1.416,1.416,0,0,1-1.1.4h-.674v-3.171h.6a1.628,1.628,0,0,1,1.2.424,1.707,1.707,0,0,1,.4,1.173,1.846,1.846,0,0,1-.424,1.173Z\" transform=\"translate(-153.554 -116.639)\" fill=\"#231f20\"><\/path><path id=\"Trazado_221\" data-name=\"Trazado 221\" d=\"M418.764,133.743v-1.024h-3.245v5.193h1.049v-2.047h2.072v-1h-2.072v-1.123Z\" transform=\"translate(-257.887 -117.174)\" fill=\"#231f20\"><\/path><path id=\"Trazado_222\" data-name=\"Trazado 222\" d=\"M162.25,10.078H147.172a1.566,1.566,0,0,0-1.573,1.573V30.074a1.566,1.566,0,0,0,1.573,1.573h3.47l-.949-.949h-2.5a.618.618,0,0,1-.624-.624V11.651a.618.618,0,0,1,.624-.624h15.1a.618.618,0,0,1,.624.624V30.074a.618.618,0,0,1-.624.624h-2.147l-.949.949h3.1a1.566,1.566,0,0,0,1.573-1.573V11.651a1.626,1.626,0,0,0-1.623-1.573Z\" transform=\"translate(0 0)\" fill=\"#231f20\"><\/path><path id=\"Trazado_222_-_Contorno\" data-name=\"Trazado 222 - Contorno\" d=\"M147.172,9.828H162.25a1.884,1.884,0,0,1,1.873,1.816V30.074A1.825,1.825,0,0,1,162.3,31.9h-3.7l1.449-1.449h2.25a.37.37,0,0,0,.374-.374V11.651a.37.37,0,0,0-.374-.374H147.2a.37.37,0,0,0-.374.374V30.074a.37.37,0,0,0,.374.374h2.6l1.449,1.449h-4.074a1.825,1.825,0,0,1-1.823-1.823V11.651A1.825,1.825,0,0,1,147.172,9.828Zm16.451,1.827a1.381,1.381,0,0,0-1.373-1.327H147.172a1.309,1.309,0,0,0-1.323,1.323V30.074a1.309,1.309,0,0,0,1.323,1.323h2.866l-.449-.449H147.2a.865.865,0,0,1-.874-.874V11.651a.865.865,0,0,1,.874-.874h15.1a.865.865,0,0,1,.874.874V30.074a.865.865,0,0,1-.874.874h-2.043l-.449.449H162.3a1.309,1.309,0,0,0,1.323-1.323Z\" transform=\"translate(0 0)\" fill=\"#231f20\"><\/path><path id=\"Trazado_223\" data-name=\"Trazado 223\" d=\"M237.268,311.739l-3.27-.025v-5.392H229.5v5.317l-3.27-.05,5.592,5.592Z\" transform=\"translate(-77.04 -283.037)\" fill=\"#231f20\"><\/path><\/g><\/svg>\t\t\t\t\t\t<\/span>\n\t\t\t\t\t\t\t\t\t\t<span class=\"elementor-icon-list-text\">folleto nous espais-universidad.pdf <\/span>\n\t\t\t\t\t\t\t\t\t\t\t<\/a>\n\t\t\t\t\t\t\t\t\t<\/li>\n\t\t\t\t\t\t<\/ul>\n\t\t\t\t\t\t<\/div>\n\t\t\t\t<\/div>\n\t\t\t\t\t<\/div>\n\t\t<\/div>\n\t\t\t\t\t<\/div>\n\t\t<\/section>\n\t\t\t\t<\/div>\n\t\t","protected":false},"excerpt":{"rendered":"<p>Conveni amb la Universitat Cat\u00f2lica \u00c9s un servicio p\u00fablic i gratu\u00eft que oferix Nous Espais Torrent, que t\u00e9 com a finalitat gestionar el lloguer de vivendes en la ciutat. Els propietaris de les vivendes posen a disposici\u00f3 d&#8217;esta ag\u00e8ncia els seus pisos i l&#8217;Ajuntament \u00e9s qui busca arrendatari i es preocupa de tots els tr\u00e0mits [&hellip;]<\/p>\n","protected":false},"author":1,"featured_media":0,"parent":0,"menu_order":0,"comment_status":"closed","ping_status":"closed","template":"elementor_header_footer","meta":{"_acf_changed":false,"footnotes":""},"class_list":["post-3678","page","type-page","status-publish","hentry"],"acf":[],"_links":{"self":[{"href":"https:\/\/nousespais.es\/va\/wp-json\/wp\/v2\/pages\/3678","targetHints":{"allow":["GET"]}}],"collection":[{"href":"https:\/\/nousespais.es\/va\/wp-json\/wp\/v2\/pages"}],"about":[{"href":"https:\/\/nousespais.es\/va\/wp-json\/wp\/v2\/types\/page"}],"author":[{"embeddable":true,"href":"https:\/\/nousespais.es\/va\/wp-json\/wp\/v2\/users\/1"}],"replies":[{"embeddable":true,"href":"https:\/\/nousespais.es\/va\/wp-json\/wp\/v2\/comments?post=3678"}],"version-history":[{"count":1,"href":"https:\/\/nousespais.es\/va\/wp-json\/wp\/v2\/pages\/3678\/revisions"}],"predecessor-version":[{"id":3679,"href":"https:\/\/nousespais.es\/va\/wp-json\/wp\/v2\/pages\/3678\/revisions\/3679"}],"wp:attachment":[{"href":"https:\/\/nousespais.es\/va\/wp-json\/wp\/v2\/media?parent=3678"}],"curies":[{"name":"wp","href":"https:\/\/api.w.org\/{rel}","templated":true}]}}