{"id":3685,"date":"2022-05-25T15:56:57","date_gmt":"2022-05-25T15:56:57","guid":{"rendered":"https:\/\/nousespais.es\/agencia-lloguer\/"},"modified":"2022-09-19T13:57:09","modified_gmt":"2022-09-19T13:57:09","slug":"agencia-lloguer","status":"publish","type":"page","link":"https:\/\/nousespais.es\/va\/agencia-lloguer\/","title":{"rendered":"Ag\u00e8ncia Lloguer"},"content":{"rendered":"\t\t<div data-elementor-type=\"wp-page\" data-elementor-id=\"3685\" class=\"elementor elementor-3685\" data-elementor-post-type=\"page\">\n\t\t\t\t\t\t<section class=\"elementor-section elementor-top-section elementor-element elementor-element-31f76f3 elementor-section-boxed elementor-section-height-default elementor-section-height-default\" data-id=\"31f76f3\" data-element_type=\"section\">\n\t\t\t\t\t\t<div class=\"elementor-container elementor-column-gap-default\">\n\t\t\t\t\t<div class=\"elementor-column elementor-col-100 elementor-top-column elementor-element elementor-element-555a38ef\" data-id=\"555a38ef\" data-element_type=\"column\">\n\t\t\t<div class=\"elementor-widget-wrap elementor-element-populated\">\n\t\t\t\t\t\t<div class=\"elementor-element elementor-element-37422c19 elementor-widget elementor-widget-heading\" data-id=\"37422c19\" data-element_type=\"widget\" data-widget_type=\"heading.default\">\n\t\t\t\t<div class=\"elementor-widget-container\">\n\t\t\t\t\t<h2 class=\"elementor-heading-title elementor-size-default\">Ag\u00e8ncia Lloguer<\/h2>\t\t\t\t<\/div>\n\t\t\t\t<\/div>\n\t\t\t\t<div class=\"elementor-element elementor-element-1af18673 elementor-widget elementor-widget-text-editor\" data-id=\"1af18673\" data-element_type=\"widget\" data-widget_type=\"text-editor.default\">\n\t\t\t\t<div class=\"elementor-widget-container\">\n\t\t\t\t\t\t\t\t\t<p><strong>Per a actualitzar una renda de lloguer segons l&#8217;IPC, punxe <a href=\"http:\/\/www.ine.es\/calcula\/\" target=\"_blank\" rel=\"noopener\">a\u00e7\u00ed.<\/a><\/strong><br>_______________________________________________<\/p><p>El foment del lloguer \u00e9s un element fonamental per a facilitar l&#8217;acc\u00e9s a la vivenda als ciutadans i en especial als j\u00f3vens i a sectors de poblaci\u00f3 amb pocs mitjans econ\u00f2mics.<\/p><p>L&#8217;Ag\u00e8ncia Municipal de Lloguer \u00e9s un servici de car\u00e0cter integral, que es presta a trav\u00e9s de Nous Espais Torrent, que interm\u00e8dia entre els propietaris de vivendes susceptibles de ser llogades i els futurs inquilins, prestant-los suport i assessorament professional, realitzant labors de mediaci\u00f3 si es produ\u00efxen desacords i aportant garanties a les parts si haguera incompliments.<\/p><p>_________________________________<\/p><p>Els <strong><em>PROPIETARIS<\/em><\/strong> que deixen les seues vivendes en la bossa, es beneficiaran d&#8217;un servici de gesti\u00f3 d&#8217;arrendaments que contempla els servicis seg\u00fcents:<\/p><ul><li>Busca i selecci\u00f3 d&#8217;inquilins.<\/li><li>Estudi de la situaci\u00f3 econ\u00f2mica dels inquilins (la seua capacitat de pagament per a fer front al pagament de la renda).<\/li><li>Elaboraci\u00f3 del contracte d&#8217;arrendament.<\/li><li>Garanties en cas d&#8217;impagament: segur d&#8217;impagament de lloguer que inclou el desdonament, la reclamaci\u00f3 de renda, avan\u00e7 de les mateixes i actes vand\u00e0lics.<\/li><li>Gesti\u00f3 de subministraments (aigua, llum, gas, etc.)<\/li><li>Conciliaci\u00f3 i mediaci\u00f3 del Servici en la resoluci\u00f3 dels conflictes que puguen sorgir amb els inquilins.<\/li><li>Suport per a sol\u00b7licitud d&#8217;ajudes de propietaris de vivendes de lloguer en mat\u00e8ria de rehabilitaci\u00f3 o les que puguen concedir-los les administracions.<\/li><li>Assessorament i gesti\u00f3, si \u00e9s el cas, del dep\u00f2sit de la fian\u00e7a de lloguer.<\/li><\/ul><p>Els <strong><em>INQUILINS<\/em><\/strong> que s&#8217;inscriguen en l&#8217;Ag\u00e8ncia Municipal de Lloguer, es beneficiaran de <strong>forma gratu\u00efta<\/strong>, d&#8217;un servici que contempla els seg\u00fcents avantatges i servicis:<\/p><ul><li>Busca de vivenda segons zona i preu requerit.<\/li><li>Servici d&#8217;orientaci\u00f3 sobre el mercat de lloguer en el municipi: preu per zones, servicis, transports, col\u00b7legis, etc.<\/li><li>Comprovaci\u00f3 de l&#8217;estat general de la vivenda: amb inventari detallat d&#8217;efectes i dossier de fotografies digitals.<\/li><li>Garantia del bon estat de la vivenda llogada: les vivendes disposen d&#8217;una asseguran\u00e7a de llar continent i de les certificacions que s&#8217;exigisquen en cada moment (novetat).<\/li><li>Conciliaci\u00f3 i mediaci\u00f3 en la resoluci\u00f3 dels conflictes que puguen sorgir amb els propietaris.<\/li><li>Informaci\u00f3 i suport en la tramitaci\u00f3 d&#8217;ajudes p\u00fabliques per a arrendataris de vivendes.<\/li><\/ul><p>_______________________________________________<\/p><p><strong>1. SERVICI INTEGRAL:<\/strong><br>Es tracta d&#8217;un servici d&#8217;informaci\u00f3, assessorament legal, econ\u00f2mic-fiscal, t\u00e8cnic i la gesti\u00f3 professionalitzada del lloguer.<\/p><p><strong>2. GESTI\u00d3 PROFESSIONALITZADA:<\/strong><br>El servici es presta per gent qualificada i amb una \u00e0mplia experi\u00e8ncia en el mercat immobiliari, este car\u00e0cter professional \u00e9s fonamental per a respondre a les exig\u00e8ncies de les parts i obtindre aix\u00ed la seua confian\u00e7a en el servici.<\/p><p><strong>3. GARANTIES:<\/strong><br>S&#8217;establix un sistema de garantia a trav\u00e9s d&#8217;una asseguran\u00e7a de cauci\u00f3 (impagament de renda) i si \u00e9s el cas multirisc de llar.<\/p><p><strong>4. CONSERVACI\u00d3 DE LA VIVENDA ARRENDADA:<\/strong><br>Es garantix un bon estat de les vivendes, a trav\u00e9s de diferents instruments: segur de llar i suport en la gesti\u00f3 de subvencions per a rehabilitaci\u00f3.<\/p><p><strong>5. INTERMEDIACI\u00d3 EN LA RESOLUCI\u00d3 DE CONFLICTES:<\/strong><br>S&#8217;establixen procediments formals i normalitzats de mediaci\u00f3 i resoluci\u00f3 de conflictes entre les parts del contracte.<\/p><p><strong>6. SUPORT EN LA TRAMITACI\u00d3 D&#8217;AJUDES I SUBVENCIONS:<\/strong><br>L&#8217;Ag\u00e8ncia Municipal de Lloguer, proporciona assessorament personalitzat i individual sobre totes les ajudes p\u00fabliques de foment de lloguer tant per als propietaris com per als inquilins.<\/p>\t\t\t\t\t\t\t\t<\/div>\n\t\t\t\t<\/div>\n\t\t\t\t<div class=\"elementor-element elementor-element-17966545 elementor-icon-list--layout-traditional elementor-list-item-link-full_width elementor-widget elementor-widget-icon-list\" data-id=\"17966545\" data-element_type=\"widget\" data-widget_type=\"icon-list.default\">\n\t\t\t\t<div class=\"elementor-widget-container\">\n\t\t\t\t\t\t\t<ul class=\"elementor-icon-list-items\">\n\t\t\t\t\t\t\t<li class=\"elementor-icon-list-item\">\n\t\t\t\t\t\t\t\t\t\t\t<a href=\"https:\/\/nousespais.detiendas.es\/wp-content\/uploads\/2022\/05\/documentacion-propietarios-agencia-alquiler.pdf\" target=\"_blank\">\n\n\t\t\t\t\t\t\t\t\t\t\t\t<span class=\"elementor-icon-list-icon\">\n\t\t\t\t\t\t\t<svg xmlns=\"http:\/\/www.w3.org\/2000\/svg\" width=\"18.774\" height=\"24.316\" viewBox=\"0 0 18.774 24.316\"><g id=\"noun-pdf-3071298\" transform=\"translate(-145.349 -9.828)\"><path id=\"Trazado_219\" data-name=\"Trazado 219\" d=\"M213.376,136.465a2.248,2.248,0,0,0,1.548-.449,1.744,1.744,0,0,0,.5-1.4,1.856,1.856,0,0,0-.5-1.423,2.274,2.274,0,0,0-1.573-.474h-1.673v5.193h1.049v-1.448Zm-.649-2.746h.6a1.3,1.3,0,0,1,.774.2.749.749,0,0,1,.25.649,1.033,1.033,0,0,1-.2.674.929.929,0,0,1-.724.225h-.7Z\" transform=\"translate(-63.133 -117.175)\" fill=\"#231f20\"><\/path><path id=\"Trazado_220\" data-name=\"Trazado 220\" d=\"M309.963,136.653a2.643,2.643,0,0,0,.649-1.922,2.591,2.591,0,0,0-.674-1.9,2.637,2.637,0,0,0-1.947-.674h-1.673v5.193h1.623a2.563,2.563,0,0,0,2.022-.7Zm-.8-.7a1.416,1.416,0,0,1-1.1.4h-.674v-3.171h.6a1.628,1.628,0,0,1,1.2.424,1.707,1.707,0,0,1,.4,1.173,1.846,1.846,0,0,1-.424,1.173Z\" transform=\"translate(-153.554 -116.639)\" fill=\"#231f20\"><\/path><path id=\"Trazado_221\" data-name=\"Trazado 221\" d=\"M418.764,133.743v-1.024h-3.245v5.193h1.049v-2.047h2.072v-1h-2.072v-1.123Z\" transform=\"translate(-257.887 -117.174)\" fill=\"#231f20\"><\/path><path id=\"Trazado_222\" data-name=\"Trazado 222\" d=\"M162.25,10.078H147.172a1.566,1.566,0,0,0-1.573,1.573V30.074a1.566,1.566,0,0,0,1.573,1.573h3.47l-.949-.949h-2.5a.618.618,0,0,1-.624-.624V11.651a.618.618,0,0,1,.624-.624h15.1a.618.618,0,0,1,.624.624V30.074a.618.618,0,0,1-.624.624h-2.147l-.949.949h3.1a1.566,1.566,0,0,0,1.573-1.573V11.651a1.626,1.626,0,0,0-1.623-1.573Z\" transform=\"translate(0 0)\" fill=\"#231f20\"><\/path><path id=\"Trazado_222_-_Contorno\" data-name=\"Trazado 222 - Contorno\" d=\"M147.172,9.828H162.25a1.884,1.884,0,0,1,1.873,1.816V30.074A1.825,1.825,0,0,1,162.3,31.9h-3.7l1.449-1.449h2.25a.37.37,0,0,0,.374-.374V11.651a.37.37,0,0,0-.374-.374H147.2a.37.37,0,0,0-.374.374V30.074a.37.37,0,0,0,.374.374h2.6l1.449,1.449h-4.074a1.825,1.825,0,0,1-1.823-1.823V11.651A1.825,1.825,0,0,1,147.172,9.828Zm16.451,1.827a1.381,1.381,0,0,0-1.373-1.327H147.172a1.309,1.309,0,0,0-1.323,1.323V30.074a1.309,1.309,0,0,0,1.323,1.323h2.866l-.449-.449H147.2a.865.865,0,0,1-.874-.874V11.651a.865.865,0,0,1,.874-.874h15.1a.865.865,0,0,1,.874.874V30.074a.865.865,0,0,1-.874.874h-2.043l-.449.449H162.3a1.309,1.309,0,0,0,1.323-1.323Z\" transform=\"translate(0 0)\" fill=\"#231f20\"><\/path><path id=\"Trazado_223\" data-name=\"Trazado 223\" d=\"M237.268,311.739l-3.27-.025v-5.392H229.5v5.317l-3.27-.05,5.592,5.592Z\" transform=\"translate(-77.04 -283.037)\" fill=\"#231f20\"><\/path><\/g><\/svg>\t\t\t\t\t\t<\/span>\n\t\t\t\t\t\t\t\t\t\t<span class=\"elementor-icon-list-text\">Documentacion propietarios - Agencia Alquiler.pdf <\/span>\n\t\t\t\t\t\t\t\t\t\t\t<\/a>\n\t\t\t\t\t\t\t\t\t<\/li>\n\t\t\t\t\t\t\t\t<li class=\"elementor-icon-list-item\">\n\t\t\t\t\t\t\t\t\t\t\t<a href=\"https:\/\/nousespais.detiendas.es\/wp-content\/uploads\/2022\/05\/solicitud-inquilinos-agencia-alquiler.pdf\" target=\"_blank\">\n\n\t\t\t\t\t\t\t\t\t\t\t\t<span class=\"elementor-icon-list-icon\">\n\t\t\t\t\t\t\t<svg xmlns=\"http:\/\/www.w3.org\/2000\/svg\" width=\"18.774\" height=\"24.316\" viewBox=\"0 0 18.774 24.316\"><g id=\"noun-pdf-3071298\" transform=\"translate(-145.349 -9.828)\"><path id=\"Trazado_219\" data-name=\"Trazado 219\" d=\"M213.376,136.465a2.248,2.248,0,0,0,1.548-.449,1.744,1.744,0,0,0,.5-1.4,1.856,1.856,0,0,0-.5-1.423,2.274,2.274,0,0,0-1.573-.474h-1.673v5.193h1.049v-1.448Zm-.649-2.746h.6a1.3,1.3,0,0,1,.774.2.749.749,0,0,1,.25.649,1.033,1.033,0,0,1-.2.674.929.929,0,0,1-.724.225h-.7Z\" transform=\"translate(-63.133 -117.175)\" fill=\"#231f20\"><\/path><path id=\"Trazado_220\" data-name=\"Trazado 220\" d=\"M309.963,136.653a2.643,2.643,0,0,0,.649-1.922,2.591,2.591,0,0,0-.674-1.9,2.637,2.637,0,0,0-1.947-.674h-1.673v5.193h1.623a2.563,2.563,0,0,0,2.022-.7Zm-.8-.7a1.416,1.416,0,0,1-1.1.4h-.674v-3.171h.6a1.628,1.628,0,0,1,1.2.424,1.707,1.707,0,0,1,.4,1.173,1.846,1.846,0,0,1-.424,1.173Z\" transform=\"translate(-153.554 -116.639)\" fill=\"#231f20\"><\/path><path id=\"Trazado_221\" data-name=\"Trazado 221\" d=\"M418.764,133.743v-1.024h-3.245v5.193h1.049v-2.047h2.072v-1h-2.072v-1.123Z\" transform=\"translate(-257.887 -117.174)\" fill=\"#231f20\"><\/path><path id=\"Trazado_222\" data-name=\"Trazado 222\" d=\"M162.25,10.078H147.172a1.566,1.566,0,0,0-1.573,1.573V30.074a1.566,1.566,0,0,0,1.573,1.573h3.47l-.949-.949h-2.5a.618.618,0,0,1-.624-.624V11.651a.618.618,0,0,1,.624-.624h15.1a.618.618,0,0,1,.624.624V30.074a.618.618,0,0,1-.624.624h-2.147l-.949.949h3.1a1.566,1.566,0,0,0,1.573-1.573V11.651a1.626,1.626,0,0,0-1.623-1.573Z\" transform=\"translate(0 0)\" fill=\"#231f20\"><\/path><path id=\"Trazado_222_-_Contorno\" data-name=\"Trazado 222 - Contorno\" d=\"M147.172,9.828H162.25a1.884,1.884,0,0,1,1.873,1.816V30.074A1.825,1.825,0,0,1,162.3,31.9h-3.7l1.449-1.449h2.25a.37.37,0,0,0,.374-.374V11.651a.37.37,0,0,0-.374-.374H147.2a.37.37,0,0,0-.374.374V30.074a.37.37,0,0,0,.374.374h2.6l1.449,1.449h-4.074a1.825,1.825,0,0,1-1.823-1.823V11.651A1.825,1.825,0,0,1,147.172,9.828Zm16.451,1.827a1.381,1.381,0,0,0-1.373-1.327H147.172a1.309,1.309,0,0,0-1.323,1.323V30.074a1.309,1.309,0,0,0,1.323,1.323h2.866l-.449-.449H147.2a.865.865,0,0,1-.874-.874V11.651a.865.865,0,0,1,.874-.874h15.1a.865.865,0,0,1,.874.874V30.074a.865.865,0,0,1-.874.874h-2.043l-.449.449H162.3a1.309,1.309,0,0,0,1.323-1.323Z\" transform=\"translate(0 0)\" fill=\"#231f20\"><\/path><path id=\"Trazado_223\" data-name=\"Trazado 223\" d=\"M237.268,311.739l-3.27-.025v-5.392H229.5v5.317l-3.27-.05,5.592,5.592Z\" transform=\"translate(-77.04 -283.037)\" fill=\"#231f20\"><\/path><\/g><\/svg>\t\t\t\t\t\t<\/span>\n\t\t\t\t\t\t\t\t\t\t<span class=\"elementor-icon-list-text\">Solicitud inquilinos - Agencia Alquiler.pdf <\/span>\n\t\t\t\t\t\t\t\t\t\t\t<\/a>\n\t\t\t\t\t\t\t\t\t<\/li>\n\t\t\t\t\t\t<\/ul>\n\t\t\t\t\t\t<\/div>\n\t\t\t\t<\/div>\n\t\t\t\t\t<\/div>\n\t\t<\/div>\n\t\t\t\t\t<\/div>\n\t\t<\/section>\n\t\t\t\t<\/div>\n\t\t","protected":false},"excerpt":{"rendered":"<p>Ag\u00e8ncia Lloguer Per a actualitzar una renda de lloguer segons l&#8217;IPC, punxe a\u00e7\u00ed._______________________________________________ El foment del lloguer \u00e9s un element fonamental per a facilitar l&#8217;acc\u00e9s a la vivenda als ciutadans i en especial als j\u00f3vens i a sectors de poblaci\u00f3 amb pocs mitjans econ\u00f2mics. L&#8217;Ag\u00e8ncia Municipal de Lloguer \u00e9s un servici de car\u00e0cter integral, que [&hellip;]<\/p>\n","protected":false},"author":1,"featured_media":0,"parent":0,"menu_order":0,"comment_status":"closed","ping_status":"closed","template":"elementor_header_footer","meta":{"_acf_changed":false,"footnotes":""},"class_list":["post-3685","page","type-page","status-publish","hentry"],"acf":[],"_links":{"self":[{"href":"https:\/\/nousespais.es\/va\/wp-json\/wp\/v2\/pages\/3685","targetHints":{"allow":["GET"]}}],"collection":[{"href":"https:\/\/nousespais.es\/va\/wp-json\/wp\/v2\/pages"}],"about":[{"href":"https:\/\/nousespais.es\/va\/wp-json\/wp\/v2\/types\/page"}],"author":[{"embeddable":true,"href":"https:\/\/nousespais.es\/va\/wp-json\/wp\/v2\/users\/1"}],"replies":[{"embeddable":true,"href":"https:\/\/nousespais.es\/va\/wp-json\/wp\/v2\/comments?post=3685"}],"version-history":[{"count":3,"href":"https:\/\/nousespais.es\/va\/wp-json\/wp\/v2\/pages\/3685\/revisions"}],"predecessor-version":[{"id":8131,"href":"https:\/\/nousespais.es\/va\/wp-json\/wp\/v2\/pages\/3685\/revisions\/8131"}],"wp:attachment":[{"href":"https:\/\/nousespais.es\/va\/wp-json\/wp\/v2\/media?parent=3685"}],"curies":[{"name":"wp","href":"https:\/\/api.w.org\/{rel}","templated":true}]}}