{"id":3692,"date":"2022-05-25T15:51:56","date_gmt":"2022-05-25T15:51:56","guid":{"rendered":"https:\/\/nousespais.es\/assessorament-juridic-vivenda\/"},"modified":"2022-05-30T09:48:53","modified_gmt":"2022-05-30T09:48:53","slug":"assessorament-juridic-vivenda","status":"publish","type":"page","link":"https:\/\/nousespais.es\/va\/assessorament-juridic-vivenda\/","title":{"rendered":"Assessorament Jur\u00eddic Vivenda"},"content":{"rendered":"\t\t<div data-elementor-type=\"wp-page\" data-elementor-id=\"3692\" class=\"elementor elementor-3692\" data-elementor-post-type=\"page\">\n\t\t\t\t\t\t<section class=\"elementor-section elementor-top-section elementor-element elementor-element-87c1b41 elementor-section-boxed elementor-section-height-default elementor-section-height-default\" data-id=\"87c1b41\" data-element_type=\"section\">\n\t\t\t\t\t\t<div class=\"elementor-container elementor-column-gap-default\">\n\t\t\t\t\t<div class=\"elementor-column elementor-col-100 elementor-top-column elementor-element elementor-element-acba04\" data-id=\"acba04\" data-element_type=\"column\">\n\t\t\t<div class=\"elementor-widget-wrap elementor-element-populated\">\n\t\t\t\t\t\t<div class=\"elementor-element elementor-element-1fda5ae4 elementor-widget elementor-widget-heading\" data-id=\"1fda5ae4\" data-element_type=\"widget\" data-widget_type=\"heading.default\">\n\t\t\t\t<div class=\"elementor-widget-container\">\n\t\t\t\t\t<h2 class=\"elementor-heading-title elementor-size-default\">Assessorament Jur\u00eddic Vivenda<\/h2>\t\t\t\t<\/div>\n\t\t\t\t<\/div>\n\t\t\t\t<div class=\"elementor-element elementor-element-2204739b elementor-widget elementor-widget-text-editor\" data-id=\"2204739b\" data-element_type=\"widget\" data-widget_type=\"text-editor.default\">\n\t\t\t\t<div class=\"elementor-widget-container\">\n\t\t\t\t\t\t\t\t\t<p>El Servici est\u00e0 dirigit als ciutadans de Torrent i es presta de forma gratu\u00efta per un llicenciat en dret en les oficines de l&#8217;Empresa Municipal NOUS ESPAIS TORRENT S.A., situades en Pla\u00e7a Major, 31. L&#8217;horari d&#8217;atenci\u00f3 per a este servici \u00e9s de dilluns a divendres de 9:00 a 14:00 hores.<\/p><p><strong><span style=\"text-decoration: underline;\">Objectius del Servici<\/span><\/strong><\/p><ul><li>Assessorament, informaci\u00f3 especialitzada, assist\u00e8ncia i orientaci\u00f3 jur\u00eddica en mat\u00e8ria de:<\/li><li>Lloguers de vivendes, incloent-hi contractes d&#8217;arrendaments per a \u00fas de vivenda, senyals, fiances, incid\u00e8ncies durant la vig\u00e8ncia del contracte en mat\u00e8ria d&#8217;habitabilitat, instal\u00b7lacions, danys, etc.<\/li><li>Propietat horitzontal, incloent-hi estatuts i r\u00e8gim anterior, negociacions extrajudicials entre la propietat i comunitat o la seua administraci\u00f3 en mat\u00e8ria de gastos generals, derrames, obres d&#8217;adequaci\u00f3, elements comuns etc\u2026<\/li><li>Trasmissions (compravendes, donacions) de la vivenda, incl\u00fas en l&#8217;aspecte fiscal (impost sobre transmissions patrimonials oneroses, impost sobre l&#8217;increment de valor dels terrenys de naturalesa urbana o plusv\u00e0lua municipal) costos i formalitats (notaria, registre, cadastre).<\/li><li>Consum, relacionats amb p\u00f2lisses d&#8217;asseguran\u00e7a de llar, subministrament i facturaci\u00f3 d&#8217;electricitat, gas, tel\u00e8fon, aigua, etc.<\/li><li>Contractes bancaris relacionats amb la vivenda.<\/li><\/ul><p><strong><span style=\"text-decoration: underline;\">Destinataris<\/span><\/strong><\/p><p>Va destinat a persones, fam\u00edlies o unitats convivenciales empadronades en Torrent.<\/p>\t\t\t\t\t\t\t\t<\/div>\n\t\t\t\t<\/div>\n\t\t\t\t\t<\/div>\n\t\t<\/div>\n\t\t\t\t\t<\/div>\n\t\t<\/section>\n\t\t\t\t<\/div>\n\t\t","protected":false},"excerpt":{"rendered":"<p>Assessorament Jur\u00eddic Vivenda El Servici est\u00e0 dirigit als ciutadans de Torrent i es presta de forma gratu\u00efta per un llicenciat en dret en les oficines de l&#8217;Empresa Municipal NOUS ESPAIS TORRENT S.A., situades en Pla\u00e7a Major, 31. L&#8217;horari d&#8217;atenci\u00f3 per a este servici \u00e9s de dilluns a divendres de 9:00 a 14:00 hores. Objectius del [&hellip;]<\/p>\n","protected":false},"author":1,"featured_media":0,"parent":0,"menu_order":0,"comment_status":"closed","ping_status":"closed","template":"elementor_header_footer","meta":{"_acf_changed":false,"footnotes":""},"class_list":["post-3692","page","type-page","status-publish","hentry"],"acf":[],"_links":{"self":[{"href":"https:\/\/nousespais.es\/va\/wp-json\/wp\/v2\/pages\/3692","targetHints":{"allow":["GET"]}}],"collection":[{"href":"https:\/\/nousespais.es\/va\/wp-json\/wp\/v2\/pages"}],"about":[{"href":"https:\/\/nousespais.es\/va\/wp-json\/wp\/v2\/types\/page"}],"author":[{"embeddable":true,"href":"https:\/\/nousespais.es\/va\/wp-json\/wp\/v2\/users\/1"}],"replies":[{"embeddable":true,"href":"https:\/\/nousespais.es\/va\/wp-json\/wp\/v2\/comments?post=3692"}],"version-history":[{"count":1,"href":"https:\/\/nousespais.es\/va\/wp-json\/wp\/v2\/pages\/3692\/revisions"}],"predecessor-version":[{"id":3693,"href":"https:\/\/nousespais.es\/va\/wp-json\/wp\/v2\/pages\/3692\/revisions\/3693"}],"wp:attachment":[{"href":"https:\/\/nousespais.es\/va\/wp-json\/wp\/v2\/media?parent=3692"}],"curies":[{"name":"wp","href":"https:\/\/api.w.org\/{rel}","templated":true}]}}