{"id":6680,"date":"2022-07-07T15:59:04","date_gmt":"2022-07-07T15:59:04","guid":{"rendered":"https:\/\/nousespais.es\/recursos-humans\/"},"modified":"2024-09-10T08:01:15","modified_gmt":"2024-09-10T08:01:15","slug":"recursos-humans","status":"publish","type":"page","link":"https:\/\/nousespais.es\/va\/recursos-humans\/","title":{"rendered":"Recursos Humans"},"content":{"rendered":"\t\t<div data-elementor-type=\"wp-page\" data-elementor-id=\"6680\" class=\"elementor elementor-6680\" data-elementor-post-type=\"page\">\n\t\t\t\t\t\t<section class=\"elementor-section elementor-top-section elementor-element elementor-element-34df2b65 elementor-section-boxed elementor-section-height-default elementor-section-height-default\" data-id=\"34df2b65\" data-element_type=\"section\">\n\t\t\t\t\t\t<div class=\"elementor-container elementor-column-gap-default\">\n\t\t\t\t\t<div class=\"elementor-column elementor-col-100 elementor-top-column elementor-element elementor-element-3a423a4d\" data-id=\"3a423a4d\" data-element_type=\"column\">\n\t\t\t<div class=\"elementor-widget-wrap elementor-element-populated\">\n\t\t\t\t\t\t<div class=\"elementor-element elementor-element-a3ce317 elementor-widget elementor-widget-text-editor\" data-id=\"a3ce317\" data-element_type=\"widget\" data-widget_type=\"text-editor.default\">\n\t\t\t\t<div class=\"elementor-widget-container\">\n\t\t\t\t\t\t\t\t\t<p><b><a style=\"background-color: #ffffff; color: #333366;\" href=\"https:\/\/nousespais.es\/wp-content\/uploads\/2024\/07\/C3-Normas-Generales-Selec-Person-CAST-1.pdf\" target=\"_blank\" rel=\"noopener\">Normes Generals d&#8217;aplicaci\u00f3 als procediments de selecci\u00f3 de personal de Nous Espais Torrent, S.A.U.\u00a0<\/a>polse\u00a0<\/b><a style=\"font-family: var( --e-global-typography-text-font-family ), Sans-serif; font-weight: var( --e-global-typography-text-font-weight ); background-color: #ffffff; font-size: 1rem;\" href=\"https:\/\/nousespais.es\/wp-content\/uploads\/2024\/07\/C3-Normes-Generals-Selec-Person-VAL.pdf\" target=\"_blank\" rel=\"noopener\">a\u00e7\u00ed<\/a><b><br \/><\/b><\/p><p><b><a style=\"background-color: #ffffff; color: #333366;\" href=\"https:\/\/nousespais.es\/wp-content\/uploads\/2024\/07\/C3-Bases-Generales-Bolsas-Trabajo-CAST.pdf\" target=\"_blank\" rel=\"noopener\">Bases Generals d&#8217;aplicaci\u00f3 que regir\u00e1n les Borses de Treball per a cobrir necesitats temporals de personal de Nous Espais Torrent, S.A.U.\u00a0<\/a>polse\u00a0<\/b><a style=\"font-family: var( --e-global-typography-text-font-family ), Sans-serif; font-weight: var( --e-global-typography-text-font-weight ); background-color: #ffffff; font-size: 1rem;\" href=\"https:\/\/nousespais.es\/wp-content\/uploads\/2024\/07\/C3-Bases-General-Borses-Treball-VAL.pdf\" target=\"_blank\" rel=\"noopener\">a\u00e7\u00ed<\/a><\/p>\t\t\t\t\t\t\t\t<\/div>\n\t\t\t\t<\/div>\n\t\t\t\t<div class=\"elementor-element elementor-element-6f7f514f elementor-widget elementor-widget-text-editor\" data-id=\"6f7f514f\" data-element_type=\"widget\" data-widget_type=\"text-editor.default\">\n\t\t\t\t<div class=\"elementor-widget-container\">\n\t\t\t\t\t\t\t\t\t\n<div id=\"footable_parent_46837\"\n         class=\" footable_parent ninja_table_wrapper loading_ninja_table wp_table_data_press_parent semantic_ui \">\n                <table data-ninja_table_instance=\"ninja_table_instance_0\" data-footable_id=\"46837\" data-filter-delay=\"1000\" aria-label=\"Recursos Humanos( Duplicate )\"            id=\"footable_46837\"\n           data-unique_identifier=\"ninja_table_unique_id_1529658817_46837\"\n           class=\" foo-table ninja_footable foo_table_46837 ninja_table_unique_id_1529658817_46837 ui table  nt_type_legacy_table selectable striped vertical_centered  footable-paging-right ninja_table_pro\">\n                <colgroup>\n                            <col class=\"ninja_column_0 \">\n                            <col class=\"ninja_column_1 \">\n                            <col class=\"ninja_column_2 \">\n                            <col class=\"ninja_column_3 \">\n                            <col class=\"ninja_column_4 \">\n                            <col class=\"ninja_column_5 \">\n                    <\/colgroup>\n        <thead>\n<tr class=\"footable-header\">\n                                                                                                        <th scope=\"col\"  class=\"ninja_column_0 ninja_clmn_nm_expediente \">Expediente<\/th><th scope=\"col\"  class=\"ninja_column_1 ninja_clmn_nm_publicaciones \">Publicaciones<\/th><th scope=\"col\"  class=\"ninja_column_2 ninja_clmn_nm_objeto \">Objecto<\/th><th scope=\"col\"  class=\"ninja_column_3 ninja_clmn_nm_tipo_de_contrato \">Tipo de contrato <\/th><th scope=\"col\"  class=\"ninja_column_4 ninja_clmn_nm_estado \">Estado<\/th><th scope=\"col\"  class=\"ninja_column_5 ninja_clmn_nm_posttitle \">Ver detalles<\/th><\/tr>\n<\/thead>\n<tbody>\n\n        <tr data-row_id=\"0\" class=\"ninja_table_row_0 nt_row_id_0\">\n            <td>16.01\/21.01\/25<\/td><td>Web Nous Espais Torrent<\/td><td><p>Borsa de treball servici de jardineria<\/p>\n<\/td><td>Recursos Humans <\/td><td>TANCAT<\/td><td><a  title=\"Borsa de treball servici de jardineria\" class=\"ninja_table_permalink\" href=\"https:\/\/nousespais.es\/va\/borsa-de-treball-servici-de-jardineria\/\">Borsa de treball servici de jardineria<\/a><\/td>        <\/tr>\n            <tr data-row_id=\"1\" class=\"ninja_table_row_1 nt_row_id_1\">\n            <td>16.01\/20.01\/24<\/td><td>Web Nous Espais Torrent i BOP <\/td><td><p>Convocat\u00f2ria d&#8217;ocupaci\u00f3 per a cobrir 7 llocs de treball de personal laboral jardiners\/es<\/p>\n<\/td><td>Recursos Humans <\/td><td>TANCAT<\/td><td><a  title=\"7 llocs personal laboral jardiners\/es\" class=\"ninja_table_permalink\" href=\"https:\/\/nousespais.es\/va\/7-llocs-personal-laboral-jardiners-es\/\">7 llocs personal laboral jardiners\/es<\/a><\/td>        <\/tr>\n            <tr data-row_id=\"2\" class=\"ninja_table_row_2 nt_row_id_2\">\n            <td>07.02\/22.01\/01\/16\t<\/td><td>Web Nous Espais Torrent <\/td><td><p>Convocat\u00f2ria d&#8217;ocupaci\u00f3 per a cobrir un lloc de treball de personal laboral indefinit d&#8217;arquitecte t\u00e8cnic <\/p>\n<\/td><td>Recursos Humans <\/td><td>TANCAT<\/td><td><a  title=\"Web Nous Espais\" class=\"ninja_table_permalink\" href=\"https:\/\/nousespais.es\/va\/web-nous-espais\/\">Web Nous Espais<\/a><\/td>        <\/tr>\n            <tr data-row_id=\"3\" class=\"ninja_table_row_3 nt_row_id_3\">\n            <td>07.02\/24.01\/01\/17\t<\/td><td>Oferta num. 962 Idea&#8217;t (torrent.portalemp.com) <\/td><td><p>1 Lloc de treball temporal d&#8217;auxiliar administratiu\/a <\/p>\n<\/td><td>Recursos Humans <\/td><td>TANCAT<\/td><td><a  title=\"Oferta num. 962 Idea\u00b4t\" class=\"ninja_table_permalink\" href=\"https:\/\/nousespais.es\/va\/oferta-num-962-ideat\/\">Oferta num. 962 Idea\u00b4t<\/a><\/td>        <\/tr>\n            <tr data-row_id=\"4\" class=\"ninja_table_row_4 nt_row_id_4\">\n            <td>07.02.01\/25.01\/01\/17<\/td><td>Web Nous Espais Torrent<\/td><td><p>Selecci\u00f3 de personal mitjan\u00e7ant Concurs p\u00fablic de 2 llocs d&#8217;operari Oficial 1\u00aa d&#8217;Oficis (Servicis M\u00faltiples) amb destinaci\u00f3 als servicis de manteniment de la societat<\/p>\n<\/td><td>Recursos Humans<\/td><td>TANCAT<\/td><td><a  title=\"Web Nous Espais Torrent\" class=\"ninja_table_permalink\" href=\"https:\/\/nousespais.es\/va\/web-nous-espais-torrent\/\">Web Nous Espais Torrent<\/a><\/td>        <\/tr>\n    <\/tbody><!--ninja_tobody_rendering_done-->\n    <\/table>\n    \n    \n    \n<\/div>\n\n\t\t\t\t\t\t\t\t<\/div>\n\t\t\t\t<\/div>\n\t\t\t\t\t<\/div>\n\t\t<\/div>\n\t\t\t\t\t<\/div>\n\t\t<\/section>\n\t\t\t\t<\/div>\n\t\t","protected":false},"excerpt":{"rendered":"<p>Normes Generals d&#8217;aplicaci\u00f3 als procediments de selecci\u00f3 de personal de Nous Espais Torrent, S.A.U.\u00a0polse\u00a0a\u00e7\u00ed Bases Generals d&#8217;aplicaci\u00f3 que regir\u00e1n les Borses de Treball per a cobrir necesitats temporals de personal de Nous Espais Torrent, S.A.U.\u00a0polse\u00a0a\u00e7\u00ed<\/p>\n","protected":false},"author":1,"featured_media":0,"parent":0,"menu_order":0,"comment_status":"closed","ping_status":"closed","template":"","meta":{"_acf_changed":false,"footnotes":""},"class_list":["post-6680","page","type-page","status-publish","hentry"],"acf":[],"_links":{"self":[{"href":"https:\/\/nousespais.es\/va\/wp-json\/wp\/v2\/pages\/6680","targetHints":{"allow":["GET"]}}],"collection":[{"href":"https:\/\/nousespais.es\/va\/wp-json\/wp\/v2\/pages"}],"about":[{"href":"https:\/\/nousespais.es\/va\/wp-json\/wp\/v2\/types\/page"}],"author":[{"embeddable":true,"href":"https:\/\/nousespais.es\/va\/wp-json\/wp\/v2\/users\/1"}],"replies":[{"embeddable":true,"href":"https:\/\/nousespais.es\/va\/wp-json\/wp\/v2\/comments?post=6680"}],"version-history":[{"count":11,"href":"https:\/\/nousespais.es\/va\/wp-json\/wp\/v2\/pages\/6680\/revisions"}],"predecessor-version":[{"id":77023,"href":"https:\/\/nousespais.es\/va\/wp-json\/wp\/v2\/pages\/6680\/revisions\/77023"}],"wp:attachment":[{"href":"https:\/\/nousespais.es\/va\/wp-json\/wp\/v2\/media?parent=6680"}],"curies":[{"name":"wp","href":"https:\/\/api.w.org\/{rel}","templated":true}]}}